{"id":20425,"date":"2025-12-30T11:56:39","date_gmt":"2025-12-30T08:56:39","guid":{"rendered":"https:\/\/ceoparts.com\/?post_type=product&#038;p=20425"},"modified":"2026-05-16T13:15:32","modified_gmt":"2026-05-16T10:15:32","slug":"jungheinrich-hidrolik-filtre-50453457","status":"publish","type":"product","link":"https:\/\/ceoparts.com\/de\/urun\/jungheinrich-hidrolik-filtre-50453457\/","title":{"rendered":"Jungheinrich Hydraulikfilter &#8211; 50453457"},"content":{"rendered":"<p>Jungheinrich Hydraulikfilter &#8211; 50453457<\/p>\n<p><\/p>\n<p style=\"text-align: left;\">ERD 220<br \/>\nEJC 110\/112<br \/>\nWP 10\/12<br \/>\nESD 120<br \/>\nESE 120<br \/>\nECE 220 HP AC<br \/>\nECE 310<br \/>\nECE 320<br \/>\nEJG 06-10<br \/>\nEJE 220r\/222r<br \/>\nEJC 110\/112<br \/>\nWP 10\/12<br \/>\nERE 225<br \/>\nEJE 116\/118\/120<br \/>\nEJE 220\/225<br \/>\nEJE 220\/225 (USA)<br \/>\nECE 320<br \/>\nEJC 110\/112<br \/>\nWP 10\/12<br \/>\nPW30 51080765 8.07 &#8211; 1<br \/>\n2WP6000<br \/>\nEJC 110\/112<br \/>\nWP 10\/12<br \/>\nECE 310<br \/>\nECE 225 HP<br \/>\nEZS 570<br \/>\nEJE 235<br \/>\nERE 225 KP<br \/>\nEJE 116n\/120n<br \/>\nESE 420\/430<br \/>\nERE 120n<br \/>\nEJC 110n\/112n<br \/>\nEZS 350\/ EZS C40<br \/>\nECE 320<br \/>\nESE 220\/3201<br \/>\nEKS 110 ZZ<br \/>\nESE 533<br \/>\nECE 220\/225<br \/>\nERE 120<br \/>\nEJE120N<br \/>\nERE 120n (NICHIYU)<br \/>\nEJC 110N, (NICHIYU)<br \/>\nECE 320<br \/>\nECE 310<br \/>\nECE 225 HP<br \/>\nEZS 350\/ EZS C40<br \/>\nEZS 130<br \/>\nECR 327\/336<br \/>\nPWR30\/40<br \/>\nECE 220\/225 (US)<br \/>\nECD 220<br \/>\nEJE 220r\/225r<br \/>\nEJE 230<br \/>\nERE 225a<br \/>\nECE 118<br \/>\nWR30\/WR40<br \/>\nEJR 120n<br \/>\nEKS 110 E<br \/>\nEKS 110 ZZ<br \/>\nEZS 570\/ 580\/ 590<br \/>\nEJR 120n (NICHIYU)<br \/>\nEJC B12N<br \/>\nEJE 116n\/120n<br \/>\nERE 120n<br \/>\nEJR 120n<br \/>\nEJC 110n\/112n<br \/>\nEJC B12N<br \/>\nEJE 222\/225<br \/>\nPW30P<br \/>\n2WP6000<br \/>\nESE 120<br \/>\nESD 120<br \/>\nEZS 130<br \/>\nEJE 230-235<\/p>\n<p>50453457<\/p>","protected":false},"excerpt":{"rendered":"<p data-start=\"1346\" data-end=\"1604\">Der <strong data-start=\"1350\" data-end=\"1382\">Jungheinrich Hydraulikfilter<\/strong> sorgt in Gabelstaplern f\u00fcr sauberes Hydraulik\u00f6l und sch\u00fctzt wichtige Komponenten wie Pumpe, Ventile und Zylinder. Durch die effektive Filterung von Schmutz- und Metallpartikeln wird die Lebensdauer des Systems verl\u00e4ngert.<\/p>\n<p data-start=\"1606\" data-end=\"1624\"><strong data-start=\"1606\" data-end=\"1624\">Eigenschaften:<\/strong><\/p>\n<ul data-start=\"1625\" data-end=\"1932\">\n<li data-start=\"1625\" data-end=\"1670\">\n<p data-start=\"1627\" data-end=\"1670\">Produktname: Jungheinrich Hydraulikfilter<\/p>\n<\/li>\n<li data-start=\"1671\" data-end=\"1711\">\n<p data-start=\"1673\" data-end=\"1711\">Teilenummer: Jungheinrich kompatibel<\/p>\n<\/li>\n<li data-start=\"1712\" data-end=\"1791\">\n<p data-start=\"1714\" data-end=\"1791\">Material: Hochleistungs-Filtermedium (Papier \/ Synthetik) mit Metallgeh\u00e4use<\/p>\n<\/li>\n<li data-start=\"1792\" data-end=\"1859\">\n<p data-start=\"1794\" data-end=\"1859\">Einsatzbereich: Hydrauliksysteme von Jungheinrich Gabelstaplern<\/p>\n<\/li>\n<li data-start=\"1860\" data-end=\"1932\">\n<p data-start=\"1862\" data-end=\"1932\">Vorteile: Hohe Filterleistung, Schutz der Hydraulik, lange Standzeit<\/p>\n<\/li>\n<\/ul>\n","protected":false},"featured_media":20428,"template":"","meta":[],"product_brand":[],"product_cat":[498,236,246,522,523],"product_tag":[],"class_list":{"0":"post-20425","1":"product","2":"type-product","3":"status-publish","4":"has-post-thumbnail","6":"product_cat-filtre-cesitleri","7":"product_cat-jungheinrich","8":"product_cat-linde","9":"product_cat-yedek-parca-jungheinrich","10":"product_cat-yedek-parca-linde","12":"first","13":"instock","14":"taxable","15":"shipping-taxable","16":"purchasable","17":"product-type-simple"},"_links":{"self":[{"href":"https:\/\/ceoparts.com\/de\/wp-json\/wp\/v2\/product\/20425","targetHints":{"allow":["GET"]}}],"collection":[{"href":"https:\/\/ceoparts.com\/de\/wp-json\/wp\/v2\/product"}],"about":[{"href":"https:\/\/ceoparts.com\/de\/wp-json\/wp\/v2\/types\/product"}],"wp:featuredmedia":[{"embeddable":true,"href":"https:\/\/ceoparts.com\/de\/wp-json\/wp\/v2\/media\/20428"}],"wp:attachment":[{"href":"https:\/\/ceoparts.com\/de\/wp-json\/wp\/v2\/media?parent=20425"}],"wp:term":[{"taxonomy":"product_brand","embeddable":true,"href":"https:\/\/ceoparts.com\/de\/wp-json\/wp\/v2\/product_brand?post=20425"},{"taxonomy":"product_cat","embeddable":true,"href":"https:\/\/ceoparts.com\/de\/wp-json\/wp\/v2\/product_cat?post=20425"},{"taxonomy":"product_tag","embeddable":true,"href":"https:\/\/ceoparts.com\/de\/wp-json\/wp\/v2\/product_tag?post=20425"}],"curies":[{"name":"wp","href":"https:\/\/api.w.org\/{rel}","templated":true}]}}