{"id":20482,"date":"2025-12-31T14:29:05","date_gmt":"2025-12-31T11:29:05","guid":{"rendered":"https:\/\/ceoparts.com\/?post_type=product&#038;p=20482"},"modified":"2026-05-18T00:07:56","modified_gmt":"2026-05-17T21:07:56","slug":"komur-seti-1065845","status":"publish","type":"product","link":"https:\/\/ceoparts.com\/de\/urun\/komur-seti-1065845\/","title":{"rendered":"Kohleb\u00fcrstensatz &#8211; 1065845"},"content":{"rendered":"<p>Kohleb\u00fcrstensatz &#8211; 1065845<\/p>","protected":false},"excerpt":{"rendered":"<p data-start=\"1313\" data-end=\"1597\">Der <strong data-start=\"1317\" data-end=\"1360\">Gabelstapler-Kohleb\u00fcrstensatz \u2013 1065845<\/strong> ist ein hochwertiges Ersatzteil, das f\u00fcr einen effizienten und st\u00f6rungsfreien Betrieb des Elektromotors in Gabelstaplern entwickelt wurde. Die verschlei\u00dffeste Konstruktion sorgt f\u00fcr eine lange Lebensdauer und eine stabile Motorleistung.<\/p>\n<p data-start=\"1599\" data-end=\"1617\"><strong data-start=\"1599\" data-end=\"1617\">Eigenschaften:<\/strong><\/p>\n<ul data-start=\"1618\" data-end=\"1897\">\n<li data-start=\"1618\" data-end=\"1674\">\n<p data-start=\"1620\" data-end=\"1674\">Produktname: Gabelstapler-Kohleb\u00fcrstensatz \u2013 1065845<\/p>\n<\/li>\n<li data-start=\"1675\" data-end=\"1699\">\n<p data-start=\"1677\" data-end=\"1699\">Teilenummer: 1065845<\/p>\n<\/li>\n<li data-start=\"1700\" data-end=\"1769\">\n<p data-start=\"1702\" data-end=\"1769\">Material: Hochleitf\u00e4hige Kohleb\u00fcrsten mit robuster Tr\u00e4gerstruktur<\/p>\n<\/li>\n<li data-start=\"1770\" data-end=\"1822\">\n<p data-start=\"1772\" data-end=\"1822\">Einsatzbereich: Elektromotoren von Gabelstaplern<\/p>\n<\/li>\n<li data-start=\"1823\" data-end=\"1897\">\n<p data-start=\"1825\" data-end=\"1897\">Vorteile: Lange Lebensdauer, konstante Motorleistung, einfache Montage<\/p>\n<\/li>\n<\/ul>\n","protected":false},"featured_media":20484,"template":"","meta":[],"product_brand":[],"product_cat":[470],"product_tag":[],"class_list":{"0":"post-20482","1":"product","2":"type-product","3":"status-publish","4":"has-post-thumbnail","6":"product_cat-diger-yedek-parcalar","8":"first","9":"instock","10":"taxable","11":"shipping-taxable","12":"purchasable","13":"product-type-simple"},"_links":{"self":[{"href":"https:\/\/ceoparts.com\/de\/wp-json\/wp\/v2\/product\/20482","targetHints":{"allow":["GET"]}}],"collection":[{"href":"https:\/\/ceoparts.com\/de\/wp-json\/wp\/v2\/product"}],"about":[{"href":"https:\/\/ceoparts.com\/de\/wp-json\/wp\/v2\/types\/product"}],"wp:featuredmedia":[{"embeddable":true,"href":"https:\/\/ceoparts.com\/de\/wp-json\/wp\/v2\/media\/20484"}],"wp:attachment":[{"href":"https:\/\/ceoparts.com\/de\/wp-json\/wp\/v2\/media?parent=20482"}],"wp:term":[{"taxonomy":"product_brand","embeddable":true,"href":"https:\/\/ceoparts.com\/de\/wp-json\/wp\/v2\/product_brand?post=20482"},{"taxonomy":"product_cat","embeddable":true,"href":"https:\/\/ceoparts.com\/de\/wp-json\/wp\/v2\/product_cat?post=20482"},{"taxonomy":"product_tag","embeddable":true,"href":"https:\/\/ceoparts.com\/de\/wp-json\/wp\/v2\/product_tag?post=20482"}],"curies":[{"name":"wp","href":"https:\/\/api.w.org\/{rel}","templated":true}]}}