{"id":20486,"date":"2025-12-31T14:40:48","date_gmt":"2025-12-31T11:40:48","guid":{"rendered":"https:\/\/ceoparts.com\/?post_type=product&#038;p=20486"},"modified":"2026-05-17T23:11:52","modified_gmt":"2026-05-17T20:11:52","slug":"20x118-jungheinrich-aks-mili-51506044","status":"publish","type":"product","link":"https:\/\/ceoparts.com\/de\/urun\/20x118-jungheinrich-aks-mili-51506044\/","title":{"rendered":"20&#215;118 Jungheinrich Achswelle &#8211; 51506044"},"content":{"rendered":"<p>20&#215;118 Jungheinrich Achswelle &#8211; 51506044<\/p>","protected":false},"excerpt":{"rendered":"<p data-start=\"1385\" data-end=\"1717\">Die <strong data-start=\"1389\" data-end=\"1433\">20\u00d7118 Jungheinrich Achswelle \u2013 51506044<\/strong> ist ein robustes Antriebsteil, das f\u00fcr eine sichere und gleichm\u00e4\u00dfige Kraft\u00fcbertragung in Jungheinrich-Gabelstaplern entwickelt wurde. Dank pr\u00e4ziser Ma\u00dftoleranzen arbeitet sie zuverl\u00e4ssig mit Achs- und Radsystemen zusammen und bietet eine lange Lebensdauer auch unter hoher Belastung.<\/p>\n<p data-start=\"1719\" data-end=\"1737\"><strong data-start=\"1719\" data-end=\"1737\">Eigenschaften:<\/strong><\/p>\n<ul data-start=\"1738\" data-end=\"2014\">\n<li data-start=\"1738\" data-end=\"1795\">\n<p data-start=\"1740\" data-end=\"1795\">Produktname: 20\u00d7118 Jungheinrich Achswelle \u2013 51506044<\/p>\n<\/li>\n<li data-start=\"1796\" data-end=\"1821\">\n<p data-start=\"1798\" data-end=\"1821\">Teilenummer: 51506044<\/p>\n<\/li>\n<li data-start=\"1822\" data-end=\"1848\">\n<p data-start=\"1824\" data-end=\"1848\">Abmessung: 20 \u00d7 118 mm<\/p>\n<\/li>\n<li data-start=\"1849\" data-end=\"1879\">\n<p data-start=\"1851\" data-end=\"1879\">Material: Hochfester Stahl<\/p>\n<\/li>\n<li data-start=\"1880\" data-end=\"1951\">\n<p data-start=\"1882\" data-end=\"1951\">Einsatzbereich: Achs- und Radsysteme von Jungheinrich-Gabelstaplern<\/p>\n<\/li>\n<li data-start=\"1952\" data-end=\"2014\">\n<p data-start=\"1954\" data-end=\"2014\">Vorteile: Hohe Belastbarkeit, passgenau, lange Lebensdauer<\/p>\n<\/li>\n<\/ul>\n","protected":false},"featured_media":20489,"template":"","meta":[],"product_brand":[],"product_cat":[467,236,522],"product_tag":[],"class_list":{"0":"post-20486","1":"product","2":"type-product","3":"status-publish","4":"has-post-thumbnail","6":"product_cat-mil-grubu","7":"product_cat-jungheinrich","8":"product_cat-yedek-parca-jungheinrich","10":"first","11":"instock","12":"taxable","13":"shipping-taxable","14":"purchasable","15":"product-type-simple"},"_links":{"self":[{"href":"https:\/\/ceoparts.com\/de\/wp-json\/wp\/v2\/product\/20486","targetHints":{"allow":["GET"]}}],"collection":[{"href":"https:\/\/ceoparts.com\/de\/wp-json\/wp\/v2\/product"}],"about":[{"href":"https:\/\/ceoparts.com\/de\/wp-json\/wp\/v2\/types\/product"}],"wp:featuredmedia":[{"embeddable":true,"href":"https:\/\/ceoparts.com\/de\/wp-json\/wp\/v2\/media\/20489"}],"wp:attachment":[{"href":"https:\/\/ceoparts.com\/de\/wp-json\/wp\/v2\/media?parent=20486"}],"wp:term":[{"taxonomy":"product_brand","embeddable":true,"href":"https:\/\/ceoparts.com\/de\/wp-json\/wp\/v2\/product_brand?post=20486"},{"taxonomy":"product_cat","embeddable":true,"href":"https:\/\/ceoparts.com\/de\/wp-json\/wp\/v2\/product_cat?post=20486"},{"taxonomy":"product_tag","embeddable":true,"href":"https:\/\/ceoparts.com\/de\/wp-json\/wp\/v2\/product_tag?post=20486"}],"curies":[{"name":"wp","href":"https:\/\/api.w.org\/{rel}","templated":true}]}}