{"id":20491,"date":"2025-12-31T15:03:36","date_gmt":"2025-12-31T12:03:36","guid":{"rendered":"https:\/\/ceoparts.com\/?post_type=product&#038;p=20491"},"modified":"2026-05-17T21:48:41","modified_gmt":"2026-05-17T18:48:41","slug":"bt-yuruyus-motor-komuru-164206","status":"publish","type":"product","link":"https:\/\/ceoparts.com\/de\/urun\/bt-yuruyus-motor-komuru-164206\/","title":{"rendered":"BT Fahrmotor-Kohleb\u00fcrste &#8211; 164206"},"content":{"rendered":"<p>BT Fahrmotor-Kohleb\u00fcrste &#8211; 164206<\/p>","protected":false},"excerpt":{"rendered":"<p data-start=\"1233\" data-end=\"1501\">Die <strong data-start=\"1237\" data-end=\"1274\">BT Fahrmotor-Kohleb\u00fcrste \u2013 164206<\/strong> wird in Gabelstaplern eingesetzt, um eine zuverl\u00e4ssige und unterbrechungsfreie Strom\u00fcbertragung im Fahrmotor sicherzustellen. Die verschlei\u00dffeste Kohlekonstruktion erh\u00e4lt die Motorleistung und sorgt f\u00fcr eine lange Lebensdauer.<\/p>\n<p data-start=\"1503\" data-end=\"1521\"><strong data-start=\"1503\" data-end=\"1521\">Eigenschaften:<\/strong><\/p>\n<ul data-start=\"1522\" data-end=\"1766\">\n<li data-start=\"1522\" data-end=\"1572\">\n<p data-start=\"1524\" data-end=\"1572\">Produktname: BT Fahrmotor-Kohleb\u00fcrste \u2013 164206<\/p>\n<\/li>\n<li data-start=\"1573\" data-end=\"1596\">\n<p data-start=\"1575\" data-end=\"1596\">Teilenummer: 164206<\/p>\n<\/li>\n<li data-start=\"1597\" data-end=\"1637\">\n<p data-start=\"1599\" data-end=\"1637\">Material: Hochleitf\u00e4hige Kohleb\u00fcrste<\/p>\n<\/li>\n<li data-start=\"1638\" data-end=\"1690\">\n<p data-start=\"1640\" data-end=\"1690\">Einsatzbereich: BT Fahrmotoren von Gabelstaplern<\/p>\n<\/li>\n<li data-start=\"1691\" data-end=\"1766\">\n<p data-start=\"1693\" data-end=\"1766\">Vorteile: Stabile Strom\u00fcbertragung, lange Lebensdauer, einfache Montage<\/p>\n<\/li>\n<\/ul>\n","protected":false},"featured_media":20493,"template":"","meta":[],"product_brand":[],"product_cat":[470,251,518],"product_tag":[],"class_list":{"0":"post-20491","1":"product","2":"type-product","3":"status-publish","4":"has-post-thumbnail","6":"product_cat-diger-yedek-parcalar","7":"product_cat-bt","8":"product_cat-yedek-parca-bt","10":"first","11":"instock","12":"taxable","13":"shipping-taxable","14":"purchasable","15":"product-type-simple"},"_links":{"self":[{"href":"https:\/\/ceoparts.com\/de\/wp-json\/wp\/v2\/product\/20491","targetHints":{"allow":["GET"]}}],"collection":[{"href":"https:\/\/ceoparts.com\/de\/wp-json\/wp\/v2\/product"}],"about":[{"href":"https:\/\/ceoparts.com\/de\/wp-json\/wp\/v2\/types\/product"}],"wp:featuredmedia":[{"embeddable":true,"href":"https:\/\/ceoparts.com\/de\/wp-json\/wp\/v2\/media\/20493"}],"wp:attachment":[{"href":"https:\/\/ceoparts.com\/de\/wp-json\/wp\/v2\/media?parent=20491"}],"wp:term":[{"taxonomy":"product_brand","embeddable":true,"href":"https:\/\/ceoparts.com\/de\/wp-json\/wp\/v2\/product_brand?post=20491"},{"taxonomy":"product_cat","embeddable":true,"href":"https:\/\/ceoparts.com\/de\/wp-json\/wp\/v2\/product_cat?post=20491"},{"taxonomy":"product_tag","embeddable":true,"href":"https:\/\/ceoparts.com\/de\/wp-json\/wp\/v2\/product_tag?post=20491"}],"curies":[{"name":"wp","href":"https:\/\/api.w.org\/{rel}","templated":true}]}}