{"id":20655,"date":"2026-01-05T13:54:20","date_gmt":"2026-01-05T10:54:20","guid":{"rendered":"https:\/\/ceoparts.com\/?post_type=product&#038;p=20655"},"modified":"2026-04-11T21:10:12","modified_gmt":"2026-04-11T18:10:12","slug":"jungheinrich-amortisor-51480150-813096","status":"publish","type":"product","link":"https:\/\/ceoparts.com\/de\/urun\/jungheinrich-amortisor-51480150-813096\/","title":{"rendered":"Jungheinrich Sto\u00dfd\u00e4mpfer &#8211; 51480150-813096"},"content":{"rendered":"<p>Jungheinrich Sto\u00dfd\u00e4mpfer &#8211; 51480150-813096<\/p>","protected":false},"excerpt":{"rendered":"<p>Jungheinrich Sto\u00dfd\u00e4mpfer &#8211; 51480150-813096<\/p>\n","protected":false},"featured_media":20670,"template":"","meta":[],"product_brand":[],"product_cat":[497,236,522],"product_tag":[],"class_list":{"0":"post-20655","1":"product","2":"type-product","3":"status-publish","4":"has-post-thumbnail","6":"product_cat-amortisor-grubu","7":"product_cat-jungheinrich","8":"product_cat-yedek-parca-jungheinrich","10":"first","11":"instock","12":"taxable","13":"shipping-taxable","14":"purchasable","15":"product-type-simple"},"_links":{"self":[{"href":"https:\/\/ceoparts.com\/de\/wp-json\/wp\/v2\/product\/20655","targetHints":{"allow":["GET"]}}],"collection":[{"href":"https:\/\/ceoparts.com\/de\/wp-json\/wp\/v2\/product"}],"about":[{"href":"https:\/\/ceoparts.com\/de\/wp-json\/wp\/v2\/types\/product"}],"wp:featuredmedia":[{"embeddable":true,"href":"https:\/\/ceoparts.com\/de\/wp-json\/wp\/v2\/media\/20670"}],"wp:attachment":[{"href":"https:\/\/ceoparts.com\/de\/wp-json\/wp\/v2\/media?parent=20655"}],"wp:term":[{"taxonomy":"product_brand","embeddable":true,"href":"https:\/\/ceoparts.com\/de\/wp-json\/wp\/v2\/product_brand?post=20655"},{"taxonomy":"product_cat","embeddable":true,"href":"https:\/\/ceoparts.com\/de\/wp-json\/wp\/v2\/product_cat?post=20655"},{"taxonomy":"product_tag","embeddable":true,"href":"https:\/\/ceoparts.com\/de\/wp-json\/wp\/v2\/product_tag?post=20655"}],"curies":[{"name":"wp","href":"https:\/\/api.w.org\/{rel}","templated":true}]}}