{"id":20919,"date":"2026-01-28T15:39:45","date_gmt":"2026-01-28T12:39:45","guid":{"rendered":"https:\/\/ceoparts.com\/?post_type=product&#038;p=20919"},"modified":"2026-05-03T05:36:39","modified_gmt":"2026-05-03T02:36:39","slug":"80x70-17-beyaz-poliamid-transpalet-yuk-tekeri","status":"publish","type":"product","link":"https:\/\/ceoparts.com\/de\/urun\/80x70-17-beyaz-poliamid-transpalet-yuk-tekeri\/","title":{"rendered":"80&#215;70-17 Wei\u00dfes Polyamid-Palettenwagenrad"},"content":{"rendered":"<p>80&#215;70-17 Wei\u00dfes Polyamid-Palettenwagenrad<\/p>\n<p>80&#215;70-17 Wei\u00dfes Polyamid-Palettenwagenrad<\/p>\n<p><\/p>","protected":false},"excerpt":{"rendered":"<p data-start=\"1400\" data-end=\"1729\">Das langlebige und leistungsstarke 80&#215;70-17 Wei\u00dfe Polyamid-Hubwagenrad gew\u00e4hrleistet einen ger\u00e4uscharmen und langlebigen Einsatz in Hubwagen. Dank des hochwertigen Polyamidmaterials ist es verschlei\u00dffest, sto\u00dfbest\u00e4ndig und bietet eine ausgezeichnete Laufeigenschaft auf industriellen B\u00f6den. Ideal f\u00fcr den intensiven Dauereinsatz.<\/p>\n<p data-start=\"1731\" data-end=\"1950\"><strong data-start=\"1731\" data-end=\"1749\">Eigenschaften:<\/strong><br data-start=\"1749\" data-end=\"1752\" \/>Abmessung: 80&#215;70-17 mm<br data-start=\"1774\" data-end=\"1777\" \/>Farbe: Wei\u00df<br data-start=\"1788\" data-end=\"1791\" \/>Material: Hochwertiges Polyamid<br data-start=\"1822\" data-end=\"1825\" \/>Kompatibilit\u00e4t: Geeignet f\u00fcr die meisten Hubwagenmodelle<br data-start=\"1881\" data-end=\"1884\" \/>Vorteile: Geringer Wartungsaufwand, lange Lebensdauer, leiser Lauf<\/p>\n","protected":false},"featured_media":20913,"template":"","meta":[],"product_brand":[],"product_cat":[541,539],"product_tag":[],"class_list":{"0":"post-20919","1":"product","2":"type-product","3":"status-publish","4":"has-post-thumbnail","6":"product_cat-poliamid-transpalet-tekeri","7":"product_cat-transpalet-tekeri","9":"first","10":"instock","11":"taxable","12":"shipping-taxable","13":"purchasable","14":"product-type-simple"},"_links":{"self":[{"href":"https:\/\/ceoparts.com\/de\/wp-json\/wp\/v2\/product\/20919","targetHints":{"allow":["GET"]}}],"collection":[{"href":"https:\/\/ceoparts.com\/de\/wp-json\/wp\/v2\/product"}],"about":[{"href":"https:\/\/ceoparts.com\/de\/wp-json\/wp\/v2\/types\/product"}],"wp:featuredmedia":[{"embeddable":true,"href":"https:\/\/ceoparts.com\/de\/wp-json\/wp\/v2\/media\/20913"}],"wp:attachment":[{"href":"https:\/\/ceoparts.com\/de\/wp-json\/wp\/v2\/media?parent=20919"}],"wp:term":[{"taxonomy":"product_brand","embeddable":true,"href":"https:\/\/ceoparts.com\/de\/wp-json\/wp\/v2\/product_brand?post=20919"},{"taxonomy":"product_cat","embeddable":true,"href":"https:\/\/ceoparts.com\/de\/wp-json\/wp\/v2\/product_cat?post=20919"},{"taxonomy":"product_tag","embeddable":true,"href":"https:\/\/ceoparts.com\/de\/wp-json\/wp\/v2\/product_tag?post=20919"}],"curies":[{"name":"wp","href":"https:\/\/api.w.org\/{rel}","templated":true}]}}