{"id":21007,"date":"2026-02-14T11:33:59","date_gmt":"2026-02-14T08:33:59","guid":{"rendered":"https:\/\/ceoparts.com\/?post_type=product&#038;p=21007"},"modified":"2026-04-08T15:31:18","modified_gmt":"2026-04-08T12:31:18","slug":"140-55-9s-continental-siyah-dolgu-lastik","status":"publish","type":"product","link":"https:\/\/ceoparts.com\/de\/urun\/140-55-9s-continental-siyah-dolgu-lastik\/","title":{"rendered":"140\/55-9 Continental Schwarzer Gabelstapler Vollgummireifen"},"content":{"rendered":"<p>140\/55-9 Continental Schwarzer Gabelstapler Vollgummireifen<\/p>\n<p><\/p>","protected":false},"excerpt":{"rendered":"<p data-start=\"1586\" data-end=\"2005\"><strong data-start=\"1586\" data-end=\"1615\">Spurfreie Vollgummireifen<\/strong><br data-start=\"1615\" data-end=\"1618\" \/>Spurfreie Vollgummi-Staplerreifen werden besonders in Innenbereichen wie Lebensmittel-, Pharma- und Logistikzentren eingesetzt, in denen saubere B\u00f6den erforderlich sind. Dank ihrer speziellen Gummimischung ohne Ru\u00df hinterlassen sie keine Spuren auf dem Boden und sorgen f\u00fcr eine saubere Arbeitsumgebung. Sie bieten stabile Fahreigenschaften, geringe Vibrationen und sichere Lastaufnahme.<\/p>\n<p data-start=\"2007\" data-end=\"2379\"><strong data-start=\"2007\" data-end=\"2035\">Schwarze Vollgummireifen<\/strong><br data-start=\"2035\" data-end=\"2038\" \/>Schwarze Vollgummi-Staplerreifen enthalten Ru\u00df, der f\u00fcr hohe Verschlei\u00dffestigkeit, lange Lebensdauer und starke Leistung unter schweren Lasten sorgt. Aufgrund des Ru\u00dfanteils k\u00f6nnen sie jedoch schwarze Spuren auf dem Boden hinterlassen. Dank ihrer Robustheit und Kosteneffizienz werden sie h\u00e4ufig in Lager- und Industrieumgebungen eingesetzt.<\/p>\n<p data-start=\"2381\" data-end=\"2404\"><strong data-start=\"2381\" data-end=\"2404\">\u2193 Farbe ausw\u00e4hlen \u2193<\/strong><\/p>\n","protected":false},"featured_media":21011,"template":"","meta":[],"product_brand":[],"product_cat":[516,536],"product_tag":[],"class_list":{"0":"post-21007","1":"product","2":"type-product","3":"status-publish","4":"has-post-thumbnail","6":"product_cat-dolgu-lastikler","7":"product_cat-siyah-dolgu-lstikler","9":"first","10":"instock","11":"taxable","12":"shipping-taxable","13":"purchasable","14":"product-type-variable"},"_links":{"self":[{"href":"https:\/\/ceoparts.com\/de\/wp-json\/wp\/v2\/product\/21007","targetHints":{"allow":["GET"]}}],"collection":[{"href":"https:\/\/ceoparts.com\/de\/wp-json\/wp\/v2\/product"}],"about":[{"href":"https:\/\/ceoparts.com\/de\/wp-json\/wp\/v2\/types\/product"}],"wp:featuredmedia":[{"embeddable":true,"href":"https:\/\/ceoparts.com\/de\/wp-json\/wp\/v2\/media\/21011"}],"wp:attachment":[{"href":"https:\/\/ceoparts.com\/de\/wp-json\/wp\/v2\/media?parent=21007"}],"wp:term":[{"taxonomy":"product_brand","embeddable":true,"href":"https:\/\/ceoparts.com\/de\/wp-json\/wp\/v2\/product_brand?post=21007"},{"taxonomy":"product_cat","embeddable":true,"href":"https:\/\/ceoparts.com\/de\/wp-json\/wp\/v2\/product_cat?post=21007"},{"taxonomy":"product_tag","embeddable":true,"href":"https:\/\/ceoparts.com\/de\/wp-json\/wp\/v2\/product_tag?post=21007"}],"curies":[{"name":"wp","href":"https:\/\/api.w.org\/{rel}","templated":true}]}}