{"id":21012,"date":"2026-02-16T14:25:13","date_gmt":"2026-02-16T11:25:13","guid":{"rendered":"https:\/\/ceoparts.com\/?post_type=product&#038;p=21012"},"modified":"2026-04-08T17:12:54","modified_gmt":"2026-04-08T14:12:54","slug":"380x192-rader-vogel-yuk-tekeri-51334553","status":"publish","type":"product","link":"https:\/\/ceoparts.com\/de\/urun\/380x192-rader-vogel-yuk-tekeri-51334553\/","title":{"rendered":"380&#215;192 Rader Vogel Lastrolle &#8211; 51334553"},"content":{"rendered":"<p>380&#215;192 Rader Vogel Lastrolle &#8211; 51334553<\/p>","protected":false},"excerpt":{"rendered":"<p data-start=\"242\" data-end=\"400\">Dieses polyurethanbeschichtete Lastrollenrad in der Gr\u00f6\u00dfe 380\u00d7192 ist f\u00fcr den schweren Einsatz in Jungheinrich Reach Trucks und Schmalgangstaplern konzipiert.<\/p>\n<p data-start=\"402\" data-end=\"630\">Dank der hohen Tragf\u00e4higkeit und der breiten Lauffl\u00e4che bietet es maximale Stabilit\u00e4t bei schweren Lasten. Die Stahlfelge mit integriertem Lager sorgt f\u00fcr eine lange Lebensdauer, leisen Lauf und spurlosen Betrieb auf Lagerb\u00f6den.<\/p>\n<p data-start=\"632\" data-end=\"760\">Insbesondere bei Hochhub-Lagerfahrzeugen gew\u00e4hrleistet es eine gleichm\u00e4\u00dfige Lastverteilung und verbessert die Maschinenleistung.<\/p>\n<p data-start=\"762\" data-end=\"797\"><strong data-start=\"762\" data-end=\"797\">Kompatible Jungheinrich Serien:<\/strong><\/p>\n<ul data-start=\"799\" data-end=\"921\">\n<li data-start=\"799\" data-end=\"866\">\n<p data-start=\"801\" data-end=\"866\">ETV Reach Truck Serie (214 \/ 216 \/ 318 \/ 320 \/ 325 \/ 327 \/ 330)<\/p>\n<\/li>\n<li data-start=\"867\" data-end=\"891\">\n<p data-start=\"869\" data-end=\"891\">EKX Schmalgang-Serie<\/p>\n<\/li>\n<li data-start=\"892\" data-end=\"921\">\n<p data-start=\"894\" data-end=\"921\">Schwerlast-Lagerfahrzeuge<\/p>\n<\/li>\n<\/ul>\n","protected":false},"featured_media":21015,"template":"","meta":[],"product_brand":[],"product_cat":[194],"product_tag":[],"class_list":{"0":"post-21012","1":"product","2":"type-product","3":"status-publish","4":"has-post-thumbnail","6":"product_cat-yuk-tekeri","8":"first","9":"instock","10":"taxable","11":"shipping-taxable","12":"purchasable","13":"product-type-simple"},"_links":{"self":[{"href":"https:\/\/ceoparts.com\/de\/wp-json\/wp\/v2\/product\/21012","targetHints":{"allow":["GET"]}}],"collection":[{"href":"https:\/\/ceoparts.com\/de\/wp-json\/wp\/v2\/product"}],"about":[{"href":"https:\/\/ceoparts.com\/de\/wp-json\/wp\/v2\/types\/product"}],"wp:featuredmedia":[{"embeddable":true,"href":"https:\/\/ceoparts.com\/de\/wp-json\/wp\/v2\/media\/21015"}],"wp:attachment":[{"href":"https:\/\/ceoparts.com\/de\/wp-json\/wp\/v2\/media?parent=21012"}],"wp:term":[{"taxonomy":"product_brand","embeddable":true,"href":"https:\/\/ceoparts.com\/de\/wp-json\/wp\/v2\/product_brand?post=21012"},{"taxonomy":"product_cat","embeddable":true,"href":"https:\/\/ceoparts.com\/de\/wp-json\/wp\/v2\/product_cat?post=21012"},{"taxonomy":"product_tag","embeddable":true,"href":"https:\/\/ceoparts.com\/de\/wp-json\/wp\/v2\/product_tag?post=21012"}],"curies":[{"name":"wp","href":"https:\/\/api.w.org\/{rel}","templated":true}]}}