{"id":21100,"date":"2026-03-02T16:23:05","date_gmt":"2026-03-02T13:23:05","guid":{"rendered":"https:\/\/ceoparts.com\/?post_type=product&#038;p=21100"},"modified":"2026-05-02T19:25:17","modified_gmt":"2026-05-02T16:25:17","slug":"valfli-disi-hizli-baglanti-jaki-kaplin-10mm","status":"publish","type":"product","link":"https:\/\/ceoparts.com\/de\/urun\/valfli-disi-hizli-baglanti-jaki-kaplin-10mm\/","title":{"rendered":"Weibliche Schnellkupplung Mit Ventil &#8211; 10Mm"},"content":{"rendered":"<p>Weibliche Schnellkupplung Mit Ventil &#8211; 10Mm<\/p>","protected":false},"excerpt":{"rendered":"<p data-start=\"916\" data-end=\"1126\">Das weibliche Kupplungsteil ist f\u00fcr die Kompatibilit\u00e4t mit Aquamatik-Wasserbef\u00fcllsystemen und Aquamatic-Batteriebef\u00fcllsystemen ausgelegt. Es wird standardm\u00e4\u00dfig auf der Wasserbeh\u00e4lter-Anschlussseite verwendet.<\/p>\n<p data-start=\"1128\" data-end=\"1210\">Geeignet f\u00fcr 6 mm oder 10 mm Wasserschlauchanschl\u00fcsse.<br data-start=\"1182\" data-end=\"1185\" \/>Hergestellt von Fr\u00f6tek.<\/p>\n<p data-start=\"1212\" data-end=\"1348\">Es wird empfohlen, die Kompatibilit\u00e4t mit Ihrem Ger\u00e4t vor der Bestellung zu pr\u00fcfen. Bei Bedarf kann Unterst\u00fctzung bereitgestellt werden.<\/p>\n","protected":false},"featured_media":21102,"template":"","meta":[],"product_brand":[],"product_cat":[443,442],"product_tag":[],"class_list":{"0":"post-21100","1":"product","2":"type-product","3":"status-publish","4":"has-post-thumbnail","6":"product_cat-aku-parcalari","7":"product_cat-aku-yedek-parcalari","9":"first","10":"instock","11":"taxable","12":"shipping-taxable","13":"purchasable","14":"product-type-simple"},"_links":{"self":[{"href":"https:\/\/ceoparts.com\/de\/wp-json\/wp\/v2\/product\/21100","targetHints":{"allow":["GET"]}}],"collection":[{"href":"https:\/\/ceoparts.com\/de\/wp-json\/wp\/v2\/product"}],"about":[{"href":"https:\/\/ceoparts.com\/de\/wp-json\/wp\/v2\/types\/product"}],"wp:featuredmedia":[{"embeddable":true,"href":"https:\/\/ceoparts.com\/de\/wp-json\/wp\/v2\/media\/21102"}],"wp:attachment":[{"href":"https:\/\/ceoparts.com\/de\/wp-json\/wp\/v2\/media?parent=21100"}],"wp:term":[{"taxonomy":"product_brand","embeddable":true,"href":"https:\/\/ceoparts.com\/de\/wp-json\/wp\/v2\/product_brand?post=21100"},{"taxonomy":"product_cat","embeddable":true,"href":"https:\/\/ceoparts.com\/de\/wp-json\/wp\/v2\/product_cat?post=21100"},{"taxonomy":"product_tag","embeddable":true,"href":"https:\/\/ceoparts.com\/de\/wp-json\/wp\/v2\/product_tag?post=21100"}],"curies":[{"name":"wp","href":"https:\/\/api.w.org\/{rel}","templated":true}]}}