{"id":21109,"date":"2026-03-14T10:50:22","date_gmt":"2026-03-14T07:50:22","guid":{"rendered":"https:\/\/ceoparts.com\/?post_type=product&#038;p=21109"},"modified":"2026-05-02T18:36:17","modified_gmt":"2026-05-02T15:36:17","slug":"230x70-76-45-5b-ceoparts-yuruyus-tekeri-239003","status":"publish","type":"product","link":"https:\/\/ceoparts.com\/de\/urun\/230x70-76-45-5b-ceoparts-yuruyus-tekeri-239003\/","title":{"rendered":"230&#215;70\/76-45 5B Ceoparts Walking Wheel &#8211; 239003"},"content":{"rendered":"<p>230&#215;70\/76-45 5B Ceoparts Walking Wheel &#8211; 239003<\/p>","protected":false},"excerpt":{"rendered":"<p data-start=\"121\" data-end=\"1100\"><br data-start=\"2106\" data-end=\"2109\" \/>Das 230\u00d770\/76-45 5B-\u00d813\/\u00d824 Antriebsrad ist ein leistungsstarkes Rad, das speziell f\u00fcr industrielle Gabelstapler und Hubwagensysteme entwickelt wurde. Mit einem Durchmesser von 230 mm, einer Breite von 70\/76 mm und einer Bohrung von \u00d813\/\u00d824 mm sorgt dieses Rad f\u00fcr hervorragende Stabilit\u00e4t, leisen Betrieb und eine lange Lebensdauer bei intensiven Eins\u00e4tzen und hoher Belastung. Die Polyurethan-Beschichtung ist bodenschonend, hinterl\u00e4sst keine Spuren auf Beton- oder Epoxidb\u00f6den und verhindert ein Verrutschen f\u00fcr mehr Arbeitssicherheit. Dank des 5B-Befestigungssystems ist eine schnelle und sichere Montage gew\u00e4hrleistet. Ideal f\u00fcr Lager, Produktion und Logistik.<br data-start=\"2774\" data-end=\"2777\" \/><strong data-start=\"2777\" data-end=\"2795\">Eigenschaften:<\/strong><br data-start=\"2795\" data-end=\"2798\" \/><strong data-start=\"2798\" data-end=\"2814\">Produktname:<\/strong> 230\u00d770\/76-45 5B-\u00d813\/\u00d824 Antriebsrad<br data-start=\"2850\" data-end=\"2853\" \/><strong data-start=\"2853\" data-end=\"2866\">Material:<\/strong> Hochfestes Polyurethan, Metallkern<br data-start=\"2901\" data-end=\"2904\" \/><strong data-start=\"2904\" data-end=\"2923\">Einsatzbereich:<\/strong> Gabelstapler, Hubwagen und Schwerlast-Transportsysteme<br data-start=\"2978\" data-end=\"2981\" \/><strong data-start=\"2981\" data-end=\"2993\">Vorteil:<\/strong> Abrieb- und chemikalienbest\u00e4ndig, leiser und vibrationsarmer Betrieb, lange Lebensdauer, bodenschonend<\/p>\n<p data-start=\"3100\" data-end=\"3998\">\n","protected":false},"featured_media":21113,"template":"","meta":[],"product_brand":[],"product_cat":[395,397,193],"product_tag":[],"class_list":{"0":"post-21109","1":"product","2":"type-product","3":"status-publish","4":"has-post-thumbnail","6":"product_cat-ceoparts","7":"product_cat-yuruyus-tekeri-ceo","8":"product_cat-yuruyus-tekeri","10":"first","11":"instock","12":"taxable","13":"shipping-taxable","14":"purchasable","15":"product-type-simple"},"_links":{"self":[{"href":"https:\/\/ceoparts.com\/de\/wp-json\/wp\/v2\/product\/21109","targetHints":{"allow":["GET"]}}],"collection":[{"href":"https:\/\/ceoparts.com\/de\/wp-json\/wp\/v2\/product"}],"about":[{"href":"https:\/\/ceoparts.com\/de\/wp-json\/wp\/v2\/types\/product"}],"wp:featuredmedia":[{"embeddable":true,"href":"https:\/\/ceoparts.com\/de\/wp-json\/wp\/v2\/media\/21113"}],"wp:attachment":[{"href":"https:\/\/ceoparts.com\/de\/wp-json\/wp\/v2\/media?parent=21109"}],"wp:term":[{"taxonomy":"product_brand","embeddable":true,"href":"https:\/\/ceoparts.com\/de\/wp-json\/wp\/v2\/product_brand?post=21109"},{"taxonomy":"product_cat","embeddable":true,"href":"https:\/\/ceoparts.com\/de\/wp-json\/wp\/v2\/product_cat?post=21109"},{"taxonomy":"product_tag","embeddable":true,"href":"https:\/\/ceoparts.com\/de\/wp-json\/wp\/v2\/product_tag?post=21109"}],"curies":[{"name":"wp","href":"https:\/\/api.w.org\/{rel}","templated":true}]}}