{"id":21114,"date":"2026-03-14T11:30:09","date_gmt":"2026-03-14T08:30:09","guid":{"rendered":"https:\/\/ceoparts.com\/?post_type=product&#038;p=21114"},"modified":"2026-05-02T19:00:46","modified_gmt":"2026-05-02T16:00:46","slug":"jungheinrich-baglanti-parcasi-link-51255885","status":"publish","type":"product","link":"https:\/\/ceoparts.com\/de\/urun\/jungheinrich-baglanti-parcasi-link-51255885\/","title":{"rendered":"Jungheinrich Verbindungsteil \/ Link &#8211; 51255885"},"content":{"rendered":"<p>Jungheinrich Verbindungsteil \/ Link &#8211; 51255885<\/p>","protected":false},"excerpt":{"rendered":"<p data-start=\"1144\" data-end=\"1595\">Das <strong data-start=\"1148\" data-end=\"1183\">Verbindungsteil (Link) 51255885<\/strong>, das in Jungheinrich Staplern und Hubwagen verwendet wird, ist eine wichtige Komponente zur \u00dcbertragung von Bewegungen zwischen mechanischen Systemen. Dank seiner robusten Metallkonstruktion bietet es eine langlebige und zuverl\u00e4ssige Leistung bei intensiven Lager- und Logistikprozessen. Es unterst\u00fctzt den ausgewogenen und stabilen Betrieb der beweglichen Maschinenteile und erh\u00f6ht somit die Systemeffizienz.<\/p>\n<p data-start=\"1597\" data-end=\"1740\">F\u00fcr die Kompatibilit\u00e4t und eine korrekte Verwendung wird empfohlen, vor der Bestellung die Teilenummer mit Ihrem Maschinenmodell zu \u00fcberpr\u00fcfen.<\/p>\n","protected":false},"featured_media":21115,"template":"","meta":[],"product_brand":[],"product_cat":[441,470,522],"product_tag":[],"class_list":{"0":"post-21114","1":"product","2":"type-product","3":"status-publish","4":"has-post-thumbnail","6":"product_cat-yedek-parca","7":"product_cat-diger-yedek-parcalar","8":"product_cat-yedek-parca-jungheinrich","10":"first","11":"instock","12":"taxable","13":"shipping-taxable","14":"purchasable","15":"product-type-simple"},"_links":{"self":[{"href":"https:\/\/ceoparts.com\/de\/wp-json\/wp\/v2\/product\/21114","targetHints":{"allow":["GET"]}}],"collection":[{"href":"https:\/\/ceoparts.com\/de\/wp-json\/wp\/v2\/product"}],"about":[{"href":"https:\/\/ceoparts.com\/de\/wp-json\/wp\/v2\/types\/product"}],"wp:featuredmedia":[{"embeddable":true,"href":"https:\/\/ceoparts.com\/de\/wp-json\/wp\/v2\/media\/21115"}],"wp:attachment":[{"href":"https:\/\/ceoparts.com\/de\/wp-json\/wp\/v2\/media?parent=21114"}],"wp:term":[{"taxonomy":"product_brand","embeddable":true,"href":"https:\/\/ceoparts.com\/de\/wp-json\/wp\/v2\/product_brand?post=21114"},{"taxonomy":"product_cat","embeddable":true,"href":"https:\/\/ceoparts.com\/de\/wp-json\/wp\/v2\/product_cat?post=21114"},{"taxonomy":"product_tag","embeddable":true,"href":"https:\/\/ceoparts.com\/de\/wp-json\/wp\/v2\/product_tag?post=21114"}],"curies":[{"name":"wp","href":"https:\/\/api.w.org\/{rel}","templated":true}]}}