{"id":21127,"date":"2026-03-31T15:41:14","date_gmt":"2026-03-31T12:41:14","guid":{"rendered":"https:\/\/ceoparts.com\/?post_type=product&#038;p=21127"},"modified":"2026-05-16T07:30:15","modified_gmt":"2026-05-16T04:30:15","slug":"310x102-40-bomerang-wicke-vulkollan-yuk-tekeri-8427484","status":"publish","type":"product","link":"https:\/\/ceoparts.com\/de\/urun\/310x102-40-bomerang-wicke-vulkollan-yuk-tekeri-8427484\/","title":{"rendered":"310\u00d7102-40 Bomerang Wicke Vulkollan Lastrad \u2013 8427484"},"content":{"rendered":"<p>310\u00d7102-40 Bomerang Wicke Vulkollan Lastrad \u2013 8427484<\/p>","protected":false},"excerpt":{"rendered":"<p data-start=\"1496\" data-end=\"1819\">Das <strong data-start=\"1500\" data-end=\"1547\">310\u00d7102-40 Bomerang Wicke Vulkollan Lastrad<\/strong> wurde f\u00fcr den Einsatz unter schweren Lasten in Gabelstaplern und industriellen F\u00f6rderfahrzeugen entwickelt. Die Vulkollan-Beschichtung bietet hohe Verschlei\u00dffestigkeit, Elastizit\u00e4t und Vibrationsd\u00e4mpfung und sorgt f\u00fcr eine lange Lebensdauer im Lager- und Logistikbetrieb.<\/p>\n<p data-start=\"1821\" data-end=\"2142\"><strong data-start=\"1821\" data-end=\"1838\">Eigenschaften<\/strong><br data-start=\"1838\" data-end=\"1841\" \/>Produktname: 310\u00d7102-40 Bomerang Wicke Vulkollan Lastrad<br data-start=\"1897\" data-end=\"1900\" \/>Teilenummer: 8427484<br data-start=\"1920\" data-end=\"1923\" \/>Material: Bomerang Wicke Vulkollan Beschichtung, Stahlkern<br data-start=\"1981\" data-end=\"1984\" \/>Einsatzbereich: Lastrad f\u00fcr Gabelstapler und industrielle F\u00f6rderfahrzeuge<br data-start=\"2057\" data-end=\"2060\" \/>Vorteil: Hohe Verschlei\u00dffestigkeit, Vibrationsd\u00e4mpfung und langlebige Konstruktion<\/p>\n","protected":false},"featured_media":21129,"template":"","meta":[],"product_brand":[],"product_cat":[194,405],"product_tag":[],"class_list":{"0":"post-21127","1":"product","2":"type-product","3":"status-publish","4":"has-post-thumbnail","6":"product_cat-yuk-tekeri","7":"product_cat-yuk-tekeri-wicke","9":"first","10":"instock","11":"taxable","12":"shipping-taxable","13":"purchasable","14":"product-type-simple"},"_links":{"self":[{"href":"https:\/\/ceoparts.com\/de\/wp-json\/wp\/v2\/product\/21127","targetHints":{"allow":["GET"]}}],"collection":[{"href":"https:\/\/ceoparts.com\/de\/wp-json\/wp\/v2\/product"}],"about":[{"href":"https:\/\/ceoparts.com\/de\/wp-json\/wp\/v2\/types\/product"}],"wp:featuredmedia":[{"embeddable":true,"href":"https:\/\/ceoparts.com\/de\/wp-json\/wp\/v2\/media\/21129"}],"wp:attachment":[{"href":"https:\/\/ceoparts.com\/de\/wp-json\/wp\/v2\/media?parent=21127"}],"wp:term":[{"taxonomy":"product_brand","embeddable":true,"href":"https:\/\/ceoparts.com\/de\/wp-json\/wp\/v2\/product_brand?post=21127"},{"taxonomy":"product_cat","embeddable":true,"href":"https:\/\/ceoparts.com\/de\/wp-json\/wp\/v2\/product_cat?post=21127"},{"taxonomy":"product_tag","embeddable":true,"href":"https:\/\/ceoparts.com\/de\/wp-json\/wp\/v2\/product_tag?post=21127"}],"curies":[{"name":"wp","href":"https:\/\/api.w.org\/{rel}","templated":true}]}}