{"id":21133,"date":"2026-03-31T17:47:14","date_gmt":"2026-03-31T14:47:14","guid":{"rendered":"https:\/\/ceoparts.com\/?post_type=product&#038;p=21133"},"modified":"2026-05-16T06:16:46","modified_gmt":"2026-05-16T03:16:46","slug":"cat-gobek-rulmani-nsp12n2","status":"publish","type":"product","link":"https:\/\/ceoparts.com\/de\/urun\/cat-gobek-rulmani-nsp12n2\/","title":{"rendered":"Cat Nsp12n2 Nabenlager"},"content":{"rendered":"<p>Cat Nsp12n2 Nabenlager<\/p>\n<p>Cat Nsp12n2 Nabenlager<\/p>\n<p><\/p>","protected":false},"excerpt":{"rendered":"<p>Das <strong data-start=\"1156\" data-end=\"1181\">Radnabenlager NSP12N2<\/strong>, das in CAT-Gabelstaplern und Lagertechnik verwendet wird, ist eine wichtige Komponente f\u00fcr eine stabile und gleichm\u00e4\u00dfige Drehbewegung des Radsystems. Es sorgt f\u00fcr einen sicheren Betrieb unter Last und unterst\u00fctzt die effiziente Funktion der mechanischen Komponenten der Maschine. Dank seiner robusten Konstruktion bietet es eine lange Lebensdauer in anspruchsvollen Lager- und Logistikumgebungen. Vor der Bestellung sollte die Kompatibilit\u00e4t der Teilenummer mit dem Maschinenmodell \u00fcberpr\u00fcft werden.<\/p>\n","protected":false},"featured_media":21139,"template":"","meta":[],"product_brand":[],"product_cat":[459],"product_tag":[],"class_list":{"0":"post-21133","1":"product","2":"type-product","3":"status-publish","4":"has-post-thumbnail","6":"product_cat-gobek-rulmanlar","8":"first","9":"instock","10":"taxable","11":"shipping-taxable","12":"purchasable","13":"product-type-simple"},"_links":{"self":[{"href":"https:\/\/ceoparts.com\/de\/wp-json\/wp\/v2\/product\/21133","targetHints":{"allow":["GET"]}}],"collection":[{"href":"https:\/\/ceoparts.com\/de\/wp-json\/wp\/v2\/product"}],"about":[{"href":"https:\/\/ceoparts.com\/de\/wp-json\/wp\/v2\/types\/product"}],"wp:featuredmedia":[{"embeddable":true,"href":"https:\/\/ceoparts.com\/de\/wp-json\/wp\/v2\/media\/21139"}],"wp:attachment":[{"href":"https:\/\/ceoparts.com\/de\/wp-json\/wp\/v2\/media?parent=21133"}],"wp:term":[{"taxonomy":"product_brand","embeddable":true,"href":"https:\/\/ceoparts.com\/de\/wp-json\/wp\/v2\/product_brand?post=21133"},{"taxonomy":"product_cat","embeddable":true,"href":"https:\/\/ceoparts.com\/de\/wp-json\/wp\/v2\/product_cat?post=21133"},{"taxonomy":"product_tag","embeddable":true,"href":"https:\/\/ceoparts.com\/de\/wp-json\/wp\/v2\/product_tag?post=21133"}],"curies":[{"name":"wp","href":"https:\/\/api.w.org\/{rel}","templated":true}]}}