{"id":21140,"date":"2026-04-01T12:03:58","date_gmt":"2026-04-01T09:03:58","guid":{"rendered":"https:\/\/ceoparts.com\/?post_type=product&#038;p=21140"},"modified":"2026-05-16T17:33:36","modified_gmt":"2026-05-16T14:33:36","slug":"still-kapak-0721564-10464078","status":"publish","type":"product","link":"https:\/\/ceoparts.com\/de\/urun\/still-kapak-0721564-10464078\/","title":{"rendered":"Still Abdeckung &#8211; 0721564, 10464078"},"content":{"rendered":"<p>Still Abdeckung &#8211; 0721564, 10464078<\/p>\n<p>Still Abdeckung &#8211; 0721564, 10464078<\/p>\n<p><\/p>","protected":false},"excerpt":{"rendered":"<p>Die <strong data-start=\"1141\" data-end=\"1179\">Still Abdeckung 0721564 \/ 10464078<\/strong> ist ein Schutzteil, das in Still-Gabelstaplern, Hochhubwagen und Hubwagen verwendet wird. Sie sch\u00fctzt interne mechanische und elektrische Komponenten vor Staub, St\u00f6\u00dfen und \u00e4u\u00dferen Einfl\u00fcssen und unterst\u00fctzt so einen sicheren und effizienten Betrieb der Maschine. Dank ihrer robusten Bauweise bietet sie eine lange Lebensdauer in intensiven Lager- und Logistikbetrieben. Vor der Bestellung sollte die Kompatibilit\u00e4t der Teilenummer mit dem Maschinenmodell \u00fcberpr\u00fcft werden.<\/p>\n","protected":false},"featured_media":21144,"template":"","meta":[],"product_brand":[],"product_cat":[472,524],"product_tag":[],"class_list":{"0":"post-21140","1":"product","2":"type-product","3":"status-publish","4":"has-post-thumbnail","6":"product_cat-kaporta-aksami","7":"product_cat-yedek-parca-still","9":"first","10":"instock","11":"taxable","12":"shipping-taxable","13":"purchasable","14":"product-type-simple"},"_links":{"self":[{"href":"https:\/\/ceoparts.com\/de\/wp-json\/wp\/v2\/product\/21140","targetHints":{"allow":["GET"]}}],"collection":[{"href":"https:\/\/ceoparts.com\/de\/wp-json\/wp\/v2\/product"}],"about":[{"href":"https:\/\/ceoparts.com\/de\/wp-json\/wp\/v2\/types\/product"}],"wp:featuredmedia":[{"embeddable":true,"href":"https:\/\/ceoparts.com\/de\/wp-json\/wp\/v2\/media\/21144"}],"wp:attachment":[{"href":"https:\/\/ceoparts.com\/de\/wp-json\/wp\/v2\/media?parent=21140"}],"wp:term":[{"taxonomy":"product_brand","embeddable":true,"href":"https:\/\/ceoparts.com\/de\/wp-json\/wp\/v2\/product_brand?post=21140"},{"taxonomy":"product_cat","embeddable":true,"href":"https:\/\/ceoparts.com\/de\/wp-json\/wp\/v2\/product_cat?post=21140"},{"taxonomy":"product_tag","embeddable":true,"href":"https:\/\/ceoparts.com\/de\/wp-json\/wp\/v2\/product_tag?post=21140"}],"curies":[{"name":"wp","href":"https:\/\/api.w.org\/{rel}","templated":true}]}}