{"id":21145,"date":"2026-04-01T12:13:12","date_gmt":"2026-04-01T09:13:12","guid":{"rendered":"https:\/\/ceoparts.com\/?post_type=product&#038;p=21145"},"modified":"2026-05-16T21:01:26","modified_gmt":"2026-05-16T18:01:26","slug":"jungheinrich-etv-kapak-51170538","status":"publish","type":"product","link":"https:\/\/ceoparts.com\/de\/urun\/jungheinrich-etv-kapak-51170538\/","title":{"rendered":"Jungheinrich &#8211; Etv Abdeckung &#8211; 51170538"},"content":{"rendered":"<p>Jungheinrich &#8211; Etv Abdeckung &#8211; 51170538<\/p>\n<p>Jungheinrich &#8211; Etv Abdeckung &#8211; 51170538<\/p>\n<p><\/p>","protected":false},"excerpt":{"rendered":"<p>Die <strong data-start=\"1142\" data-end=\"1181\">Jungheinrich ETV Abdeckung 51170538<\/strong> ist ein Schutzteil, das in Jungheinrich Reach-Trucks der ETV-Serie verwendet wird. Sie sch\u00fctzt interne mechanische und elektrische Komponenten vor Staub, St\u00f6\u00dfen und \u00e4u\u00dferen Einfl\u00fcssen und tr\u00e4gt zu einem sicheren und effizienten Betrieb der Maschine bei. Dank ihrer robusten Bauweise bietet sie eine lange Lebensdauer in intensiven Lager- und Logistikumgebungen. Vor der Bestellung sollte die Kompatibilit\u00e4t der Teilenummer mit dem Maschinenmodell \u00fcberpr\u00fcft werden.<\/p>\n","protected":false},"featured_media":21149,"template":"","meta":[],"product_brand":[],"product_cat":[472,522],"product_tag":[],"class_list":{"0":"post-21145","1":"product","2":"type-product","3":"status-publish","4":"has-post-thumbnail","6":"product_cat-kaporta-aksami","7":"product_cat-yedek-parca-jungheinrich","9":"first","10":"instock","11":"taxable","12":"shipping-taxable","13":"purchasable","14":"product-type-simple"},"_links":{"self":[{"href":"https:\/\/ceoparts.com\/de\/wp-json\/wp\/v2\/product\/21145","targetHints":{"allow":["GET"]}}],"collection":[{"href":"https:\/\/ceoparts.com\/de\/wp-json\/wp\/v2\/product"}],"about":[{"href":"https:\/\/ceoparts.com\/de\/wp-json\/wp\/v2\/types\/product"}],"wp:featuredmedia":[{"embeddable":true,"href":"https:\/\/ceoparts.com\/de\/wp-json\/wp\/v2\/media\/21149"}],"wp:attachment":[{"href":"https:\/\/ceoparts.com\/de\/wp-json\/wp\/v2\/media?parent=21145"}],"wp:term":[{"taxonomy":"product_brand","embeddable":true,"href":"https:\/\/ceoparts.com\/de\/wp-json\/wp\/v2\/product_brand?post=21145"},{"taxonomy":"product_cat","embeddable":true,"href":"https:\/\/ceoparts.com\/de\/wp-json\/wp\/v2\/product_cat?post=21145"},{"taxonomy":"product_tag","embeddable":true,"href":"https:\/\/ceoparts.com\/de\/wp-json\/wp\/v2\/product_tag?post=21145"}],"curies":[{"name":"wp","href":"https:\/\/api.w.org\/{rel}","templated":true}]}}