{"id":21150,"date":"2026-04-01T13:27:03","date_gmt":"2026-04-01T10:27:03","guid":{"rendered":"https:\/\/ceoparts.com\/?post_type=product&#038;p=21150"},"modified":"2026-05-16T21:09:58","modified_gmt":"2026-05-16T18:09:58","slug":"jungheinrich-ekran-51977726","status":"publish","type":"product","link":"https:\/\/ceoparts.com\/de\/urun\/jungheinrich-ekran-51977726\/","title":{"rendered":"Jungheinrich Bildschirm &#8211; 51977726"},"content":{"rendered":"<p>Jungheinrich Bildschirm &#8211; 51977726<\/p>\n<p>Jungheinrich Bildschirm &#8211; 51977726<\/p>\n<p><\/p>","protected":false},"excerpt":{"rendered":"<p data-start=\"1058\" data-end=\"1520\">Das <strong data-start=\"1062\" data-end=\"1095\">Jungheinrich Display 51977726<\/strong> ist ein Anzeige- und Kontrollbildschirm, der in Jungheinrich-Gabelstaplern und Lagertechnik eingesetzt wird. Es zeigt wichtige Betriebsinformationen wie Maschinenstatus, Warnmeldungen und Systemhinweise an. Dank klarer Anzeige und zuverl\u00e4ssiger Leistung unterst\u00fctzt es einen sicheren und effizienten Betrieb der Maschine. Vor der Bestellung sollte die Kompatibilit\u00e4t der Teilenummer mit dem Maschinenmodell \u00fcberpr\u00fcft werden.<\/p>\n","protected":false},"featured_media":21152,"template":"","meta":[],"product_brand":[],"product_cat":[431,522],"product_tag":[],"class_list":{"0":"post-21150","1":"product","2":"type-product","3":"status-publish","4":"has-post-thumbnail","6":"product_cat-ekranlar-ve-kartlar","7":"product_cat-yedek-parca-jungheinrich","9":"first","10":"instock","11":"taxable","12":"shipping-taxable","13":"purchasable","14":"product-type-simple"},"_links":{"self":[{"href":"https:\/\/ceoparts.com\/de\/wp-json\/wp\/v2\/product\/21150","targetHints":{"allow":["GET"]}}],"collection":[{"href":"https:\/\/ceoparts.com\/de\/wp-json\/wp\/v2\/product"}],"about":[{"href":"https:\/\/ceoparts.com\/de\/wp-json\/wp\/v2\/types\/product"}],"wp:featuredmedia":[{"embeddable":true,"href":"https:\/\/ceoparts.com\/de\/wp-json\/wp\/v2\/media\/21152"}],"wp:attachment":[{"href":"https:\/\/ceoparts.com\/de\/wp-json\/wp\/v2\/media?parent=21150"}],"wp:term":[{"taxonomy":"product_brand","embeddable":true,"href":"https:\/\/ceoparts.com\/de\/wp-json\/wp\/v2\/product_brand?post=21150"},{"taxonomy":"product_cat","embeddable":true,"href":"https:\/\/ceoparts.com\/de\/wp-json\/wp\/v2\/product_cat?post=21150"},{"taxonomy":"product_tag","embeddable":true,"href":"https:\/\/ceoparts.com\/de\/wp-json\/wp\/v2\/product_tag?post=21150"}],"curies":[{"name":"wp","href":"https:\/\/api.w.org\/{rel}","templated":true}]}}