{"id":21156,"date":"2026-04-01T13:46:32","date_gmt":"2026-04-01T10:46:32","guid":{"rendered":"https:\/\/ceoparts.com\/?post_type=product&#038;p=21156"},"modified":"2026-05-16T22:11:10","modified_gmt":"2026-05-16T19:11:10","slug":"linde-r16-kapak-11204362400","status":"publish","type":"product","link":"https:\/\/ceoparts.com\/de\/urun\/linde-r16-kapak-11204362400\/","title":{"rendered":"Linde R16 Abdeckung &#8211; 11204362400"},"content":{"rendered":"<p>Linde R16 Abdeckung &#8211; 11204362400<\/p>\n<p>Linde R16 Abdeckung &#8211; 11204362400<\/p>\n<p><\/p>","protected":false},"excerpt":{"rendered":"<p data-start=\"1265\" data-end=\"1744\">Die <strong data-start=\"1269\" data-end=\"1304\">Linde R16 Abdeckung 11204362400<\/strong> ist ein Schutzteil f\u00fcr Linde Reach-Trucks der R-Serie. Sie sch\u00fctzt interne mechanische und elektrische Komponenten vor Staub, St\u00f6\u00dfen und \u00e4u\u00dferen Einfl\u00fcssen und unterst\u00fctzt einen sicheren und effizienten Betrieb der Maschine. Dank ihrer robusten Konstruktion bietet sie eine lange Lebensdauer in intensiven Lager- und Logistikumgebungen. Vor der Bestellung sollte die Kompatibilit\u00e4t der Teilenummer mit dem Maschinenmodell \u00fcberpr\u00fcft werden.<\/p>\n<p data-start=\"1746\" data-end=\"1832\"><strong data-start=\"1746\" data-end=\"1769\">Verwendete Modelle:<\/strong><br data-start=\"1769\" data-end=\"1772\" \/>Linde 11204362400<br data-start=\"1789\" data-end=\"1792\" \/>1120 \u2013 R10 \/ R12 \/ R14 \/ R16 \/ R20 \/ R25<\/p>\n","protected":false},"featured_media":21158,"template":"","meta":[],"product_brand":[],"product_cat":[472,523],"product_tag":[],"class_list":{"0":"post-21156","1":"product","2":"type-product","3":"status-publish","4":"has-post-thumbnail","6":"product_cat-kaporta-aksami","7":"product_cat-yedek-parca-linde","9":"first","10":"instock","11":"taxable","12":"shipping-taxable","13":"purchasable","14":"product-type-simple"},"_links":{"self":[{"href":"https:\/\/ceoparts.com\/de\/wp-json\/wp\/v2\/product\/21156","targetHints":{"allow":["GET"]}}],"collection":[{"href":"https:\/\/ceoparts.com\/de\/wp-json\/wp\/v2\/product"}],"about":[{"href":"https:\/\/ceoparts.com\/de\/wp-json\/wp\/v2\/types\/product"}],"wp:featuredmedia":[{"embeddable":true,"href":"https:\/\/ceoparts.com\/de\/wp-json\/wp\/v2\/media\/21158"}],"wp:attachment":[{"href":"https:\/\/ceoparts.com\/de\/wp-json\/wp\/v2\/media?parent=21156"}],"wp:term":[{"taxonomy":"product_brand","embeddable":true,"href":"https:\/\/ceoparts.com\/de\/wp-json\/wp\/v2\/product_brand?post=21156"},{"taxonomy":"product_cat","embeddable":true,"href":"https:\/\/ceoparts.com\/de\/wp-json\/wp\/v2\/product_cat?post=21156"},{"taxonomy":"product_tag","embeddable":true,"href":"https:\/\/ceoparts.com\/de\/wp-json\/wp\/v2\/product_tag?post=21156"}],"curies":[{"name":"wp","href":"https:\/\/api.w.org\/{rel}","templated":true}]}}