{"id":21159,"date":"2026-04-01T14:06:17","date_gmt":"2026-04-01T11:06:17","guid":{"rendered":"https:\/\/ceoparts.com\/?post_type=product&#038;p=21159"},"modified":"2026-05-16T20:14:32","modified_gmt":"2026-05-16T17:14:32","slug":"linde-still-sikma-klipsi-0009553690","status":"publish","type":"product","link":"https:\/\/ceoparts.com\/de\/urun\/linde-still-sikma-klipsi-0009553690\/","title":{"rendered":"Linde \/ Still Klemmclip &#8211; 0009553690"},"content":{"rendered":"<p>Linde \/ Still Klemmclip &#8211; 0009553690<\/p>","protected":false},"excerpt":{"rendered":"<p>Der <strong data-start=\"1519\" data-end=\"1557\">Klemmclip Linde \/ Still 0009553690<\/strong> ist ein Befestigungselement, das in Gabelstaplern und Lagertechnik verwendet wird, um Kabel, Schl\u00e4uche oder Hydraulikleitungen sicher zu fixieren. Seine robuste Bauweise verhindert das L\u00f6sen von Komponenten durch Vibrationen w\u00e4hrend des Betriebs. Dadurch wird ein sicherer und zuverl\u00e4ssiger Maschinenbetrieb gew\u00e4hrleistet. Vor der Bestellung sollte die Kompatibilit\u00e4t der Teilenummer mit dem Maschinenmodell \u00fcberpr\u00fcft werden.<\/p>\n","protected":false},"featured_media":21160,"template":"","meta":[],"product_brand":[],"product_cat":[470,246,523,524],"product_tag":[],"class_list":{"0":"post-21159","1":"product","2":"type-product","3":"status-publish","4":"has-post-thumbnail","6":"product_cat-diger-yedek-parcalar","7":"product_cat-linde","8":"product_cat-yedek-parca-linde","9":"product_cat-yedek-parca-still","11":"first","12":"instock","13":"taxable","14":"shipping-taxable","15":"purchasable","16":"product-type-simple"},"_links":{"self":[{"href":"https:\/\/ceoparts.com\/de\/wp-json\/wp\/v2\/product\/21159","targetHints":{"allow":["GET"]}}],"collection":[{"href":"https:\/\/ceoparts.com\/de\/wp-json\/wp\/v2\/product"}],"about":[{"href":"https:\/\/ceoparts.com\/de\/wp-json\/wp\/v2\/types\/product"}],"wp:featuredmedia":[{"embeddable":true,"href":"https:\/\/ceoparts.com\/de\/wp-json\/wp\/v2\/media\/21160"}],"wp:attachment":[{"href":"https:\/\/ceoparts.com\/de\/wp-json\/wp\/v2\/media?parent=21159"}],"wp:term":[{"taxonomy":"product_brand","embeddable":true,"href":"https:\/\/ceoparts.com\/de\/wp-json\/wp\/v2\/product_brand?post=21159"},{"taxonomy":"product_cat","embeddable":true,"href":"https:\/\/ceoparts.com\/de\/wp-json\/wp\/v2\/product_cat?post=21159"},{"taxonomy":"product_tag","embeddable":true,"href":"https:\/\/ceoparts.com\/de\/wp-json\/wp\/v2\/product_tag?post=21159"}],"curies":[{"name":"wp","href":"https:\/\/api.w.org\/{rel}","templated":true}]}}