{"id":21162,"date":"2026-04-01T14:22:29","date_gmt":"2026-04-01T11:22:29","guid":{"rendered":"https:\/\/ceoparts.com\/?post_type=product&#038;p=21162"},"modified":"2026-05-16T20:15:46","modified_gmt":"2026-05-16T17:15:46","slug":"51-ayna-sideshift-1100mm","status":"publish","type":"product","link":"https:\/\/ceoparts.com\/de\/urun\/51-ayna-sideshift-1100mm\/","title":{"rendered":"51 Spiegel Sideshift 1100 mm"},"content":{"rendered":"<p>51 Spiegel Sideshift 1100 mm<\/p>","protected":false},"excerpt":{"rendered":"<p data-start=\"1436\" data-end=\"1471\"><strong data-start=\"1436\" data-end=\"1471\">51 Spiegel Side Shift \u2013 1100 mm<\/strong><\/p>\n<p data-start=\"1473\" data-end=\"1791\">Der <strong data-start=\"1477\" data-end=\"1510\">51 Spiegel Side Shift 1100 mm<\/strong> ist ein Gabelstapler-Anbauger\u00e4t, das eine hydraulische seitliche Verschiebung der Gabeltr\u00e4ger erm\u00f6glicht. Dadurch kann der Bediener Lasten pr\u00e4zise positionieren, ohne den gesamten Stapler bewegen zu m\u00fcssen. Dies erh\u00f6ht die Effizienz und Sicherheit bei Paletten- und Lagerarbeiten.<\/p>\n<p data-start=\"1793\" data-end=\"1989\"><strong data-start=\"1793\" data-end=\"1814\">Technische Daten:<\/strong><br data-start=\"1814\" data-end=\"1817\" \/>Produktname: 51 Spiegel Side Shift<br data-start=\"1851\" data-end=\"1854\" \/>Breite: 1100 mm<br data-start=\"1869\" data-end=\"1872\" \/>Einsatzbereich: Seitenschub-Anbauger\u00e4t f\u00fcr Gabelstapler<br data-start=\"1927\" data-end=\"1930\" \/>Vorteil: Pr\u00e4zise Lastpositionierung und effizienter Betrieb<\/p>\n","protected":false},"featured_media":16336,"template":"","meta":[],"product_brand":[],"product_cat":[470],"product_tag":[],"class_list":{"0":"post-21162","1":"product","2":"type-product","3":"status-publish","4":"has-post-thumbnail","6":"product_cat-diger-yedek-parcalar","8":"first","9":"instock","10":"taxable","11":"shipping-taxable","12":"purchasable","13":"product-type-simple"},"_links":{"self":[{"href":"https:\/\/ceoparts.com\/de\/wp-json\/wp\/v2\/product\/21162","targetHints":{"allow":["GET"]}}],"collection":[{"href":"https:\/\/ceoparts.com\/de\/wp-json\/wp\/v2\/product"}],"about":[{"href":"https:\/\/ceoparts.com\/de\/wp-json\/wp\/v2\/types\/product"}],"wp:featuredmedia":[{"embeddable":true,"href":"https:\/\/ceoparts.com\/de\/wp-json\/wp\/v2\/media\/16336"}],"wp:attachment":[{"href":"https:\/\/ceoparts.com\/de\/wp-json\/wp\/v2\/media?parent=21162"}],"wp:term":[{"taxonomy":"product_brand","embeddable":true,"href":"https:\/\/ceoparts.com\/de\/wp-json\/wp\/v2\/product_brand?post=21162"},{"taxonomy":"product_cat","embeddable":true,"href":"https:\/\/ceoparts.com\/de\/wp-json\/wp\/v2\/product_cat?post=21162"},{"taxonomy":"product_tag","embeddable":true,"href":"https:\/\/ceoparts.com\/de\/wp-json\/wp\/v2\/product_tag?post=21162"}],"curies":[{"name":"wp","href":"https:\/\/api.w.org\/{rel}","templated":true}]}}