{"id":21163,"date":"2026-04-01T16:07:33","date_gmt":"2026-04-01T13:07:33","guid":{"rendered":"https:\/\/ceoparts.com\/?post_type=product&#038;p=21163"},"modified":"2026-05-16T21:19:26","modified_gmt":"2026-05-16T18:19:26","slug":"linde-devir-sensoru-7917415847","status":"publish","type":"product","link":"https:\/\/ceoparts.com\/de\/urun\/linde-devir-sensoru-7917415847\/","title":{"rendered":"Linde Drehzahlsensor &#8211; 7917415847"},"content":{"rendered":"<p>Linde Drehzahlsensor &#8211; 7917415847<\/p>","protected":false},"excerpt":{"rendered":"<p data-start=\"1450\" data-end=\"1902\">Der <strong data-start=\"1454\" data-end=\"1489\">Linde Drehzahlsensor 7917415847<\/strong> ist eine elektronische Sensorkomponente f\u00fcr das Fahr- und Steuerungssystem von Gabelstaplern. Er misst die Dreh- bzw. Fahrgeschwindigkeit und \u00fcbermittelt diese Daten an die Steuerungseinheit, wodurch eine pr\u00e4zise Geschwindigkeitsregelung erm\u00f6glicht wird. Seine robuste Konstruktion und pr\u00e4zise Messung sorgen f\u00fcr einen zuverl\u00e4ssigen Betrieb im Lager- und Industriebereich.<\/p>\n<p data-start=\"1904\" data-end=\"2025\"><strong data-start=\"1904\" data-end=\"1927\">Verwendete Modelle:<\/strong><br data-start=\"1927\" data-end=\"1930\" \/>Linde 7917415847<br data-start=\"1946\" data-end=\"1949\" \/>E16C \/ E20P<br data-start=\"1960\" data-end=\"1963\" \/>1275 \/ 387 \/ 388 Serie<\/p>\n","protected":false},"featured_media":21166,"template":"","meta":[],"product_brand":[],"product_cat":[469,523],"product_tag":[],"class_list":{"0":"post-21163","1":"product","2":"type-product","3":"status-publish","4":"has-post-thumbnail","6":"product_cat-elektrik-ve-sistem-parcalari","7":"product_cat-yedek-parca-linde","9":"first","10":"instock","11":"taxable","12":"shipping-taxable","13":"purchasable","14":"product-type-simple"},"_links":{"self":[{"href":"https:\/\/ceoparts.com\/de\/wp-json\/wp\/v2\/product\/21163","targetHints":{"allow":["GET"]}}],"collection":[{"href":"https:\/\/ceoparts.com\/de\/wp-json\/wp\/v2\/product"}],"about":[{"href":"https:\/\/ceoparts.com\/de\/wp-json\/wp\/v2\/types\/product"}],"wp:featuredmedia":[{"embeddable":true,"href":"https:\/\/ceoparts.com\/de\/wp-json\/wp\/v2\/media\/21166"}],"wp:attachment":[{"href":"https:\/\/ceoparts.com\/de\/wp-json\/wp\/v2\/media?parent=21163"}],"wp:term":[{"taxonomy":"product_brand","embeddable":true,"href":"https:\/\/ceoparts.com\/de\/wp-json\/wp\/v2\/product_brand?post=21163"},{"taxonomy":"product_cat","embeddable":true,"href":"https:\/\/ceoparts.com\/de\/wp-json\/wp\/v2\/product_cat?post=21163"},{"taxonomy":"product_tag","embeddable":true,"href":"https:\/\/ceoparts.com\/de\/wp-json\/wp\/v2\/product_tag?post=21163"}],"curies":[{"name":"wp","href":"https:\/\/api.w.org\/{rel}","templated":true}]}}