{"id":21167,"date":"2026-04-01T17:06:18","date_gmt":"2026-04-01T14:06:18","guid":{"rendered":"https:\/\/ceoparts.com\/?post_type=product&#038;p=21167"},"modified":"2026-05-16T21:24:47","modified_gmt":"2026-05-16T18:24:47","slug":"300x100-40-vulkoprin-vulkollan-yuk-tekeri-144443","status":"publish","type":"product","link":"https:\/\/ceoparts.com\/de\/urun\/300x100-40-vulkoprin-vulkollan-yuk-tekeri-144443\/","title":{"rendered":"300&#215;100-40 Vulkoprin Vulkollan Lastrad"},"content":{"rendered":"<p>300&#215;100-40 Vulkoprin Vulkollan Lastrad<\/p>","protected":false},"excerpt":{"rendered":"<p data-start=\"2012\" data-end=\"2432\">Das <strong data-start=\"2016\" data-end=\"2058\">300\u00d7100-40 Vulkoprin Vulkollan Lastrad<\/strong> wurde f\u00fcr Gabelstapler und industrielle F\u00f6rderfahrzeuge entwickelt und bietet zuverl\u00e4ssige Leistung unter schweren Lasten. Die Vulkollan-Beschichtung sorgt f\u00fcr hohe Verschlei\u00dffestigkeit, Elastizit\u00e4t und Vibrationsd\u00e4mpfung und gew\u00e4hrleistet eine lange Lebensdauer im Lager- und Logistikbetrieb. Der Stahlkern erm\u00f6glicht eine hohe Tragf\u00e4higkeit f\u00fcr den industriellen Einsatz.<\/p>\n<p data-start=\"2434\" data-end=\"2721\"><strong data-start=\"2434\" data-end=\"2451\">Eigenschaften<\/strong><br data-start=\"2451\" data-end=\"2454\" \/>Produktname: 300\u00d7100-40 Vulkoprin Vulkollan Lastrad<br data-start=\"2505\" data-end=\"2508\" \/>Teilenummer: 144443<br data-start=\"2527\" data-end=\"2530\" \/>Material: Vulkoprin Vulkollan Beschichtung, Stahlkern<br data-start=\"2583\" data-end=\"2586\" \/>Einsatzbereich: Lastrad f\u00fcr Gabelstapler und industrielle F\u00f6rderfahrzeuge<br data-start=\"2659\" data-end=\"2662\" \/>Vorteil: Hohe Verschlei\u00dffestigkeit und Vibrationsd\u00e4mpfung<\/p>\n<p data-start=\"2723\" data-end=\"2882\"><strong data-start=\"2723\" data-end=\"2746\">Verwendete Modelle:<\/strong><br data-start=\"2746\" data-end=\"2749\" \/>BT 137587 \/ 144443 \u2013 300\u00d7100 ohne Bremse<br data-start=\"2789\" data-end=\"2792\" \/>BT RR Reflex<br data-start=\"2804\" data-end=\"2807\" \/>BT FR 2.0<br data-start=\"2816\" data-end=\"2819\" \/>BT TRT 1000 E<br data-start=\"2832\" data-end=\"2835\" \/>BT Toyota 137587 \/ 144443 \u2013 Stellana PT-NDI-92\u00ae<\/p>\n","protected":false},"featured_media":21172,"template":"","meta":[],"product_brand":[],"product_cat":[428,194],"product_tag":[],"class_list":{"0":"post-21167","1":"product","2":"type-product","3":"status-publish","4":"has-post-thumbnail","6":"product_cat-yuk-tekeri-vulkoprin","7":"product_cat-yuk-tekeri","9":"first","10":"instock","11":"taxable","12":"shipping-taxable","13":"purchasable","14":"product-type-simple"},"_links":{"self":[{"href":"https:\/\/ceoparts.com\/de\/wp-json\/wp\/v2\/product\/21167","targetHints":{"allow":["GET"]}}],"collection":[{"href":"https:\/\/ceoparts.com\/de\/wp-json\/wp\/v2\/product"}],"about":[{"href":"https:\/\/ceoparts.com\/de\/wp-json\/wp\/v2\/types\/product"}],"wp:featuredmedia":[{"embeddable":true,"href":"https:\/\/ceoparts.com\/de\/wp-json\/wp\/v2\/media\/21172"}],"wp:attachment":[{"href":"https:\/\/ceoparts.com\/de\/wp-json\/wp\/v2\/media?parent=21167"}],"wp:term":[{"taxonomy":"product_brand","embeddable":true,"href":"https:\/\/ceoparts.com\/de\/wp-json\/wp\/v2\/product_brand?post=21167"},{"taxonomy":"product_cat","embeddable":true,"href":"https:\/\/ceoparts.com\/de\/wp-json\/wp\/v2\/product_cat?post=21167"},{"taxonomy":"product_tag","embeddable":true,"href":"https:\/\/ceoparts.com\/de\/wp-json\/wp\/v2\/product_tag?post=21167"}],"curies":[{"name":"wp","href":"https:\/\/api.w.org\/{rel}","templated":true}]}}