{"id":21192,"date":"2026-04-03T11:20:53","date_gmt":"2026-04-03T08:20:53","guid":{"rendered":"https:\/\/ceoparts.com\/?post_type=product&#038;p=21192"},"modified":"2026-04-04T02:55:57","modified_gmt":"2026-04-03T23:55:57","slug":"linde-l16-on-kaporta-27719264-11734323200","status":"publish","type":"product","link":"https:\/\/ceoparts.com\/de\/urun\/linde-l16-on-kaporta-27719264-11734323200\/","title":{"rendered":"Linde L16 Frontabdeckung &#8211; 27719264, 11734323200"},"content":{"rendered":"<p>Linde L16 Frontabdeckung &#8211; 27719264, 11734323200<\/p>","protected":false},"excerpt":{"rendered":"<p>Die <strong data-start=\"1324\" data-end=\"1377\">Linde L16 Frontabdeckung (27719264 \/ 11734323200)<\/strong> ist ein Schutzteil f\u00fcr Linde-Hochhubwagen. Sie befindet sich im vorderen Bereich der Maschine und sch\u00fctzt interne mechanische und elektrische Komponenten vor Staub, St\u00f6\u00dfen und \u00e4u\u00dferen Einfl\u00fcssen. Dank ihrer robusten Konstruktion gew\u00e4hrleistet sie eine lange Lebensdauer im intensiven Lager- und Industriebetrieb.<\/p>\n","protected":false},"featured_media":21197,"template":"","meta":[],"product_brand":[],"product_cat":[523,472],"product_tag":[],"class_list":{"0":"post-21192","1":"product","2":"type-product","3":"status-publish","4":"has-post-thumbnail","6":"product_cat-yedek-parca-linde","7":"product_cat-kaporta-aksami","9":"first","10":"instock","11":"taxable","12":"shipping-taxable","13":"purchasable","14":"product-type-simple"},"_links":{"self":[{"href":"https:\/\/ceoparts.com\/de\/wp-json\/wp\/v2\/product\/21192","targetHints":{"allow":["GET"]}}],"collection":[{"href":"https:\/\/ceoparts.com\/de\/wp-json\/wp\/v2\/product"}],"about":[{"href":"https:\/\/ceoparts.com\/de\/wp-json\/wp\/v2\/types\/product"}],"wp:featuredmedia":[{"embeddable":true,"href":"https:\/\/ceoparts.com\/de\/wp-json\/wp\/v2\/media\/21197"}],"wp:attachment":[{"href":"https:\/\/ceoparts.com\/de\/wp-json\/wp\/v2\/media?parent=21192"}],"wp:term":[{"taxonomy":"product_brand","embeddable":true,"href":"https:\/\/ceoparts.com\/de\/wp-json\/wp\/v2\/product_brand?post=21192"},{"taxonomy":"product_cat","embeddable":true,"href":"https:\/\/ceoparts.com\/de\/wp-json\/wp\/v2\/product_cat?post=21192"},{"taxonomy":"product_tag","embeddable":true,"href":"https:\/\/ceoparts.com\/de\/wp-json\/wp\/v2\/product_tag?post=21192"}],"curies":[{"name":"wp","href":"https:\/\/api.w.org\/{rel}","templated":true}]}}