{"id":21242,"date":"2026-04-03T15:01:41","date_gmt":"2026-04-03T12:01:41","guid":{"rendered":"https:\/\/ceoparts.com\/?post_type=product&#038;p=21242"},"modified":"2026-04-04T06:26:21","modified_gmt":"2026-04-04T03:26:21","slug":"linde-catal-kilidi-3944408215-50020821","status":"publish","type":"product","link":"https:\/\/ceoparts.com\/de\/urun\/linde-catal-kilidi-3944408215-50020821\/","title":{"rendered":"Linde Gabelverriegelung &#8211; 3944408215, 50020821"},"content":{"rendered":"<p>Linde Gabelverriegelung &#8211; 3944408215, 50020821<\/p>","protected":false},"excerpt":{"rendered":"<p data-start=\"1373\" data-end=\"1714\">Die <strong data-start=\"1377\" data-end=\"1426\">Linde Gabelverriegelung 3944408215 \/ 50020821<\/strong> ist ein Sicherheitsbauteil, das die Gabeln sicher am Gabeltr\u00e4ger befestigt. Sie verhindert das Verrutschen oder L\u00f6sen der Gabeln w\u00e4hrend des Betriebs und sorgt f\u00fcr einen sicheren Lasttransport. Die robuste Metallkonstruktion gew\u00e4hrleistet eine lange Lebensdauer im industriellen Einsatz.<\/p>\n<p data-start=\"1716\" data-end=\"1773\"><strong data-start=\"1716\" data-end=\"1739\">Verwendete Modelle:<\/strong><br data-start=\"1739\" data-end=\"1742\" \/>Linde <strong data-start=\"1748\" data-end=\"1773\">3944408215 \/ 50020821<\/strong><\/p>\n<p data-start=\"1775\" data-end=\"1874\">115 \u2013 <strong data-start=\"1781\" data-end=\"1812\">H12 \/ H14 \/ H16 \/ H18 \/ H20<\/strong><br data-start=\"1812\" data-end=\"1815\" \/>116 \u2013 <strong data-start=\"1821\" data-end=\"1840\">H20 \/ H25 \/ H30<\/strong><br data-start=\"1840\" data-end=\"1843\" \/>117 \u2013 <strong data-start=\"1849\" data-end=\"1874\">H35 \/ H40 \/ H45 \/ H50<\/strong><\/p>\n","protected":false},"featured_media":21245,"template":"","meta":[],"product_brand":[],"product_cat":[523,470],"product_tag":[],"class_list":{"0":"post-21242","1":"product","2":"type-product","3":"status-publish","4":"has-post-thumbnail","6":"product_cat-yedek-parca-linde","7":"product_cat-diger-yedek-parcalar","9":"first","10":"instock","11":"taxable","12":"shipping-taxable","13":"purchasable","14":"product-type-simple"},"_links":{"self":[{"href":"https:\/\/ceoparts.com\/de\/wp-json\/wp\/v2\/product\/21242","targetHints":{"allow":["GET"]}}],"collection":[{"href":"https:\/\/ceoparts.com\/de\/wp-json\/wp\/v2\/product"}],"about":[{"href":"https:\/\/ceoparts.com\/de\/wp-json\/wp\/v2\/types\/product"}],"wp:featuredmedia":[{"embeddable":true,"href":"https:\/\/ceoparts.com\/de\/wp-json\/wp\/v2\/media\/21245"}],"wp:attachment":[{"href":"https:\/\/ceoparts.com\/de\/wp-json\/wp\/v2\/media?parent=21242"}],"wp:term":[{"taxonomy":"product_brand","embeddable":true,"href":"https:\/\/ceoparts.com\/de\/wp-json\/wp\/v2\/product_brand?post=21242"},{"taxonomy":"product_cat","embeddable":true,"href":"https:\/\/ceoparts.com\/de\/wp-json\/wp\/v2\/product_cat?post=21242"},{"taxonomy":"product_tag","embeddable":true,"href":"https:\/\/ceoparts.com\/de\/wp-json\/wp\/v2\/product_tag?post=21242"}],"curies":[{"name":"wp","href":"https:\/\/api.w.org\/{rel}","templated":true}]}}