{"id":21256,"date":"2026-04-03T15:42:09","date_gmt":"2026-04-03T12:42:09","guid":{"rendered":"https:\/\/ceoparts.com\/?post_type=product&#038;p=21256"},"modified":"2026-04-04T06:25:25","modified_gmt":"2026-04-04T03:25:25","slug":"linde-t16-kol-iskeleti-3095471916","status":"publish","type":"product","link":"https:\/\/ceoparts.com\/de\/urun\/linde-t16-kol-iskeleti-3095471916\/","title":{"rendered":"Linde T16 Griffrahmen &#8211; 3095471916"},"content":{"rendered":"<p>Linde T16 Griffrahmen &#8211; 3095471916<\/p>","protected":false},"excerpt":{"rendered":"<p data-start=\"1285\" data-end=\"1622\">Der <strong data-start=\"1289\" data-end=\"1324\">Linde Deichselrahmen 3095471916<\/strong> ist das tragende Strukturteil der Deichseleinheit bei Linde Elektrohubbwagen der T16-Serie. Er sorgt f\u00fcr Stabilit\u00e4t der Bedieneinheit und erm\u00f6glicht eine sichere Steuerung von Fahr-, Lenk- und Hubfunktionen. Die robuste Konstruktion gew\u00e4hrleistet eine lange Lebensdauer im intensiven Lagerbetrieb.<\/p>\n<p data-start=\"1624\" data-end=\"1670\"><strong data-start=\"1624\" data-end=\"1647\">Verwendete Modelle:<\/strong><br data-start=\"1647\" data-end=\"1650\" \/>Linde <strong data-start=\"1656\" data-end=\"1670\">3095471916<\/strong><\/p>\n<p data-start=\"1672\" data-end=\"1704\">1152 \u2013 <strong data-start=\"1679\" data-end=\"1704\">T16 \/ T18 \/ T20 \/ T25<\/strong><\/p>\n","protected":false},"featured_media":21257,"template":"","meta":[],"product_brand":[],"product_cat":[523,450],"product_tag":[],"class_list":{"0":"post-21256","1":"product","2":"type-product","3":"status-publish","4":"has-post-thumbnail","6":"product_cat-yedek-parca-linde","7":"product_cat-direksiyon-sistemleri","9":"first","10":"instock","11":"taxable","12":"shipping-taxable","13":"purchasable","14":"product-type-simple"},"_links":{"self":[{"href":"https:\/\/ceoparts.com\/de\/wp-json\/wp\/v2\/product\/21256","targetHints":{"allow":["GET"]}}],"collection":[{"href":"https:\/\/ceoparts.com\/de\/wp-json\/wp\/v2\/product"}],"about":[{"href":"https:\/\/ceoparts.com\/de\/wp-json\/wp\/v2\/types\/product"}],"wp:featuredmedia":[{"embeddable":true,"href":"https:\/\/ceoparts.com\/de\/wp-json\/wp\/v2\/media\/21257"}],"wp:attachment":[{"href":"https:\/\/ceoparts.com\/de\/wp-json\/wp\/v2\/media?parent=21256"}],"wp:term":[{"taxonomy":"product_brand","embeddable":true,"href":"https:\/\/ceoparts.com\/de\/wp-json\/wp\/v2\/product_brand?post=21256"},{"taxonomy":"product_cat","embeddable":true,"href":"https:\/\/ceoparts.com\/de\/wp-json\/wp\/v2\/product_cat?post=21256"},{"taxonomy":"product_tag","embeddable":true,"href":"https:\/\/ceoparts.com\/de\/wp-json\/wp\/v2\/product_tag?post=21256"}],"curies":[{"name":"wp","href":"https:\/\/api.w.org\/{rel}","templated":true}]}}