{"id":21474,"date":"2026-04-07T13:11:58","date_gmt":"2026-04-07T10:11:58","guid":{"rendered":"https:\/\/ceoparts.com\/?post_type=product&#038;p=21474"},"modified":"2026-04-08T17:05:16","modified_gmt":"2026-04-08T14:05:16","slug":"140-55-9-nexen-siyah-dolgu-lastik","status":"publish","type":"product","link":"https:\/\/ceoparts.com\/de\/urun\/140-55-9-nexen-siyah-dolgu-lastik\/","title":{"rendered":"140\/55-9 Nexen Schwarzer Vollgummireifen"},"content":{"rendered":"<p>140\/55-9 Nexen Schwarzer Vollgummireifen<\/p>","protected":false},"excerpt":{"rendered":"<p data-start=\"1732\" data-end=\"2162\"><strong data-start=\"1732\" data-end=\"1765\">Nexen Vollgummi-Staplerreifen<\/strong> sind hochwertige Reifen, die speziell f\u00fcr Gabelstapler und Flurf\u00f6rderzeuge entwickelt wurden. Dank ihrer speziellen Gummimischung und der verst\u00e4rkten Lauffl\u00e4che bieten sie hohe Leistung unter schweren Lasten, eine lange Lebensdauer und geringen Verschlei\u00df. Das verbesserte Profil- und Rillendesign sorgt f\u00fcr eine hohe Widerstandsf\u00e4higkeit gegen Vibrationen und St\u00f6\u00dfe sowie f\u00fcr eine stabile Fahrt.<\/p>\n<p data-start=\"2164\" data-end=\"2181\"><strong data-start=\"2164\" data-end=\"2181\">Hauptmerkmale<\/strong><\/p>\n<ul data-start=\"2182\" data-end=\"2408\">\n<li data-section-id=\"ke6pg3\" data-start=\"2182\" data-end=\"2231\">Verst\u00e4rkte Lauffl\u00e4che f\u00fcr l\u00e4ngere Lebensdauer<\/li>\n<li data-section-id=\"1kbgum5\" data-start=\"2232\" data-end=\"2261\">Hohe Verschlei\u00dffestigkeit<\/li>\n<li data-section-id=\"134pi3h\" data-start=\"2262\" data-end=\"2310\">Widerstandsf\u00e4hig gegen Vibrationen und St\u00f6\u00dfe<\/li>\n<li data-section-id=\"19mq7b0\" data-start=\"2311\" data-end=\"2363\">Gleichm\u00e4\u00dfige Lastverteilung und stabiler Betrieb<\/li>\n<li data-section-id=\"1em7dp\" data-start=\"2364\" data-end=\"2408\">Ideal f\u00fcr Gabelstapler und F\u00f6rdertechnik<\/li>\n<\/ul>\n","protected":false},"featured_media":21471,"template":"","meta":[],"product_brand":[],"product_cat":[516,536],"product_tag":[],"class_list":{"0":"post-21474","1":"product","2":"type-product","3":"status-publish","4":"has-post-thumbnail","6":"product_cat-dolgu-lastikler","7":"product_cat-siyah-dolgu-lstikler","9":"first","10":"instock","11":"taxable","12":"shipping-taxable","13":"purchasable","14":"product-type-variable"},"_links":{"self":[{"href":"https:\/\/ceoparts.com\/de\/wp-json\/wp\/v2\/product\/21474","targetHints":{"allow":["GET"]}}],"collection":[{"href":"https:\/\/ceoparts.com\/de\/wp-json\/wp\/v2\/product"}],"about":[{"href":"https:\/\/ceoparts.com\/de\/wp-json\/wp\/v2\/types\/product"}],"wp:featuredmedia":[{"embeddable":true,"href":"https:\/\/ceoparts.com\/de\/wp-json\/wp\/v2\/media\/21471"}],"wp:attachment":[{"href":"https:\/\/ceoparts.com\/de\/wp-json\/wp\/v2\/media?parent=21474"}],"wp:term":[{"taxonomy":"product_brand","embeddable":true,"href":"https:\/\/ceoparts.com\/de\/wp-json\/wp\/v2\/product_brand?post=21474"},{"taxonomy":"product_cat","embeddable":true,"href":"https:\/\/ceoparts.com\/de\/wp-json\/wp\/v2\/product_cat?post=21474"},{"taxonomy":"product_tag","embeddable":true,"href":"https:\/\/ceoparts.com\/de\/wp-json\/wp\/v2\/product_tag?post=21474"}],"curies":[{"name":"wp","href":"https:\/\/api.w.org\/{rel}","templated":true}]}}