{"id":21708,"date":"2026-04-20T13:06:48","date_gmt":"2026-04-20T10:06:48","guid":{"rendered":"https:\/\/ceoparts.com\/?post_type=product&#038;p=21708"},"modified":"2026-04-23T08:22:56","modified_gmt":"2026-04-23T05:22:56","slug":"bt-lwe160-gobek-rulmani-7731656","status":"publish","type":"product","link":"https:\/\/ceoparts.com\/de\/urun\/bt-lwe160-gobek-rulmani-7731656\/","title":{"rendered":"BT \/ LWE160 Nabenlager &#8211; 7731656"},"content":{"rendered":"<p>BT \/ LWE160 Nabenlager &#8211; 7731656<\/p>\n<p>BT \/ LWE160 Nabenlager &#8211; 7731656<\/p>\n<p><\/p>","protected":false},"excerpt":{"rendered":"<p data-start=\"1152\" data-end=\"1411\">Das <strong data-start=\"1156\" data-end=\"1184\">BT Radnabenlager 7731656<\/strong> ist eine wichtige mechanische Komponente im Fahr- und Radsystem der BT Toyota LWE160 Elektro-Hubwagen. Es erm\u00f6glicht eine reibungsarme Drehbewegung der R\u00e4der und sorgt f\u00fcr einen stabilen und effizienten Betrieb der Maschine.<\/p>\n<p data-start=\"1413\" data-end=\"1486\"><strong data-start=\"1413\" data-end=\"1436\">Verwendete Modelle:<\/strong><br data-start=\"1436\" data-end=\"1439\" \/>BT <strong data-start=\"1442\" data-end=\"1453\">7731656<\/strong><br data-start=\"1453\" data-end=\"1456\" \/>BT <strong data-start=\"1459\" data-end=\"1486\">LWE160 Elektro-Hubwagen<\/strong><\/p>\n","protected":false},"featured_media":21717,"template":"","meta":[],"product_brand":[],"product_cat":[459],"product_tag":[],"class_list":{"0":"post-21708","1":"product","2":"type-product","3":"status-publish","4":"has-post-thumbnail","6":"product_cat-gobek-rulmanlar","8":"first","9":"instock","10":"taxable","11":"shipping-taxable","12":"purchasable","13":"product-type-simple"},"_links":{"self":[{"href":"https:\/\/ceoparts.com\/de\/wp-json\/wp\/v2\/product\/21708","targetHints":{"allow":["GET"]}}],"collection":[{"href":"https:\/\/ceoparts.com\/de\/wp-json\/wp\/v2\/product"}],"about":[{"href":"https:\/\/ceoparts.com\/de\/wp-json\/wp\/v2\/types\/product"}],"wp:featuredmedia":[{"embeddable":true,"href":"https:\/\/ceoparts.com\/de\/wp-json\/wp\/v2\/media\/21717"}],"wp:attachment":[{"href":"https:\/\/ceoparts.com\/de\/wp-json\/wp\/v2\/media?parent=21708"}],"wp:term":[{"taxonomy":"product_brand","embeddable":true,"href":"https:\/\/ceoparts.com\/de\/wp-json\/wp\/v2\/product_brand?post=21708"},{"taxonomy":"product_cat","embeddable":true,"href":"https:\/\/ceoparts.com\/de\/wp-json\/wp\/v2\/product_cat?post=21708"},{"taxonomy":"product_tag","embeddable":true,"href":"https:\/\/ceoparts.com\/de\/wp-json\/wp\/v2\/product_tag?post=21708"}],"curies":[{"name":"wp","href":"https:\/\/api.w.org\/{rel}","templated":true}]}}