{"id":21721,"date":"2026-04-20T13:45:32","date_gmt":"2026-04-20T10:45:32","guid":{"rendered":"https:\/\/ceoparts.com\/?post_type=product&#038;p=21721"},"modified":"2026-04-23T10:01:08","modified_gmt":"2026-04-23T07:01:08","slug":"bt-spe160-gobek-rulmani-disli-7568817","status":"publish","type":"product","link":"https:\/\/ceoparts.com\/de\/urun\/bt-spe160-gobek-rulmani-disli-7568817\/","title":{"rendered":"BT \/ SPE160 Nabenlager Zahnrad &#8211; 7568817"},"content":{"rendered":"<p>BT \/ SPE160 Nabenlager Zahnrad &#8211; 7568817<\/p>","protected":false},"excerpt":{"rendered":"<p data-start=\"1312\" data-end=\"1630\">Das <strong data-start=\"1316\" data-end=\"1352\">BT Radnabenlager-Zahnrad 7568817<\/strong> ist eine wichtige Antriebskomponente f\u00fcr BT Toyota SPE160 Hochhubwagen. Es befindet sich im Fahr- und Differenzialsystem und sorgt f\u00fcr eine reibungsarme und stabile Drehbewegung der R\u00e4der. Die robuste Konstruktion gew\u00e4hrleistet eine lange Lebensdauer und zuverl\u00e4ssige Leistung.<\/p>\n<p data-start=\"1632\" data-end=\"1674\"><strong data-start=\"1632\" data-end=\"1655\">Verwendete Modelle:<\/strong><br data-start=\"1655\" data-end=\"1658\" \/>BT <strong data-start=\"1661\" data-end=\"1672\">7568817<\/strong><\/p>\n<p data-start=\"1676\" data-end=\"1702\">BT <strong data-start=\"1679\" data-end=\"1702\">SPE160 Hochhubwagen<\/strong><\/p>\n","protected":false},"featured_media":21722,"template":"","meta":[],"product_brand":[],"product_cat":[459],"product_tag":[],"class_list":{"0":"post-21721","1":"product","2":"type-product","3":"status-publish","4":"has-post-thumbnail","6":"product_cat-gobek-rulmanlar","8":"first","9":"instock","10":"taxable","11":"shipping-taxable","12":"purchasable","13":"product-type-simple"},"_links":{"self":[{"href":"https:\/\/ceoparts.com\/de\/wp-json\/wp\/v2\/product\/21721","targetHints":{"allow":["GET"]}}],"collection":[{"href":"https:\/\/ceoparts.com\/de\/wp-json\/wp\/v2\/product"}],"about":[{"href":"https:\/\/ceoparts.com\/de\/wp-json\/wp\/v2\/types\/product"}],"wp:featuredmedia":[{"embeddable":true,"href":"https:\/\/ceoparts.com\/de\/wp-json\/wp\/v2\/media\/21722"}],"wp:attachment":[{"href":"https:\/\/ceoparts.com\/de\/wp-json\/wp\/v2\/media?parent=21721"}],"wp:term":[{"taxonomy":"product_brand","embeddable":true,"href":"https:\/\/ceoparts.com\/de\/wp-json\/wp\/v2\/product_brand?post=21721"},{"taxonomy":"product_cat","embeddable":true,"href":"https:\/\/ceoparts.com\/de\/wp-json\/wp\/v2\/product_cat?post=21721"},{"taxonomy":"product_tag","embeddable":true,"href":"https:\/\/ceoparts.com\/de\/wp-json\/wp\/v2\/product_tag?post=21721"}],"curies":[{"name":"wp","href":"https:\/\/api.w.org\/{rel}","templated":true}]}}