{"id":21747,"date":"2026-04-20T15:42:43","date_gmt":"2026-04-20T12:42:43","guid":{"rendered":"https:\/\/ceoparts.com\/?post_type=product&#038;p=21747"},"modified":"2026-04-23T15:49:38","modified_gmt":"2026-04-23T12:49:38","slug":"jungheinrich-takoz-51161690","status":"publish","type":"product","link":"https:\/\/ceoparts.com\/de\/urun\/jungheinrich-takoz-51161690\/","title":{"rendered":"Jungheinrich Anschlagblock &#8211; 51161690"},"content":{"rendered":"<p>Jungheinrich Anschlagblock &#8211; 51161690<\/p>","protected":false},"excerpt":{"rendered":"<p data-start=\"1416\" data-end=\"2100\">Der <strong data-start=\"1420\" data-end=\"1460\">Jungheinrich Anschlagpuffer 51161690<\/strong> ist ein Fahrgestell- oder mechanisches St\u00fctzelement, das in Gabelstaplern und Lagertechnikger\u00e4ten zur D\u00e4mpfung von Vibrationen und mechanischen St\u00f6\u00dfen eingesetzt wird. Dank seiner Gummi- oder Elastomerstruktur absorbiert er w\u00e4hrend des Betriebs entstehende Vibrationen und St\u00f6\u00dfe und sorgt f\u00fcr einen stabileren Betrieb der Maschine. Dieses Bauteil sch\u00fctzt die zugeh\u00f6rigen mechanischen Komponenten, verl\u00e4ngert die Lebensdauer der Ausr\u00fcstung und reduziert Ger\u00e4usche sowie mechanischen Verschlei\u00df w\u00e4hrend des Betriebs. Original Jungheinrich Ersatzteile sind speziell daf\u00fcr entwickelt, die Leistung und Sicherheit der Maschine zu gew\u00e4hrleisten.<\/p>\n<p data-start=\"2102\" data-end=\"2426\"><strong data-start=\"2102\" data-end=\"2120\">Eigenschaften:<\/strong><br data-start=\"2120\" data-end=\"2123\" \/>Produktname: Jungheinrich Anschlagpuffer<br data-start=\"2163\" data-end=\"2166\" \/>Teilenummer: 51161690<br data-start=\"2187\" data-end=\"2190\" \/>Material: Gummi \/ elastomere vibrationsd\u00e4mpfende Struktur<br data-start=\"2247\" data-end=\"2250\" \/>Anwendungsbereich: Vibrations- und Sto\u00dfd\u00e4mpfung in Gabelstaplern und Hochhubwagen<br data-start=\"2331\" data-end=\"2334\" \/>Vorteil: Reduzierte Vibrationen, mechanischer Schutz, stabiler Betrieb und lange Lebensdauer<\/p>\n","protected":false},"featured_media":21749,"template":"","meta":[],"product_brand":[],"product_cat":[470],"product_tag":[],"class_list":{"0":"post-21747","1":"product","2":"type-product","3":"status-publish","4":"has-post-thumbnail","6":"product_cat-diger-yedek-parcalar","8":"first","9":"instock","10":"taxable","11":"shipping-taxable","12":"purchasable","13":"product-type-simple"},"_links":{"self":[{"href":"https:\/\/ceoparts.com\/de\/wp-json\/wp\/v2\/product\/21747","targetHints":{"allow":["GET"]}}],"collection":[{"href":"https:\/\/ceoparts.com\/de\/wp-json\/wp\/v2\/product"}],"about":[{"href":"https:\/\/ceoparts.com\/de\/wp-json\/wp\/v2\/types\/product"}],"wp:featuredmedia":[{"embeddable":true,"href":"https:\/\/ceoparts.com\/de\/wp-json\/wp\/v2\/media\/21749"}],"wp:attachment":[{"href":"https:\/\/ceoparts.com\/de\/wp-json\/wp\/v2\/media?parent=21747"}],"wp:term":[{"taxonomy":"product_brand","embeddable":true,"href":"https:\/\/ceoparts.com\/de\/wp-json\/wp\/v2\/product_brand?post=21747"},{"taxonomy":"product_cat","embeddable":true,"href":"https:\/\/ceoparts.com\/de\/wp-json\/wp\/v2\/product_cat?post=21747"},{"taxonomy":"product_tag","embeddable":true,"href":"https:\/\/ceoparts.com\/de\/wp-json\/wp\/v2\/product_tag?post=21747"}],"curies":[{"name":"wp","href":"https:\/\/api.w.org\/{rel}","templated":true}]}}