{"id":21817,"date":"2026-04-24T10:10:35","date_gmt":"2026-04-24T07:10:35","guid":{"rendered":"https:\/\/ceoparts.com\/?post_type=product&#038;p=21817"},"modified":"2026-04-26T07:11:42","modified_gmt":"2026-04-26T04:11:42","slug":"jungheinrich-eje116-ust-kapak-51010791-51027642","status":"publish","type":"product","link":"https:\/\/ceoparts.com\/de\/urun\/jungheinrich-eje116-ust-kapak-51010791-51027642\/","title":{"rendered":"JUNGHEINRICH &#8211; Eje116 Obere Abdeckung &#8211; 51010791, 51027642"},"content":{"rendered":"<p>JUNGHEINRICH &#8211; Eje116 Obere Abdeckung &#8211; 51010791, 51027642<\/p>","protected":false},"excerpt":{"rendered":"<p>Die <strong data-start=\"1805\" data-end=\"1842\">Jungheinrich EJE116 Oberabdeckung<\/strong> ist ein Schutzgeh\u00e4use f\u00fcr den oberen Steuerungs- und Elektronikbereich von Jungheinrich Elektro-Hubwagen. Sie sch\u00fctzt interne Komponenten vor Staub, St\u00f6\u00dfen und \u00e4u\u00dferen Einfl\u00fcssen.<\/p>\n","protected":false},"featured_media":21821,"template":"","meta":[],"product_brand":[],"product_cat":[472,522],"product_tag":[],"class_list":{"0":"post-21817","1":"product","2":"type-product","3":"status-publish","4":"has-post-thumbnail","6":"product_cat-kaporta-aksami","7":"product_cat-yedek-parca-jungheinrich","9":"first","10":"instock","11":"taxable","12":"shipping-taxable","13":"purchasable","14":"product-type-simple"},"_links":{"self":[{"href":"https:\/\/ceoparts.com\/de\/wp-json\/wp\/v2\/product\/21817","targetHints":{"allow":["GET"]}}],"collection":[{"href":"https:\/\/ceoparts.com\/de\/wp-json\/wp\/v2\/product"}],"about":[{"href":"https:\/\/ceoparts.com\/de\/wp-json\/wp\/v2\/types\/product"}],"wp:featuredmedia":[{"embeddable":true,"href":"https:\/\/ceoparts.com\/de\/wp-json\/wp\/v2\/media\/21821"}],"wp:attachment":[{"href":"https:\/\/ceoparts.com\/de\/wp-json\/wp\/v2\/media?parent=21817"}],"wp:term":[{"taxonomy":"product_brand","embeddable":true,"href":"https:\/\/ceoparts.com\/de\/wp-json\/wp\/v2\/product_brand?post=21817"},{"taxonomy":"product_cat","embeddable":true,"href":"https:\/\/ceoparts.com\/de\/wp-json\/wp\/v2\/product_cat?post=21817"},{"taxonomy":"product_tag","embeddable":true,"href":"https:\/\/ceoparts.com\/de\/wp-json\/wp\/v2\/product_tag?post=21817"}],"curies":[{"name":"wp","href":"https:\/\/api.w.org\/{rel}","templated":true}]}}