{"id":21844,"date":"2026-04-24T11:45:50","date_gmt":"2026-04-24T08:45:50","guid":{"rendered":"https:\/\/ceoparts.com\/?post_type=product&#038;p=21844"},"modified":"2026-04-26T12:17:03","modified_gmt":"2026-04-26T09:17:03","slug":"6209-sensorlu-rulman-bmb6209","status":"publish","type":"product","link":"https:\/\/ceoparts.com\/de\/urun\/6209-sensorlu-rulman-bmb6209\/","title":{"rendered":"6209 Sensorlager &#8211; BMB6209"},"content":{"rendered":"<p>6209 Sensorlager &#8211; BMB6209<\/p>","protected":false},"excerpt":{"rendered":"<p data-start=\"1487\" data-end=\"1705\">Das <strong data-start=\"1491\" data-end=\"1514\">BMB6209 Sensorlager<\/strong> ist ein Lager mit integriertem Sensor, das in Gabelstaplern und Industrieger\u00e4ten eingesetzt wird. Es erkennt Rotationsbewegungen und \u00fcbertr\u00e4gt die Daten an das Steuerungssystem der Maschine.<\/p>\n<p data-start=\"1707\" data-end=\"1912\"><strong data-start=\"1707\" data-end=\"1725\">Eigenschaften:<\/strong><br data-start=\"1725\" data-end=\"1728\" \/>Produktname: 6209 Sensorlager<br data-start=\"1757\" data-end=\"1760\" \/>Teilenummer: BMB6209<br data-start=\"1780\" data-end=\"1783\" \/>Typ: Lager mit integriertem Sensor<br data-start=\"1817\" data-end=\"1820\" \/>Anwendung: Drehzahl- und Bewegungserkennung<br data-start=\"1863\" data-end=\"1866\" \/>Vorteil: Pr\u00e4zise Messung und lange Lebensdauer<\/p>\n","protected":false},"featured_media":21847,"template":"","meta":[],"product_brand":[],"product_cat":[469],"product_tag":[],"class_list":{"0":"post-21844","1":"product","2":"type-product","3":"status-publish","4":"has-post-thumbnail","6":"product_cat-elektrik-ve-sistem-parcalari","8":"first","9":"instock","10":"taxable","11":"shipping-taxable","12":"purchasable","13":"product-type-simple"},"_links":{"self":[{"href":"https:\/\/ceoparts.com\/de\/wp-json\/wp\/v2\/product\/21844","targetHints":{"allow":["GET"]}}],"collection":[{"href":"https:\/\/ceoparts.com\/de\/wp-json\/wp\/v2\/product"}],"about":[{"href":"https:\/\/ceoparts.com\/de\/wp-json\/wp\/v2\/types\/product"}],"wp:featuredmedia":[{"embeddable":true,"href":"https:\/\/ceoparts.com\/de\/wp-json\/wp\/v2\/media\/21847"}],"wp:attachment":[{"href":"https:\/\/ceoparts.com\/de\/wp-json\/wp\/v2\/media?parent=21844"}],"wp:term":[{"taxonomy":"product_brand","embeddable":true,"href":"https:\/\/ceoparts.com\/de\/wp-json\/wp\/v2\/product_brand?post=21844"},{"taxonomy":"product_cat","embeddable":true,"href":"https:\/\/ceoparts.com\/de\/wp-json\/wp\/v2\/product_cat?post=21844"},{"taxonomy":"product_tag","embeddable":true,"href":"https:\/\/ceoparts.com\/de\/wp-json\/wp\/v2\/product_tag?post=21844"}],"curies":[{"name":"wp","href":"https:\/\/api.w.org\/{rel}","templated":true}]}}