{"id":21860,"date":"2026-04-25T11:26:16","date_gmt":"2026-04-25T08:26:16","guid":{"rendered":"https:\/\/ceoparts.com\/?post_type=product&#038;p=21860"},"modified":"2026-04-26T17:21:28","modified_gmt":"2026-04-26T14:21:28","slug":"frotek-aku-hucre-baglanti-kablosu-50x1500","status":"publish","type":"product","link":"https:\/\/ceoparts.com\/de\/urun\/frotek-aku-hucre-baglanti-kablosu-50x1500\/","title":{"rendered":"Fr\u00f6tek Batteriezellen Verbindungskabel 50&#215;1500"},"content":{"rendered":"<p>Fr\u00f6tek Batteriezellen Verbindungskabel 50&#215;1500<\/p>","protected":false},"excerpt":{"rendered":"<p data-start=\"1559\" data-end=\"1826\">Das <strong data-start=\"1563\" data-end=\"1613\">Fr\u00f6tek Batteriezellen-Verbindungskabel 50\u00d71500<\/strong> wird zur sicheren elektrischen Verbindung zwischen Batteriezellen in Gabelstaplern und Industriefahrzeugen verwendet. Der flexible Kupferleiter erm\u00f6glicht eine hohe Strom\u00fcbertragung und stabile Energieversorgung.<\/p>\n<p data-start=\"1828\" data-end=\"2090\"><strong data-start=\"1828\" data-end=\"1846\">Eigenschaften:<\/strong><br data-start=\"1846\" data-end=\"1849\" \/>Produktname: Fr\u00f6tek Batteriezellen-Verbindungskabel<br data-start=\"1900\" data-end=\"1903\" \/>Gr\u00f6\u00dfe: 50 \u00d7 1500 mm<br data-start=\"1922\" data-end=\"1925\" \/>Material: Flexibler Kupferleiter mit robuster Isolierung<br data-start=\"1981\" data-end=\"1984\" \/>Anwendung: Batterieverbindungen in Gabelstaplern<br data-start=\"2032\" data-end=\"2035\" \/>Vorteil: Hohe Leitf\u00e4higkeit und zuverl\u00e4ssige Verbindung<\/p>\n","protected":false},"featured_media":21861,"template":"","meta":[],"product_brand":[],"product_cat":[446],"product_tag":[],"class_list":{"0":"post-21860","1":"product","2":"type-product","3":"status-publish","4":"has-post-thumbnail","6":"product_cat-aku-bar","8":"first","9":"instock","10":"taxable","11":"shipping-taxable","12":"purchasable","13":"product-type-simple"},"_links":{"self":[{"href":"https:\/\/ceoparts.com\/de\/wp-json\/wp\/v2\/product\/21860","targetHints":{"allow":["GET"]}}],"collection":[{"href":"https:\/\/ceoparts.com\/de\/wp-json\/wp\/v2\/product"}],"about":[{"href":"https:\/\/ceoparts.com\/de\/wp-json\/wp\/v2\/types\/product"}],"wp:featuredmedia":[{"embeddable":true,"href":"https:\/\/ceoparts.com\/de\/wp-json\/wp\/v2\/media\/21861"}],"wp:attachment":[{"href":"https:\/\/ceoparts.com\/de\/wp-json\/wp\/v2\/media?parent=21860"}],"wp:term":[{"taxonomy":"product_brand","embeddable":true,"href":"https:\/\/ceoparts.com\/de\/wp-json\/wp\/v2\/product_brand?post=21860"},{"taxonomy":"product_cat","embeddable":true,"href":"https:\/\/ceoparts.com\/de\/wp-json\/wp\/v2\/product_cat?post=21860"},{"taxonomy":"product_tag","embeddable":true,"href":"https:\/\/ceoparts.com\/de\/wp-json\/wp\/v2\/product_tag?post=21860"}],"curies":[{"name":"wp","href":"https:\/\/api.w.org\/{rel}","templated":true}]}}