{"id":21901,"date":"2026-04-28T14:18:40","date_gmt":"2026-04-28T11:18:40","guid":{"rendered":"https:\/\/ceoparts.com\/?post_type=product&#038;p=21901"},"modified":"2026-05-02T06:23:59","modified_gmt":"2026-05-02T03:23:59","slug":"still-encoder-8409923","status":"publish","type":"product","link":"https:\/\/ceoparts.com\/de\/urun\/still-encoder-8409923\/","title":{"rendered":"STILL Encoder &#8211; 8409923"},"content":{"rendered":"<p>STILL Encoder &#8211; 8409923<\/p>","protected":false},"excerpt":{"rendered":"<p data-start=\"1397\" data-end=\"1530\">Der <strong data-start=\"1401\" data-end=\"1426\">STILL Encoder 8409923<\/strong> ist ein pr\u00e4ziser Sensor zur Messung von Drehzahl und Position in Gabelstaplern und Lagertechnikger\u00e4ten.<\/p>\n<p data-start=\"1532\" data-end=\"1743\"><strong data-start=\"1532\" data-end=\"1550\">Eigenschaften:<\/strong><br data-start=\"1550\" data-end=\"1553\" \/>Produktname: STILL Encoder<br data-start=\"1579\" data-end=\"1582\" \/>Teilenummer: 8409923<br data-start=\"1602\" data-end=\"1605\" \/>Typ: Drehzahl- und Positionssensor<br data-start=\"1639\" data-end=\"1642\" \/>Anwendung: Motor- und Bewegungssteuerung<br data-start=\"1682\" data-end=\"1685\" \/>Vorteil: Pr\u00e4zise Messung und zuverl\u00e4ssige Daten\u00fcbertragung<\/p>\n","protected":false},"featured_media":21903,"template":"","meta":[],"product_brand":[],"product_cat":[469,524,470],"product_tag":[],"class_list":{"0":"post-21901","1":"product","2":"type-product","3":"status-publish","4":"has-post-thumbnail","6":"product_cat-elektrik-ve-sistem-parcalari","7":"product_cat-yedek-parca-still","8":"product_cat-diger-yedek-parcalar","10":"first","11":"instock","12":"taxable","13":"shipping-taxable","14":"purchasable","15":"product-type-simple"},"_links":{"self":[{"href":"https:\/\/ceoparts.com\/de\/wp-json\/wp\/v2\/product\/21901","targetHints":{"allow":["GET"]}}],"collection":[{"href":"https:\/\/ceoparts.com\/de\/wp-json\/wp\/v2\/product"}],"about":[{"href":"https:\/\/ceoparts.com\/de\/wp-json\/wp\/v2\/types\/product"}],"wp:featuredmedia":[{"embeddable":true,"href":"https:\/\/ceoparts.com\/de\/wp-json\/wp\/v2\/media\/21903"}],"wp:attachment":[{"href":"https:\/\/ceoparts.com\/de\/wp-json\/wp\/v2\/media?parent=21901"}],"wp:term":[{"taxonomy":"product_brand","embeddable":true,"href":"https:\/\/ceoparts.com\/de\/wp-json\/wp\/v2\/product_brand?post=21901"},{"taxonomy":"product_cat","embeddable":true,"href":"https:\/\/ceoparts.com\/de\/wp-json\/wp\/v2\/product_cat?post=21901"},{"taxonomy":"product_tag","embeddable":true,"href":"https:\/\/ceoparts.com\/de\/wp-json\/wp\/v2\/product_tag?post=21901"}],"curies":[{"name":"wp","href":"https:\/\/api.w.org\/{rel}","templated":true}]}}