{"id":21914,"date":"2026-04-28T14:42:03","date_gmt":"2026-04-28T11:42:03","guid":{"rendered":"https:\/\/ceoparts.com\/?post_type=product&#038;p=21914"},"modified":"2026-05-02T06:27:15","modified_gmt":"2026-05-02T03:27:15","slug":"linde-r16-sensor-7917415190","status":"publish","type":"product","link":"https:\/\/ceoparts.com\/de\/urun\/linde-r16-sensor-7917415190\/","title":{"rendered":"LINDE R16 Sensor &#8211; 7917415190"},"content":{"rendered":"<p>LINDE R16 Sensor &#8211; 7917415190<\/p>","protected":false},"excerpt":{"rendered":"<p data-start=\"1487\" data-end=\"1664\">Der <strong data-start=\"1491\" data-end=\"1522\">Linde R16 Sensor 7917415190<\/strong> ist ein elektronischer Sensor f\u00fcr Gabelstapler und Reach-Trucks, der Bewegungs- und Positionsinformationen an das Steuerungssystem \u00fcbertr\u00e4gt.<\/p>\n<p data-start=\"1666\" data-end=\"1875\"><strong data-start=\"1666\" data-end=\"1684\">Eigenschaften:<\/strong><br data-start=\"1684\" data-end=\"1687\" \/>Produktname: Linde R16 Sensor<br data-start=\"1716\" data-end=\"1719\" \/>Teilenummer: 7917415190<br data-start=\"1742\" data-end=\"1745\" \/>Typ: Elektronischer Sensor<br data-start=\"1771\" data-end=\"1774\" \/>Anwendung: Steuerungssysteme von Gabelstaplern<br data-start=\"1820\" data-end=\"1823\" \/>Vorteil: Pr\u00e4zise Erkennung und zuverl\u00e4ssige Funktion<\/p>\n","protected":false},"featured_media":21917,"template":"","meta":[],"product_brand":[],"product_cat":[469,523],"product_tag":[],"class_list":{"0":"post-21914","1":"product","2":"type-product","3":"status-publish","4":"has-post-thumbnail","6":"product_cat-elektrik-ve-sistem-parcalari","7":"product_cat-yedek-parca-linde","9":"first","10":"instock","11":"taxable","12":"shipping-taxable","13":"purchasable","14":"product-type-simple"},"_links":{"self":[{"href":"https:\/\/ceoparts.com\/de\/wp-json\/wp\/v2\/product\/21914","targetHints":{"allow":["GET"]}}],"collection":[{"href":"https:\/\/ceoparts.com\/de\/wp-json\/wp\/v2\/product"}],"about":[{"href":"https:\/\/ceoparts.com\/de\/wp-json\/wp\/v2\/types\/product"}],"wp:featuredmedia":[{"embeddable":true,"href":"https:\/\/ceoparts.com\/de\/wp-json\/wp\/v2\/media\/21917"}],"wp:attachment":[{"href":"https:\/\/ceoparts.com\/de\/wp-json\/wp\/v2\/media?parent=21914"}],"wp:term":[{"taxonomy":"product_brand","embeddable":true,"href":"https:\/\/ceoparts.com\/de\/wp-json\/wp\/v2\/product_brand?post=21914"},{"taxonomy":"product_cat","embeddable":true,"href":"https:\/\/ceoparts.com\/de\/wp-json\/wp\/v2\/product_cat?post=21914"},{"taxonomy":"product_tag","embeddable":true,"href":"https:\/\/ceoparts.com\/de\/wp-json\/wp\/v2\/product_tag?post=21914"}],"curies":[{"name":"wp","href":"https:\/\/api.w.org\/{rel}","templated":true}]}}