{"id":21939,"date":"2026-04-28T16:57:13","date_gmt":"2026-04-28T13:57:13","guid":{"rendered":"https:\/\/ceoparts.com\/?post_type=product&#038;p=21939"},"modified":"2026-05-02T05:53:14","modified_gmt":"2026-05-02T02:53:14","slug":"crown-koruyucu-ped-824090","status":"publish","type":"product","link":"https:\/\/ceoparts.com\/de\/urun\/crown-koruyucu-ped-824090\/","title":{"rendered":"Crown Schutzpolster &#8211; 824090"},"content":{"rendered":"<p>Crown Schutzpolster &#8211; 824090<\/p>","protected":false},"excerpt":{"rendered":"<p data-start=\"1450\" data-end=\"1556\">Das <strong data-start=\"1454\" data-end=\"1484\">Crown Schutzpolster 824090<\/strong> ist ein sto\u00dfd\u00e4mpfendes Bauteil f\u00fcr Gabelstapler und Lagertechnikger\u00e4te.<\/p>\n<p data-start=\"1558\" data-end=\"1759\"><strong data-start=\"1558\" data-end=\"1576\">Eigenschaften:<\/strong><br data-start=\"1576\" data-end=\"1579\" \/>Produktname: Crown Schutzpolster<br data-start=\"1611\" data-end=\"1614\" \/>Teilenummer: 824090<br data-start=\"1633\" data-end=\"1636\" \/>Material: Robuster Gummi \/ Elastomer<br data-start=\"1672\" data-end=\"1675\" \/>Anwendung: Sto\u00dfschutz f\u00fcr Industriefahrzeuge<br data-start=\"1719\" data-end=\"1722\" \/>Vorteil: Vibrations- und Sto\u00dfd\u00e4mpfung<\/p>\n","protected":false},"featured_media":21940,"template":"","meta":[],"product_brand":[],"product_cat":[519,470],"product_tag":[],"class_list":{"0":"post-21939","1":"product","2":"type-product","3":"status-publish","4":"has-post-thumbnail","6":"product_cat-yedek-parca-crown","7":"product_cat-diger-yedek-parcalar","9":"first","10":"instock","11":"taxable","12":"shipping-taxable","13":"purchasable","14":"product-type-simple"},"_links":{"self":[{"href":"https:\/\/ceoparts.com\/de\/wp-json\/wp\/v2\/product\/21939","targetHints":{"allow":["GET"]}}],"collection":[{"href":"https:\/\/ceoparts.com\/de\/wp-json\/wp\/v2\/product"}],"about":[{"href":"https:\/\/ceoparts.com\/de\/wp-json\/wp\/v2\/types\/product"}],"wp:featuredmedia":[{"embeddable":true,"href":"https:\/\/ceoparts.com\/de\/wp-json\/wp\/v2\/media\/21940"}],"wp:attachment":[{"href":"https:\/\/ceoparts.com\/de\/wp-json\/wp\/v2\/media?parent=21939"}],"wp:term":[{"taxonomy":"product_brand","embeddable":true,"href":"https:\/\/ceoparts.com\/de\/wp-json\/wp\/v2\/product_brand?post=21939"},{"taxonomy":"product_cat","embeddable":true,"href":"https:\/\/ceoparts.com\/de\/wp-json\/wp\/v2\/product_cat?post=21939"},{"taxonomy":"product_tag","embeddable":true,"href":"https:\/\/ceoparts.com\/de\/wp-json\/wp\/v2\/product_tag?post=21939"}],"curies":[{"name":"wp","href":"https:\/\/api.w.org\/{rel}","templated":true}]}}