{"id":22031,"date":"2026-05-04T14:56:08","date_gmt":"2026-05-04T11:56:08","guid":{"rendered":"https:\/\/ceoparts.com\/?post_type=product&#038;p=22031"},"modified":"2026-05-06T14:49:43","modified_gmt":"2026-05-06T11:49:43","slug":"linde-piyon-dislisi-3505274700","status":"publish","type":"product","link":"https:\/\/ceoparts.com\/de\/urun\/linde-piyon-dislisi-3505274700\/","title":{"rendered":"LINDE Ritzel &#8211; 3505274700"},"content":{"rendered":"<p>LINDE Ritzel &#8211; 3505274700<\/p>","protected":false},"excerpt":{"rendered":"<p>Das <strong data-start=\"1743\" data-end=\"1770\">Linde Ritzel 3505274700<\/strong> ist ein wichtiges Kraft\u00fcbertragungselement, das in den Antriebssystemen von Gabelstaplern und Lagertechnikger\u00e4ten eingesetzt wird. Es \u00fcbertr\u00e4gt die Motorleistung \u00fcber das Zahnradsystem und sorgt f\u00fcr eine gleichm\u00e4\u00dfige und effiziente Bewegung. Dank seiner hochfesten Stahlkonstruktion bietet es eine hohe Leistung unter schweren Lasten, ist verschlei\u00dffest und gew\u00e4hrleistet eine lange Lebensdauer. Es tr\u00e4gt zur stabilen Funktion des Fahr- und Antriebssystems der Maschine bei.<\/p>\n","protected":false},"featured_media":22039,"template":"","meta":[],"product_brand":[],"product_cat":[523,470],"product_tag":[],"class_list":{"0":"post-22031","1":"product","2":"type-product","3":"status-publish","4":"has-post-thumbnail","6":"product_cat-yedek-parca-linde","7":"product_cat-diger-yedek-parcalar","9":"first","10":"instock","11":"taxable","12":"shipping-taxable","13":"purchasable","14":"product-type-simple"},"_links":{"self":[{"href":"https:\/\/ceoparts.com\/de\/wp-json\/wp\/v2\/product\/22031","targetHints":{"allow":["GET"]}}],"collection":[{"href":"https:\/\/ceoparts.com\/de\/wp-json\/wp\/v2\/product"}],"about":[{"href":"https:\/\/ceoparts.com\/de\/wp-json\/wp\/v2\/types\/product"}],"wp:featuredmedia":[{"embeddable":true,"href":"https:\/\/ceoparts.com\/de\/wp-json\/wp\/v2\/media\/22039"}],"wp:attachment":[{"href":"https:\/\/ceoparts.com\/de\/wp-json\/wp\/v2\/media?parent=22031"}],"wp:term":[{"taxonomy":"product_brand","embeddable":true,"href":"https:\/\/ceoparts.com\/de\/wp-json\/wp\/v2\/product_brand?post=22031"},{"taxonomy":"product_cat","embeddable":true,"href":"https:\/\/ceoparts.com\/de\/wp-json\/wp\/v2\/product_cat?post=22031"},{"taxonomy":"product_tag","embeddable":true,"href":"https:\/\/ceoparts.com\/de\/wp-json\/wp\/v2\/product_tag?post=22031"}],"curies":[{"name":"wp","href":"https:\/\/api.w.org\/{rel}","templated":true}]}}