{"id":22061,"date":"2026-05-05T10:33:21","date_gmt":"2026-05-05T07:33:21","guid":{"rendered":"https:\/\/ceoparts.com\/?post_type=product&#038;p=22061"},"modified":"2026-05-06T15:11:35","modified_gmt":"2026-05-06T12:11:35","slug":"180x50-20-poliamid-transpalet-yuruyus-tekeri","status":"publish","type":"product","link":"https:\/\/ceoparts.com\/de\/urun\/180x50-20-poliamid-transpalet-yuruyus-tekeri\/","title":{"rendered":"180&#215;50-20 Laufrolle"},"content":{"rendered":"<p>180&#215;50-20 Laufrolle<\/p>","protected":false},"excerpt":{"rendered":"<p data-start=\"0\" data-end=\"420\">180\u00d750-20 Laufrolle ist ein langlebiges und qualitativ hochwertiges Rad, das bei Gabelstaplern und industriellen Transportfahrzeugen eingesetzt wird. Mit einem Durchmesser von 180 mm und einer Breite von 50 mm bietet es eine gro\u00dfe Kontaktfl\u00e4che zum Boden f\u00fcr stabile Fahrt und Balance. Die Polyurethanbeschichtung sorgt f\u00fcr Abriebfestigkeit sowie leisen und rutschfesten Betrieb. F\u00fcr schwere Lasten ausgelegt, garantiert es eine lange Lebensdauer.<\/p>\n<p data-start=\"1910\" data-end=\"2237\"><strong data-start=\"1910\" data-end=\"1928\">Eigenschaften:<\/strong><br data-start=\"1928\" data-end=\"1931\" \/><strong data-start=\"1931\" data-end=\"1947\">Produktname:<\/strong> 180\u00d750-20 Laufrolle<br data-start=\"1967\" data-end=\"1970\" \/><strong data-start=\"1970\" data-end=\"1986\">Teilenummer:<\/strong> \u2013<br data-start=\"1988\" data-end=\"1991\" \/><strong data-start=\"1991\" data-end=\"2004\">Material:<\/strong> Polyurethanbeschichtung, Stahlk\u00f6rper<br data-start=\"2041\" data-end=\"2044\" \/><strong data-start=\"2044\" data-end=\"2063\">Einsatzbereich:<\/strong> Laufrolle f\u00fcr Gabelstapler und industrielle Transportfahrzeuge<br data-start=\"2126\" data-end=\"2129\" \/><strong data-start=\"2129\" data-end=\"2141\">Vorteil:<\/strong> Gro\u00dfe Kontaktfl\u00e4che f\u00fcr stabile Fahrt, hohe Abriebfestigkeit, leiser und rutschfester Betrieb<\/p>\n<p data-start=\"2239\" data-end=\"2633\">\n","protected":false},"featured_media":22060,"template":"","meta":[],"product_brand":[],"product_cat":[539,547,193],"product_tag":[],"class_list":{"0":"post-22061","1":"product","2":"type-product","3":"status-publish","4":"has-post-thumbnail","6":"product_cat-transpalet-tekeri","7":"product_cat-poliamid-yuruyus-tekeri","8":"product_cat-yuruyus-tekeri","10":"first","11":"instock","12":"taxable","13":"shipping-taxable","14":"purchasable","15":"product-type-simple"},"_links":{"self":[{"href":"https:\/\/ceoparts.com\/de\/wp-json\/wp\/v2\/product\/22061","targetHints":{"allow":["GET"]}}],"collection":[{"href":"https:\/\/ceoparts.com\/de\/wp-json\/wp\/v2\/product"}],"about":[{"href":"https:\/\/ceoparts.com\/de\/wp-json\/wp\/v2\/types\/product"}],"wp:featuredmedia":[{"embeddable":true,"href":"https:\/\/ceoparts.com\/de\/wp-json\/wp\/v2\/media\/22060"}],"wp:attachment":[{"href":"https:\/\/ceoparts.com\/de\/wp-json\/wp\/v2\/media?parent=22061"}],"wp:term":[{"taxonomy":"product_brand","embeddable":true,"href":"https:\/\/ceoparts.com\/de\/wp-json\/wp\/v2\/product_brand?post=22061"},{"taxonomy":"product_cat","embeddable":true,"href":"https:\/\/ceoparts.com\/de\/wp-json\/wp\/v2\/product_cat?post=22061"},{"taxonomy":"product_tag","embeddable":true,"href":"https:\/\/ceoparts.com\/de\/wp-json\/wp\/v2\/product_tag?post=22061"}],"curies":[{"name":"wp","href":"https:\/\/api.w.org\/{rel}","templated":true}]}}