{"id":22087,"date":"2026-05-06T13:34:12","date_gmt":"2026-05-06T10:34:12","guid":{"rendered":"https:\/\/ceoparts.com\/?post_type=product&#038;p=22087"},"modified":"2026-05-06T16:33:15","modified_gmt":"2026-05-06T13:33:15","slug":"linde-r16-plastik-kapak-0009620309","status":"publish","type":"product","link":"https:\/\/ceoparts.com\/de\/urun\/linde-r16-plastik-kapak-0009620309\/","title":{"rendered":"LINDE &#8211; R16 Kunststoffabdeckung &#8211; 0009620309"},"content":{"rendered":"<p>LINDE &#8211; R16 Kunststoffabdeckung &#8211; 0009620309<\/p>","protected":false},"excerpt":{"rendered":"<p data-start=\"1605\" data-end=\"2016\">Die <strong data-start=\"1609\" data-end=\"1653\">Linde R16 Kunststoffabdeckung 0009620309<\/strong> ist ein Schutzteil f\u00fcr Gabelstapler und Reach-Trucks. Sie sch\u00fctzt mechanische und elektronische Komponenten vor Staub, Schmutz, St\u00f6\u00dfen und \u00e4u\u00dferen Einfl\u00fcssen. Dank ihrer robusten Kunststoffkonstruktion bietet sie eine lange Lebensdauer auch unter anspruchsvollen industriellen Einsatzbedingungen und tr\u00e4gt zu einem sicheren und stabilen Betrieb der Maschine bei.<\/p>\n<p data-start=\"2018\" data-end=\"2294\"><strong data-start=\"2018\" data-end=\"2036\">Eigenschaften:<\/strong><br data-start=\"2036\" data-end=\"2039\" \/>Produktname: Linde R16 Kunststoffabdeckung<br data-start=\"2081\" data-end=\"2084\" \/>Teilenummer: 0009620309<br data-start=\"2107\" data-end=\"2110\" \/>Material: Robuster Industriekunststoff<br data-start=\"2148\" data-end=\"2151\" \/>Anwendung: Schutzabdeckungssystem f\u00fcr Gabelstapler und Reach-Trucks<br data-start=\"2218\" data-end=\"2221\" \/>Vorteil: Schutz der Komponenten, robuste Struktur und lange Lebensdauer<\/p>\n","protected":false},"featured_media":22088,"template":"","meta":[],"product_brand":[],"product_cat":[523,470,554],"product_tag":[],"class_list":{"0":"post-22087","1":"product","2":"type-product","3":"status-publish","4":"has-post-thumbnail","6":"product_cat-yedek-parca-linde","7":"product_cat-diger-yedek-parcalar","8":"product_cat-haftanin-urunleri","10":"first","11":"instock","12":"taxable","13":"shipping-taxable","14":"purchasable","15":"product-type-simple"},"_links":{"self":[{"href":"https:\/\/ceoparts.com\/de\/wp-json\/wp\/v2\/product\/22087","targetHints":{"allow":["GET"]}}],"collection":[{"href":"https:\/\/ceoparts.com\/de\/wp-json\/wp\/v2\/product"}],"about":[{"href":"https:\/\/ceoparts.com\/de\/wp-json\/wp\/v2\/types\/product"}],"wp:featuredmedia":[{"embeddable":true,"href":"https:\/\/ceoparts.com\/de\/wp-json\/wp\/v2\/media\/22088"}],"wp:attachment":[{"href":"https:\/\/ceoparts.com\/de\/wp-json\/wp\/v2\/media?parent=22087"}],"wp:term":[{"taxonomy":"product_brand","embeddable":true,"href":"https:\/\/ceoparts.com\/de\/wp-json\/wp\/v2\/product_brand?post=22087"},{"taxonomy":"product_cat","embeddable":true,"href":"https:\/\/ceoparts.com\/de\/wp-json\/wp\/v2\/product_cat?post=22087"},{"taxonomy":"product_tag","embeddable":true,"href":"https:\/\/ceoparts.com\/de\/wp-json\/wp\/v2\/product_tag?post=22087"}],"curies":[{"name":"wp","href":"https:\/\/api.w.org\/{rel}","templated":true}]}}