{"id":22103,"date":"2026-05-07T09:37:08","date_gmt":"2026-05-07T06:37:08","guid":{"rendered":"https:\/\/ceoparts.com\/?post_type=product&#038;p=22103"},"modified":"2026-05-14T05:50:02","modified_gmt":"2026-05-14T02:50:02","slug":"rema-160a-tutamak","status":"publish","type":"product","link":"https:\/\/ceoparts.com\/de\/urun\/rema-160a-tutamak\/","title":{"rendered":"Rema 160A Griff"},"content":{"rendered":"<p>Rema 160A Griff<\/p>","protected":false},"excerpt":{"rendered":"<p data-start=\"0\" data-end=\"320\">Rema 160\/320A Griff ist ein langlebiger und zuverl\u00e4ssiger Griff, der bei Batterieverbindungen von Gabelstaplern und Industriemaschinen verwendet wird. F\u00fcr hohe Stromst\u00e4rken ausgelegt, gew\u00e4hrleistet er sichere Batteriekreisverbindungen. Ergonomisches Design und robuste Materialien bieten lange Haltbarkeit und einfache Handhabung.<\/p>\n<p data-start=\"1601\" data-end=\"1928\"><strong data-start=\"1601\" data-end=\"1619\">Eigenschaften:<\/strong><br data-start=\"1619\" data-end=\"1622\" \/><strong data-start=\"1622\" data-end=\"1638\">Produktname:<\/strong> Rema 160\/320A Griff<br data-start=\"1658\" data-end=\"1661\" \/><strong data-start=\"1661\" data-end=\"1677\">Teilenummer:<\/strong> &#8211;<br data-start=\"1679\" data-end=\"1682\" \/><strong data-start=\"1682\" data-end=\"1695\">Material:<\/strong> Hochwertige Kunststoff- und Metallverbindungsteile<br data-start=\"1746\" data-end=\"1749\" \/><strong data-start=\"1749\" data-end=\"1768\">Einsatzbereich:<\/strong> Batterieverbindungen von Gabelstaplern, industrielle Energiesysteme<br data-start=\"1836\" data-end=\"1839\" \/><strong data-start=\"1839\" data-end=\"1851\">Vorteil:<\/strong> Hohe Stromtragf\u00e4higkeit, robuste Konstruktion, einfache Montage, langlebig<\/p>\n<p data-start=\"1930\" data-end=\"2258\">\n","protected":false},"featured_media":12579,"template":"","meta":[],"product_brand":[],"product_cat":[442,444],"product_tag":[],"class_list":{"0":"post-22103","1":"product","2":"type-product","3":"status-publish","4":"has-post-thumbnail","6":"product_cat-aku-yedek-parcalari","7":"product_cat-aku-fisi","9":"first","10":"instock","11":"taxable","12":"shipping-taxable","13":"purchasable","14":"product-type-simple"},"_links":{"self":[{"href":"https:\/\/ceoparts.com\/de\/wp-json\/wp\/v2\/product\/22103","targetHints":{"allow":["GET"]}}],"collection":[{"href":"https:\/\/ceoparts.com\/de\/wp-json\/wp\/v2\/product"}],"about":[{"href":"https:\/\/ceoparts.com\/de\/wp-json\/wp\/v2\/types\/product"}],"wp:featuredmedia":[{"embeddable":true,"href":"https:\/\/ceoparts.com\/de\/wp-json\/wp\/v2\/media\/12579"}],"wp:attachment":[{"href":"https:\/\/ceoparts.com\/de\/wp-json\/wp\/v2\/media?parent=22103"}],"wp:term":[{"taxonomy":"product_brand","embeddable":true,"href":"https:\/\/ceoparts.com\/de\/wp-json\/wp\/v2\/product_brand?post=22103"},{"taxonomy":"product_cat","embeddable":true,"href":"https:\/\/ceoparts.com\/de\/wp-json\/wp\/v2\/product_cat?post=22103"},{"taxonomy":"product_tag","embeddable":true,"href":"https:\/\/ceoparts.com\/de\/wp-json\/wp\/v2\/product_tag?post=22103"}],"curies":[{"name":"wp","href":"https:\/\/api.w.org\/{rel}","templated":true}]}}