{"id":22126,"date":"2026-05-08T12:31:08","date_gmt":"2026-05-08T09:31:08","guid":{"rendered":"https:\/\/ceoparts.com\/?post_type=product&#038;p=22126"},"modified":"2026-05-14T05:46:52","modified_gmt":"2026-05-14T02:46:52","slug":"nh00-7125-125a-bicakli-sigorta-busonu","status":"publish","type":"product","link":"https:\/\/ceoparts.com\/de\/urun\/nh00-7125-125a-bicakli-sigorta-busonu\/","title":{"rendered":"NH00 \u2013 7125 125A\u2013 Messer-Sicherungseinsatz"},"content":{"rendered":"<p>NH00 \u2013 7125 125A\u2013 Messer-Sicherungseinsatz<\/p>","protected":false},"excerpt":{"rendered":"<p data-start=\"1160\" data-end=\"1490\"><strong data-start=\"1160\" data-end=\"1205\">NH00 \u2013 7125 125A Messer-Sicherungsfassung<\/strong> ist eine langlebige und zuverl\u00e4ssige Sicherungshalterung, die in elektrischen Systemen \u00dcberstromschutz bietet. Mit einer Nennstromst\u00e4rke von 160 Ampere sorgt sie f\u00fcr sichere Verbindung und Schutz in Hochstromkreisen. H\u00e4ufig verwendet in industriellen und gewerblichen Schaltschr\u00e4nken.<\/p>\n<p data-start=\"1492\" data-end=\"1512\"><strong data-start=\"1492\" data-end=\"1510\">Eigenschaften:<\/strong><\/p>\n<ul data-start=\"1513\" data-end=\"1675\">\n<li data-start=\"1513\" data-end=\"1553\">\n<p data-start=\"1515\" data-end=\"1553\"><strong data-start=\"1515\" data-end=\"1523\">Typ:<\/strong> NH00 Messersicherungshalter<\/p>\n<\/li>\n<li data-start=\"1554\" data-end=\"1579\">\n<p data-start=\"1556\" data-end=\"1579\"><strong data-start=\"1556\" data-end=\"1566\">Strom:<\/strong> 125 Ampere<\/p>\n<\/li>\n<li data-start=\"1580\" data-end=\"1631\">\n<p data-start=\"1582\" data-end=\"1631\"><strong data-start=\"1582\" data-end=\"1595\">Funktion:<\/strong> Sicherungshalter, \u00dcberstromschutz<\/p>\n<\/li>\n<li data-start=\"1632\" data-end=\"1675\">\n<p data-start=\"1634\" data-end=\"1675\"><strong data-start=\"1634\" data-end=\"1675\">Robuste und zuverl\u00e4ssige Konstruktion<\/strong><\/p>\n<\/li>\n<\/ul>\n","protected":false},"featured_media":22128,"template":"","meta":[],"product_brand":[],"product_cat":[443],"product_tag":[],"class_list":{"0":"post-22126","1":"product","2":"type-product","3":"status-publish","4":"has-post-thumbnail","6":"product_cat-aku-parcalari","8":"first","9":"instock","10":"taxable","11":"shipping-taxable","12":"purchasable","13":"product-type-simple"},"_links":{"self":[{"href":"https:\/\/ceoparts.com\/de\/wp-json\/wp\/v2\/product\/22126","targetHints":{"allow":["GET"]}}],"collection":[{"href":"https:\/\/ceoparts.com\/de\/wp-json\/wp\/v2\/product"}],"about":[{"href":"https:\/\/ceoparts.com\/de\/wp-json\/wp\/v2\/types\/product"}],"wp:featuredmedia":[{"embeddable":true,"href":"https:\/\/ceoparts.com\/de\/wp-json\/wp\/v2\/media\/22128"}],"wp:attachment":[{"href":"https:\/\/ceoparts.com\/de\/wp-json\/wp\/v2\/media?parent=22126"}],"wp:term":[{"taxonomy":"product_brand","embeddable":true,"href":"https:\/\/ceoparts.com\/de\/wp-json\/wp\/v2\/product_brand?post=22126"},{"taxonomy":"product_cat","embeddable":true,"href":"https:\/\/ceoparts.com\/de\/wp-json\/wp\/v2\/product_cat?post=22126"},{"taxonomy":"product_tag","embeddable":true,"href":"https:\/\/ceoparts.com\/de\/wp-json\/wp\/v2\/product_tag?post=22126"}],"curies":[{"name":"wp","href":"https:\/\/api.w.org\/{rel}","templated":true}]}}