{"id":22422,"date":"2026-05-15T09:22:33","date_gmt":"2026-05-15T06:22:33","guid":{"rendered":"https:\/\/ceoparts.com\/?post_type=product&#038;p=22422"},"modified":"2026-05-16T07:17:44","modified_gmt":"2026-05-16T04:17:44","slug":"jungheinrich-acil-stop-kontaktoru-200a-51316837","status":"publish","type":"product","link":"https:\/\/ceoparts.com\/de\/urun\/jungheinrich-acil-stop-kontaktoru-200a-51316837\/","title":{"rendered":"Jungheinrich Not-Aus Sch\u00fctz 200A &#8211; 51316837"},"content":{"rendered":"<p>Jungheinrich Not-Aus Sch\u00fctz 200A &#8211; 51316837<\/p>","protected":false},"excerpt":{"rendered":"<p data-start=\"1832\" data-end=\"2355\">Der <strong data-start=\"1836\" data-end=\"1881\">Jungheinrich Not-Aus-Sch\u00fctz 200A 51316837<\/strong> ist ein Hochstrom-Schaltelement, das in Gabelstaplern und Lagertechnikger\u00e4ten verwendet wird, um im Notfall die Stromversorgung schnell und sicher zu unterbrechen. Als wichtiger Bestandteil des Not-Aus-Systems tr\u00e4gt es dazu bei, die Maschine sicher anzuhalten. Mit seiner Stromkapazit\u00e4t von 200A bietet es zuverl\u00e4ssige Leistung unter anspruchsvollen industriellen Einsatzbedingungen. Die robuste Kontaktstruktur und das stabile Geh\u00e4use gew\u00e4hrleisten eine lange Lebensdauer.<\/p>\n<p data-start=\"2357\" data-end=\"2666\"><strong data-start=\"2357\" data-end=\"2375\">Eigenschaften:<\/strong><br data-start=\"2375\" data-end=\"2378\" \/>Produktname: Jungheinrich Not-Aus-Sch\u00fctz<br data-start=\"2418\" data-end=\"2421\" \/>Teilenummer: 51316837<br data-start=\"2442\" data-end=\"2445\" \/>Stromkapazit\u00e4t: 200A<br data-start=\"2465\" data-end=\"2468\" \/>Typ: Not-Aus-Sch\u00fctz \/ DC-Leistungssch\u00fctz<br data-start=\"2508\" data-end=\"2511\" \/>Anwendung: Elektrische Systeme von Gabelstaplern und Lagertechnikger\u00e4ten<br data-start=\"2583\" data-end=\"2586\" \/>Vorteil: Sichere Stromunterbrechung, hohe Stromkapazit\u00e4t und lange Lebensdauer<\/p>\n","protected":false},"featured_media":22423,"template":"","meta":[],"product_brand":[],"product_cat":[522,462,554],"product_tag":[],"class_list":{"0":"post-22422","1":"product","2":"type-product","3":"status-publish","4":"has-post-thumbnail","6":"product_cat-yedek-parca-jungheinrich","7":"product_cat-kontaktorler","8":"product_cat-haftanin-urunleri","10":"first","11":"instock","12":"taxable","13":"shipping-taxable","14":"purchasable","15":"product-type-simple"},"_links":{"self":[{"href":"https:\/\/ceoparts.com\/de\/wp-json\/wp\/v2\/product\/22422","targetHints":{"allow":["GET"]}}],"collection":[{"href":"https:\/\/ceoparts.com\/de\/wp-json\/wp\/v2\/product"}],"about":[{"href":"https:\/\/ceoparts.com\/de\/wp-json\/wp\/v2\/types\/product"}],"wp:featuredmedia":[{"embeddable":true,"href":"https:\/\/ceoparts.com\/de\/wp-json\/wp\/v2\/media\/22423"}],"wp:attachment":[{"href":"https:\/\/ceoparts.com\/de\/wp-json\/wp\/v2\/media?parent=22422"}],"wp:term":[{"taxonomy":"product_brand","embeddable":true,"href":"https:\/\/ceoparts.com\/de\/wp-json\/wp\/v2\/product_brand?post=22422"},{"taxonomy":"product_cat","embeddable":true,"href":"https:\/\/ceoparts.com\/de\/wp-json\/wp\/v2\/product_cat?post=22422"},{"taxonomy":"product_tag","embeddable":true,"href":"https:\/\/ceoparts.com\/de\/wp-json\/wp\/v2\/product_tag?post=22422"}],"curies":[{"name":"wp","href":"https:\/\/api.w.org\/{rel}","templated":true}]}}