{"id":22428,"date":"2026-05-15T09:31:10","date_gmt":"2026-05-15T06:31:10","guid":{"rendered":"https:\/\/ceoparts.com\/?post_type=product&#038;p=22428"},"modified":"2026-05-16T07:27:01","modified_gmt":"2026-05-16T04:27:01","slug":"still-potansiyometre-8409929","status":"publish","type":"product","link":"https:\/\/ceoparts.com\/de\/urun\/still-potansiyometre-8409929\/","title":{"rendered":"STILL Potentiometer &#8211; 8409929"},"content":{"rendered":"<p>STILL Potentiometer &#8211; 8409929<\/p>","protected":false},"excerpt":{"rendered":"<p data-start=\"1795\" data-end=\"2399\">Das <strong data-start=\"1799\" data-end=\"1830\">STILL Potentiometer 8409929<\/strong> ist ein elektronisches Steuerelement f\u00fcr Gabelstapler und Lagertechnikger\u00e4te zur pr\u00e4zisen Regelung elektrischer Steuersignale. Es wandelt Bewegungen des Bedieners in Gas-, Lenk- oder Hydrauliksystemen in elektrische Signale um und unterst\u00fctzt dadurch einen kontrollierten und pr\u00e4zisen Betrieb der Maschine. Seine hochpr\u00e4zise Konstruktion sorgt f\u00fcr eine stabile Signal\u00fcbertragung und unterst\u00fctzt die sichere Nutzung des Ger\u00e4ts. Dank seiner robusten Elektronik bietet es zuverl\u00e4ssige Leistung und lange Lebensdauer unter anspruchsvollen industriellen Einsatzbedingungen.<\/p>\n<p data-start=\"2401\" data-end=\"2669\"><strong data-start=\"2401\" data-end=\"2419\">Eigenschaften:<\/strong><br data-start=\"2419\" data-end=\"2422\" \/>Produktname: STILL Potentiometer<br data-start=\"2454\" data-end=\"2457\" \/>Teilenummer: 8409929<br data-start=\"2477\" data-end=\"2480\" \/>Typ: Elektronisches Steuerpotentiometer<br data-start=\"2519\" data-end=\"2522\" \/>Anwendung: Steuerungssysteme f\u00fcr Gabelstapler und Lagertechnikger\u00e4te<br data-start=\"2590\" data-end=\"2593\" \/>Vorteil: Pr\u00e4zise Signal\u00fcbertragung, stabiler Betrieb und lange Lebensdauer<\/p>\n","protected":false},"featured_media":22430,"template":"","meta":[],"product_brand":[],"product_cat":[524,469,523,554],"product_tag":[],"class_list":{"0":"post-22428","1":"product","2":"type-product","3":"status-publish","4":"has-post-thumbnail","6":"product_cat-yedek-parca-still","7":"product_cat-elektrik-ve-sistem-parcalari","8":"product_cat-yedek-parca-linde","9":"product_cat-haftanin-urunleri","11":"first","12":"instock","13":"taxable","14":"shipping-taxable","15":"purchasable","16":"product-type-simple"},"_links":{"self":[{"href":"https:\/\/ceoparts.com\/de\/wp-json\/wp\/v2\/product\/22428","targetHints":{"allow":["GET"]}}],"collection":[{"href":"https:\/\/ceoparts.com\/de\/wp-json\/wp\/v2\/product"}],"about":[{"href":"https:\/\/ceoparts.com\/de\/wp-json\/wp\/v2\/types\/product"}],"wp:featuredmedia":[{"embeddable":true,"href":"https:\/\/ceoparts.com\/de\/wp-json\/wp\/v2\/media\/22430"}],"wp:attachment":[{"href":"https:\/\/ceoparts.com\/de\/wp-json\/wp\/v2\/media?parent=22428"}],"wp:term":[{"taxonomy":"product_brand","embeddable":true,"href":"https:\/\/ceoparts.com\/de\/wp-json\/wp\/v2\/product_brand?post=22428"},{"taxonomy":"product_cat","embeddable":true,"href":"https:\/\/ceoparts.com\/de\/wp-json\/wp\/v2\/product_cat?post=22428"},{"taxonomy":"product_tag","embeddable":true,"href":"https:\/\/ceoparts.com\/de\/wp-json\/wp\/v2\/product_tag?post=22428"}],"curies":[{"name":"wp","href":"https:\/\/api.w.org\/{rel}","templated":true}]}}