{"id":22459,"date":"2026-05-15T17:35:12","date_gmt":"2026-05-15T14:35:12","guid":{"rendered":"https:\/\/ceoparts.com\/?post_type=product&#038;p=22459"},"modified":"2026-05-16T04:56:06","modified_gmt":"2026-05-16T01:56:06","slug":"still-fan-24v-0-12a-8710059","status":"publish","type":"product","link":"https:\/\/ceoparts.com\/de\/urun\/still-fan-24v-0-12a-8710059\/","title":{"rendered":"STILL L\u00fcfter 24V 0.12A &#8211; 8710059"},"content":{"rendered":"<p>STILL L\u00fcfter 24V 0.12A &#8211; 8710059<\/p>","protected":false},"excerpt":{"rendered":"<p data-start=\"1749\" data-end=\"2348\">Der <strong data-start=\"1753\" data-end=\"1787\">STILL L\u00fcfter 24V 0.12A 8710059<\/strong> ist ein K\u00fchlventilator f\u00fcr Gabelstapler und Lagertechnikger\u00e4te zur K\u00fchlung elektronischer Systeme und elektrischer Komponenten. Er hilft dabei, w\u00e4hrend des Betriebs entstehende W\u00e4rme abzuf\u00fchren und unterst\u00fctzt dadurch den stabilen und sicheren Betrieb von Steuerger\u00e4ten, Elektronikplatinen und anderen empfindlichen Komponenten. Mit seiner Betriebsspannung von 24V und geringem Stromverbrauch bietet er energieeffiziente Leistung. Dank seiner robusten Konstruktion gew\u00e4hrleistet er eine lange Lebensdauer unter anspruchsvollen industriellen Einsatzbedingungen.<\/p>\n<p data-start=\"2350\" data-end=\"2657\"><strong data-start=\"2350\" data-end=\"2368\">Eigenschaften:<\/strong><br data-start=\"2368\" data-end=\"2371\" \/>Produktname: STILL L\u00fcfter 24V 0.12A<br data-start=\"2406\" data-end=\"2409\" \/>Teilenummer: 8710059<br data-start=\"2429\" data-end=\"2432\" \/>Spannung: 24V<br data-start=\"2445\" data-end=\"2448\" \/>Strom: 0.12A<br data-start=\"2460\" data-end=\"2463\" \/>Typ: K\u00fchlventilator f\u00fcr elektronische Systeme<br data-start=\"2508\" data-end=\"2511\" \/>Anwendung: Elektronische Systeme von Gabelstaplern und Lagertechnikger\u00e4ten<br data-start=\"2585\" data-end=\"2588\" \/>Vorteil: Effiziente K\u00fchlung, stabiler Betrieb und lange Lebensdauer<\/p>\n","protected":false},"featured_media":22461,"template":"","meta":[],"product_brand":[],"product_cat":[524,470,554],"product_tag":[],"class_list":{"0":"post-22459","1":"product","2":"type-product","3":"status-publish","4":"has-post-thumbnail","6":"product_cat-yedek-parca-still","7":"product_cat-diger-yedek-parcalar","8":"product_cat-haftanin-urunleri","10":"first","11":"instock","12":"taxable","13":"shipping-taxable","14":"purchasable","15":"product-type-simple"},"_links":{"self":[{"href":"https:\/\/ceoparts.com\/de\/wp-json\/wp\/v2\/product\/22459","targetHints":{"allow":["GET"]}}],"collection":[{"href":"https:\/\/ceoparts.com\/de\/wp-json\/wp\/v2\/product"}],"about":[{"href":"https:\/\/ceoparts.com\/de\/wp-json\/wp\/v2\/types\/product"}],"wp:featuredmedia":[{"embeddable":true,"href":"https:\/\/ceoparts.com\/de\/wp-json\/wp\/v2\/media\/22461"}],"wp:attachment":[{"href":"https:\/\/ceoparts.com\/de\/wp-json\/wp\/v2\/media?parent=22459"}],"wp:term":[{"taxonomy":"product_brand","embeddable":true,"href":"https:\/\/ceoparts.com\/de\/wp-json\/wp\/v2\/product_brand?post=22459"},{"taxonomy":"product_cat","embeddable":true,"href":"https:\/\/ceoparts.com\/de\/wp-json\/wp\/v2\/product_cat?post=22459"},{"taxonomy":"product_tag","embeddable":true,"href":"https:\/\/ceoparts.com\/de\/wp-json\/wp\/v2\/product_tag?post=22459"}],"curies":[{"name":"wp","href":"https:\/\/api.w.org\/{rel}","templated":true}]}}