{"id":7552,"date":"2020-10-21T10:38:01","date_gmt":"2020-10-21T07:38:01","guid":{"rendered":"http:\/\/ceoparts.com\/tr\/?post_type=product&#038;p=7552"},"modified":"2026-05-16T16:07:20","modified_gmt":"2026-05-16T13:07:20","slug":"400x160-110-tahrik-tekerlegi-50112525","status":"publish","type":"product","link":"https:\/\/ceoparts.com\/de\/urun\/400x160-110-tahrik-tekerlegi-50112525\/","title":{"rendered":"400&#215;160-110 8B Stellana Vulkollan Antriebsr\u00e4der &#8211; 50112525"},"content":{"rendered":"<p>400&#215;160-110 8B Stellana Vulkollan Antriebsr\u00e4der &#8211; 50112525<\/p>\n<div class=\"font12\">Jungheinrich 50112525\u00a0\u00a0 400&#215;150\/160&#215;110<\/div>\n<div class=\"font12\"><\/div>\n<div class=\"font12\">ETX-K 125\/150<br \/>\nKMS 125<br \/>\nETX AC 125<br \/>\nETX AC 125IF<br \/>\nETX AC 150\/AC 150 KH<br \/>\nETX AC 150SX<br \/>\nWA 13-15 MK 2 (STB)<br \/>\nWD 13-15 MK 4 (STB)<br \/>\nWK 13-15 MK 2 (STB)<br \/>\nEKX 513\/515K S\/F I<br \/>\nEKS 513\/515K\/L S\/F I ZG<br \/>\nETX 513\/515 S\/FI\/S<\/div>","protected":false},"excerpt":{"rendered":"<div>\n<p data-start=\"141\" data-end=\"1150\"><br data-start=\"2190\" data-end=\"2193\" \/>Das 400\u00d7160-110 8B Stellana Vulkollan Antriebsrad ist ein hochleistungsf\u00e4higes, schwer belastbares Rad, das f\u00fcr Gabelstapler und Hubwagen entwickelt wurde. Mit einem Durchmesser von 400 mm, einer Breite von 160 mm und einer Bohrung von 110 mm bietet es maximale Tragf\u00e4higkeit und Stabilit\u00e4t bei intensiven Materialtransportaufgaben. Die hochwertige Vulkollan-Beschichtung von Stellana gew\u00e4hrleistet hervorragende Best\u00e4ndigkeit gegen Abrieb, St\u00f6\u00dfe und Chemikalien. Dank des 8B-Befestigungssystems l\u00e4sst sich das Rad sicher und langlebig montieren. Ideal f\u00fcr industrielle Lager, Logistikzentren und Produktionsbereiche, bietet es eine langlebige, leise und vibrationsfreie Nutzung unter anspruchsvollen Bedingungen.<br data-start=\"2906\" data-end=\"2909\" \/><strong data-start=\"2909\" data-end=\"2927\">Eigenschaften:<\/strong><br data-start=\"2927\" data-end=\"2930\" \/><strong data-start=\"2930\" data-end=\"2946\">Produktname:<\/strong> 400\u00d7160-110 8B Stellana Vulkollan Antriebsrad<br data-start=\"2992\" data-end=\"2995\" \/><strong data-start=\"2995\" data-end=\"3011\">Teilenummer:<\/strong> 50112525<br data-start=\"3020\" data-end=\"3023\" \/><strong data-start=\"3023\" data-end=\"3036\">Material:<\/strong> Vulkollan (hochdichtes Polyurethan), Metallkern<br data-start=\"3084\" data-end=\"3087\" \/><strong data-start=\"3087\" data-end=\"3106\">Einsatzbereich:<\/strong> Gabelstapler, Schubmaststapler und Schwerlasttransportsysteme<br data-start=\"3168\" data-end=\"3171\" \/><strong data-start=\"3171\" data-end=\"3183\">Vorteil:<\/strong> Hohe Tragf\u00e4higkeit, Abrieb- und Chemikalienbest\u00e4ndigkeit, leiser und vibrationsfreier Lauf, lange Lebensdauer<\/p>\n<p data-start=\"3297\" data-end=\"4271\">\n","protected":false},"featured_media":11360,"template":"","meta":[],"product_brand":[],"product_cat":[418,236,239,416,193],"product_tag":[],"class_list":{"0":"post-7552","1":"product","2":"type-product","3":"status-publish","4":"has-post-thumbnail","6":"product_cat-yuruyus-tekeri-stellana","7":"product_cat-jungheinrich","8":"product_cat-yuruyus-tekeri-jungheinrich","9":"product_cat-stellana","10":"product_cat-yuruyus-tekeri","12":"first","13":"instock","14":"taxable","15":"shipping-taxable","16":"purchasable","17":"product-type-simple"},"_links":{"self":[{"href":"https:\/\/ceoparts.com\/de\/wp-json\/wp\/v2\/product\/7552","targetHints":{"allow":["GET"]}}],"collection":[{"href":"https:\/\/ceoparts.com\/de\/wp-json\/wp\/v2\/product"}],"about":[{"href":"https:\/\/ceoparts.com\/de\/wp-json\/wp\/v2\/types\/product"}],"wp:featuredmedia":[{"embeddable":true,"href":"https:\/\/ceoparts.com\/de\/wp-json\/wp\/v2\/media\/11360"}],"wp:attachment":[{"href":"https:\/\/ceoparts.com\/de\/wp-json\/wp\/v2\/media?parent=7552"}],"wp:term":[{"taxonomy":"product_brand","embeddable":true,"href":"https:\/\/ceoparts.com\/de\/wp-json\/wp\/v2\/product_brand?post=7552"},{"taxonomy":"product_cat","embeddable":true,"href":"https:\/\/ceoparts.com\/de\/wp-json\/wp\/v2\/product_cat?post=7552"},{"taxonomy":"product_tag","embeddable":true,"href":"https:\/\/ceoparts.com\/de\/wp-json\/wp\/v2\/product_tag?post=7552"}],"curies":[{"name":"wp","href":"https:\/\/api.w.org\/{rel}","templated":true}]}}