{"id":7711,"date":"2020-10-25T10:37:27","date_gmt":"2020-10-25T07:37:27","guid":{"rendered":"http:\/\/ceoparts.com\/?post_type=product&#038;p=7711"},"modified":"2026-05-16T18:14:59","modified_gmt":"2026-05-16T15:14:59","slug":"85x105-110-12-still-4401476","status":"publish","type":"product","link":"https:\/\/ceoparts.com\/de\/urun\/85x105-110-12-still-4401476\/","title":{"rendered":"85&#215;105\/110-12 Still Lastrad &#8211; 4401476 , 0039933604, 0039933649"},"content":{"rendered":"<p>85&#215;105\/110-12 Still Lastrad &#8211; 4401476 , 0039933604, 0039933649<\/p>\n<p><\/p>\n<table border=\"0\" width=\"410\" cellspacing=\"0\" cellpadding=\"0\">\n<colgroup>\n<col width=\"95\" \/>\n<col width=\"315\" \/><\/colgroup>\n<tbody>\n<tr>\n<td class=\"xl65\" width=\"95\" height=\"20\"><span style=\"font-family: Calibri;\">1151<\/span><\/td>\n<td class=\"xl65\" width=\"315\"><span style=\"font-family: Calibri;\">T16\/T16P\/T20\/T20P<\/span><\/td>\n<\/tr>\n<tr>\n<td class=\"xl65\" height=\"20\"><span style=\"font-family: Calibri;\">1152<\/span><\/td>\n<td class=\"xl65\"><span style=\"font-family: Calibri;\">T16\/T18\/T20\/T16L<\/span><\/td>\n<\/tr>\n<tr>\n<td class=\"xl65\" height=\"20\"><span style=\"font-family: Calibri;\">1158<\/span><\/td>\n<td class=\"xl65\"><span style=\"font-family: Calibri;\">T20AP-04\/T20SP<\/span><\/td>\n<\/tr>\n<tr>\n<td class=\"xl65\" height=\"20\"><span style=\"font-family: Calibri;\">131<\/span><\/td>\n<td class=\"xl65\"><span style=\"font-family: Calibri;\">T20AP\/T20SP<\/span><\/td>\n<\/tr>\n<tr>\n<td class=\"xl65\" height=\"20\"><span style=\"font-family: Calibri;\">131<\/span><\/td>\n<td class=\"xl65\"><span style=\"font-family: Calibri;\">L14\/16AS<\/span><\/td>\n<\/tr>\n<tr>\n<td class=\"xl65\" height=\"20\"><span style=\"font-family: Calibri;\">132<\/span><\/td>\n<td class=\"xl65\"><span style=\"font-family: Calibri;\">N20\/N24\/N20L\/N20LI<\/span><\/td>\n<\/tr>\n<tr>\n<td class=\"xl65\" height=\"20\"><span style=\"font-family: Calibri;\">140<\/span><\/td>\n<td class=\"xl65\"><span style=\"font-family: Calibri;\">T20R<\/span><\/td>\n<\/tr>\n<tr>\n<td class=\"xl65\" height=\"20\"><span style=\"font-family: Calibri;\">140<\/span><\/td>\n<td class=\"xl65\"><span style=\"font-family: Calibri;\">T20R<\/span><\/td>\n<\/tr>\n<tr>\n<td class=\"xl65\" height=\"20\"><span style=\"font-family: Calibri;\">141<\/span><\/td>\n<td class=\"xl65\"><span style=\"font-family: Calibri;\">T20AP<\/span><\/td>\n<\/tr>\n<tr>\n<td class=\"xl65\" height=\"20\"><span style=\"font-family: Calibri;\">141<\/span><\/td>\n<td class=\"xl65\"><span style=\"font-family: Calibri;\">T20AP<\/span><\/td>\n<\/tr>\n<tr>\n<td class=\"xl65\" height=\"20\"><span style=\"font-family: Calibri;\">141<\/span><\/td>\n<td class=\"xl65\"><span style=\"font-family: Calibri;\">T20AP<\/span><\/td>\n<\/tr>\n<tr>\n<td class=\"xl65\" height=\"20\"><span style=\"font-family: Calibri;\">141<\/span><\/td>\n<td class=\"xl65\"><span style=\"font-family: Calibri;\">T20AP<\/span><\/td>\n<\/tr>\n<tr>\n<td class=\"xl65\" height=\"20\"><span style=\"font-family: Calibri;\">141<\/span><\/td>\n<td class=\"xl65\"><span style=\"font-family: Calibri;\">T20\/30<\/span><\/td>\n<\/tr>\n<tr>\n<td class=\"xl65\" height=\"20\"><span style=\"font-family: Calibri;\">141<\/span><\/td>\n<td class=\"xl65\"><span style=\"font-family: Calibri;\">T20\/30<\/span><\/td>\n<\/tr>\n<tr>\n<td class=\"xl65\" height=\"20\"><span style=\"font-family: Calibri;\">144<\/span><\/td>\n<td class=\"xl65\"><span style=\"font-family: Calibri;\">T20S\/T20SF<\/span><\/td>\n<\/tr>\n<tr>\n<td class=\"xl65\" height=\"20\"><span style=\"font-family: Calibri;\">144<\/span><\/td>\n<td class=\"xl65\"><span style=\"font-family: Calibri;\">T20S\/T20SF<\/span><\/td>\n<\/tr>\n<tr>\n<td class=\"xl65\" height=\"20\"><span style=\"font-family: Calibri;\">149<\/span><\/td>\n<td class=\"xl65\"><span style=\"font-family: Calibri;\">N20\/N25\/N20L\/LI\/LX<\/span><\/td>\n<\/tr>\n<tr>\n<td class=\"xl65\" height=\"20\"><span style=\"font-family: Calibri;\">149<\/span><\/td>\n<td class=\"xl65\"><span style=\"font-family: Calibri;\">N20\/N25\/N20L\/LI\/LX<\/span><\/td>\n<\/tr>\n<tr>\n<td class=\"xl65\" height=\"20\"><span style=\"font-family: Calibri;\">360<\/span><\/td>\n<td class=\"xl65\"><span style=\"font-family: Calibri;\">T16\/T18\/T20<\/span><\/td>\n<\/tr>\n<tr>\n<td class=\"xl65\" height=\"20\"><span style=\"font-family: Calibri;\">360<\/span><\/td>\n<td class=\"xl65\"><span style=\"font-family: Calibri;\">T16\/T18\/T20<\/span><\/td>\n<\/tr>\n<tr>\n<td class=\"xl65\" height=\"20\"><span style=\"font-family: Calibri;\">360<\/span><\/td>\n<td class=\"xl65\"><span style=\"font-family: Calibri;\">T16\/T18\/T20\/T16L<\/span><\/td>\n<\/tr>\n<tr>\n<td class=\"xl65\" height=\"20\"><span style=\"font-family: Calibri;\">360<\/span><\/td>\n<td class=\"xl65\"><span style=\"font-family: Calibri;\">T16\/T18\/T20\/T16L<\/span><\/td>\n<\/tr>\n<\/tbody>\n<\/table>\n<p><\/p>","protected":false},"excerpt":{"rendered":"<p data-start=\"147\" data-end=\"1129\"><br data-start=\"2077\" data-end=\"2080\" \/>Das 85\u00d7105\/110-12 Still Lastenrad ist ein kompaktes und hochbelastbares Rad, speziell f\u00fcr Gabelstapler und Stapler konzipiert. Mit einer Breite von 85 mm, einem Durchmesser von 105\/110 mm und einer Bohrung von 12 mm bietet es sichere und stabile Man\u00f6vrierf\u00e4higkeit auf engstem Raum bei schweren Lastentransporten. Die hochwertige Polyurethanbeschichtung sorgt f\u00fcr hervorragende Best\u00e4ndigkeit gegen Abrieb und St\u00f6\u00dfe, w\u00e4hrend der robuste Metallkern auch bei intensiver Nutzung Verformungen minimiert. Ideal f\u00fcr den Einsatz in Still Maschinen, bietet es eine leise, langlebige und zuverl\u00e4ssige L\u00f6sung f\u00fcr Lager- und Produktionsumgebungen.<br data-start=\"2715\" data-end=\"2718\" \/><strong data-start=\"2718\" data-end=\"2736\">Eigenschaften:<\/strong><br data-start=\"2736\" data-end=\"2739\" \/><strong data-start=\"2739\" data-end=\"2755\">Produktname:<\/strong> 85\u00d7105\/110-12 Still Lastenrad<br data-start=\"2785\" data-end=\"2788\" \/><strong data-start=\"2788\" data-end=\"2805\">Teilenummern:<\/strong> 4401476, 0039933604, 0039933649<br data-start=\"2837\" data-end=\"2840\" \/><strong data-start=\"2840\" data-end=\"2853\">Material:<\/strong> Polyurethanbeschichtung, Metallkern<br data-start=\"2889\" data-end=\"2892\" \/><strong data-start=\"2892\" data-end=\"2911\">Einsatzbereich:<\/strong> Still Gabelstapler und Stapler<br data-start=\"2942\" data-end=\"2945\" \/><strong data-start=\"2945\" data-end=\"2957\">Vorteil:<\/strong> Hohe Tragf\u00e4higkeit, stabile und leise Man\u00f6vrierbarkeit auf engem Raum, lange Lebensdauer, abrieb- und chemikalienbest\u00e4ndig<\/p>\n<p data-start=\"3084\" data-end=\"4096\">\n","protected":false},"featured_media":15421,"template":"","meta":[],"product_brand":[],"product_cat":[241,243,400],"product_tag":[],"class_list":{"0":"post-7711","1":"product","2":"type-product","3":"status-publish","4":"has-post-thumbnail","6":"product_cat-still","7":"product_cat-catal-tekeri-still","8":"product_cat-catal-tekeri","10":"first","11":"instock","12":"taxable","13":"shipping-taxable","14":"purchasable","15":"product-type-simple"},"_links":{"self":[{"href":"https:\/\/ceoparts.com\/de\/wp-json\/wp\/v2\/product\/7711","targetHints":{"allow":["GET"]}}],"collection":[{"href":"https:\/\/ceoparts.com\/de\/wp-json\/wp\/v2\/product"}],"about":[{"href":"https:\/\/ceoparts.com\/de\/wp-json\/wp\/v2\/types\/product"}],"wp:featuredmedia":[{"embeddable":true,"href":"https:\/\/ceoparts.com\/de\/wp-json\/wp\/v2\/media\/15421"}],"wp:attachment":[{"href":"https:\/\/ceoparts.com\/de\/wp-json\/wp\/v2\/media?parent=7711"}],"wp:term":[{"taxonomy":"product_brand","embeddable":true,"href":"https:\/\/ceoparts.com\/de\/wp-json\/wp\/v2\/product_brand?post=7711"},{"taxonomy":"product_cat","embeddable":true,"href":"https:\/\/ceoparts.com\/de\/wp-json\/wp\/v2\/product_cat?post=7711"},{"taxonomy":"product_tag","embeddable":true,"href":"https:\/\/ceoparts.com\/de\/wp-json\/wp\/v2\/product_tag?post=7711"}],"curies":[{"name":"wp","href":"https:\/\/api.w.org\/{rel}","templated":true}]}}