{"id":7740,"date":"2020-10-25T19:15:50","date_gmt":"2020-10-25T16:15:50","guid":{"rendered":"http:\/\/ceoparts.com\/?post_type=product&#038;p=7740"},"modified":"2026-05-16T17:28:26","modified_gmt":"2026-05-16T14:28:26","slug":"150x50-60-20-wicke-4498976","status":"publish","type":"product","link":"https:\/\/ceoparts.com\/de\/urun\/150x50-60-20-wicke-4498976\/","title":{"rendered":"150&#215;50\/60-20 Wicke Ausgleichsrad &#8211; 4498976, 4414979, 4412343"},"content":{"rendered":"<p>150&#215;50\/60-20 Wicke Ausgleichsrad &#8211; 4498976, 4414979, 4412343<\/p>\n<p>STILL 4498976, 412343<\/p>\n<p>CX 20 \/711044\/01-07<br \/>\nCXM 10 \/711045\/01-07<br \/>\nCXS 16 \/711046\/01-07<br \/>\nEGD 16 \/710219\/01-07<br \/>\nEGD-S 16\/710219\/06-06<br \/>\nEGU-S 20-24\/II N 710124010323-710126010306\/01-07<br \/>\nEGV 10-12\/710239-710241\/01-07<br \/>\nEGV 10-12\/710240-710242\/01-07<br \/>\nEGV 14\/16-710248\/710250<br \/>\nEGV-S 710210\/710211\/05-95<\/p>\n<p>Crown WE\/WS2300, WE\/WS 2000<\/p>","protected":false},"excerpt":{"rendered":"<p data-start=\"140\" data-end=\"924\"><br data-start=\"1721\" data-end=\"1724\" \/>Das 150\u00d750\/60-20 Wicke Ausgleichsrad ist ein hochwertiges Ausgleichsrad, das f\u00fcr Gabelstapler und Stapelmaschinen entwickelt wurde. Mit einem Durchmesser von 150 mm und einer Breite von 50\/60 mm erh\u00f6ht es die Maschinenstabilit\u00e4t und verhindert Stabilit\u00e4tsverluste beim Lastentransport und Man\u00f6vrieren. Hergestellt aus langlebigen Wicke-Materialien, gew\u00e4hrleistet es eine lange Lebensdauer. Die Polyurethanbeschichtung bietet Verschlei\u00df- und Chemikalienbest\u00e4ndigkeit. Ideal f\u00fcr einen leisen und sicheren Betrieb in Lager-, Logistik- und Industrieumgebungen.<br data-start=\"2280\" data-end=\"2283\" \/><strong data-start=\"2283\" data-end=\"2301\">Eigenschaften:<\/strong><br data-start=\"2301\" data-end=\"2304\" \/><strong data-start=\"2304\" data-end=\"2320\">Produktname:<\/strong> 150\u00d750\/60-20 Wicke Ausgleichsrad<br data-start=\"2353\" data-end=\"2356\" \/><strong data-start=\"2356\" data-end=\"2373\">Teilenummern:<\/strong> 4498976, 4414979, 4412343<br data-start=\"2399\" data-end=\"2402\" \/><strong data-start=\"2402\" data-end=\"2415\">Material:<\/strong> Polyurethanbeschichtung, Metallkern<br data-start=\"2451\" data-end=\"2454\" \/><strong data-start=\"2454\" data-end=\"2473\">Einsatzbereich:<\/strong> Gabelstapler und Stapelmaschinen<br data-start=\"2506\" data-end=\"2509\" \/><strong data-start=\"2509\" data-end=\"2521\">Vorteil:<\/strong> Hohe Verschlei\u00dffestigkeit, verbesserte Stabilit\u00e4t, leiser Betrieb, lange Lebensdauer<\/p>\n<p data-start=\"2610\" data-end=\"3480\">\n","protected":false},"featured_media":11570,"template":"","meta":[],"product_brand":[],"product_cat":[241,242,272,273,401,403,185],"product_tag":[],"class_list":{"0":"post-7740","1":"product","2":"type-product","3":"status-publish","4":"has-post-thumbnail","6":"product_cat-still","7":"product_cat-denge-tekeri-still","8":"product_cat-crown","9":"product_cat-denge-tekeri-crown","10":"product_cat-wicke","11":"product_cat-denge-tekeri-wicke","12":"product_cat-denge-tekeri","14":"first","15":"instock","16":"taxable","17":"shipping-taxable","18":"purchasable","19":"product-type-simple"},"_links":{"self":[{"href":"https:\/\/ceoparts.com\/de\/wp-json\/wp\/v2\/product\/7740","targetHints":{"allow":["GET"]}}],"collection":[{"href":"https:\/\/ceoparts.com\/de\/wp-json\/wp\/v2\/product"}],"about":[{"href":"https:\/\/ceoparts.com\/de\/wp-json\/wp\/v2\/types\/product"}],"wp:featuredmedia":[{"embeddable":true,"href":"https:\/\/ceoparts.com\/de\/wp-json\/wp\/v2\/media\/11570"}],"wp:attachment":[{"href":"https:\/\/ceoparts.com\/de\/wp-json\/wp\/v2\/media?parent=7740"}],"wp:term":[{"taxonomy":"product_brand","embeddable":true,"href":"https:\/\/ceoparts.com\/de\/wp-json\/wp\/v2\/product_brand?post=7740"},{"taxonomy":"product_cat","embeddable":true,"href":"https:\/\/ceoparts.com\/de\/wp-json\/wp\/v2\/product_cat?post=7740"},{"taxonomy":"product_tag","embeddable":true,"href":"https:\/\/ceoparts.com\/de\/wp-json\/wp\/v2\/product_tag?post=7740"}],"curies":[{"name":"wp","href":"https:\/\/api.w.org\/{rel}","templated":true}]}}