{"id":7849,"date":"2020-10-26T19:45:34","date_gmt":"2020-10-26T16:45:34","guid":{"rendered":"https:\/\/ceoparts.com\/?post_type=product&#038;p=7849"},"modified":"2026-05-16T13:34:02","modified_gmt":"2026-05-16T10:34:02","slug":"350x127-80-160-7b-bt-162602","status":"publish","type":"product","link":"https:\/\/ceoparts.com\/de\/urun\/350x127-80-160-7b-bt-162602\/","title":{"rendered":"350&#215;127-80 Wicke Vulkollan Antriebsr\u00e4der &#8211; 162602 , 220403"},"content":{"rendered":"<p>350&#215;127-80 Wicke Vulkollan Antriebsr\u00e4der &#8211; 162602 , 220403<\/p>\n<div class=\"font12\">C15 Vector<br \/>\nVCE 125ACSF<br \/>\nVCE 125ASF<br \/>\nVCE 150A<br \/>\nVCE 150AC<br \/>\nFR 2.7 FREFLAX AC<br \/>\nFRE 270<br \/>\nRR B4-B6 REFLEX AC<br \/>\nRR B4-B6 REFLEX DC<br \/>\nRR B4CC-6CC<br \/>\nRR B5-B6 REFLEX AC<br \/>\nRR B6<br \/>\nRR B7<br \/>\nRR B7-B8 REFLEX AC<br \/>\nRR B7-B8 REFLEX DC<br \/>\nRR B7CC-8CC<br \/>\nRR E4-E6 REFLEX AC<br \/>\nRR E4-E6 REFLEX DC<br \/>\nRR E4CC-E6CC<br \/>\nRR E5-E6 REFLEX AC<br \/>\nRR E6<br \/>\nRR E7<br \/>\nRR E7-E8 REFLEX AC<br \/>\nRR E7-E8 REFLEX DC<br \/>\nRR E7CC-E8CC<br \/>\nVR C<br \/>\nVR SF<br \/>\nVR SF C<br \/>\nVR VEFLEX<\/div>\n<div class=\"font12\"><\/div>\n<div class=\"font12\">RRE140\/E<br \/>\nRRE160\/E<br \/>\nRRE180\/E<br \/>\nRRE200\/E<br \/>\nRRE250\/<\/div>","protected":false},"excerpt":{"rendered":"<div>\n<p data-start=\"139\" data-end=\"1027\"><br data-start=\"1912\" data-end=\"1915\" \/>Das 350\u00d7127-80 Wicke Vulkollan Antriebsrad ist ein langlebiges Rad f\u00fcr Gabelstapler und industrielle Handhabungsger\u00e4te. Die Vulkollan-Beschichtung bietet hohe Abriebfestigkeit und ausgezeichnete Tragf\u00e4higkeit. Mit einem Durchmesser von 350 mm und einer Breite von 127 mm sorgt es f\u00fcr eine gro\u00dfe Kontaktfl\u00e4che, die die Stabilit\u00e4t der Ausr\u00fcstung erh\u00f6ht und Vibrationen reduziert. Das Rad ist chemikalienbest\u00e4ndig und gew\u00e4hrleistet einen langlebigen und leisen Betrieb in Lagerh\u00e4usern, Logistikzentren und Produktionsumgebungen. Es ist eine ideale Wahl, die den Bedienkomfort in den Vordergrund stellt.<br data-start=\"2514\" data-end=\"2517\" \/><strong data-start=\"2517\" data-end=\"2535\">Eigenschaften:<\/strong><br data-start=\"2535\" data-end=\"2538\" \/><strong data-start=\"2538\" data-end=\"2554\">Produktname:<\/strong> 350\u00d7127-80 Wicke Vulkollan Antriebsrad<br data-start=\"2593\" data-end=\"2596\" \/><strong data-start=\"2596\" data-end=\"2613\">Teilenummern:<\/strong> 162602, 220403<br data-start=\"2628\" data-end=\"2631\" \/><strong data-start=\"2631\" data-end=\"2644\">Material:<\/strong> Vulkollan-Beschichtung, Metallkern<br data-start=\"2679\" data-end=\"2682\" \/><strong data-start=\"2682\" data-end=\"2701\">Einsatzbereich:<\/strong> Gabelstapler und industrielle Handhabungsger\u00e4te<br data-start=\"2749\" data-end=\"2752\" \/><strong data-start=\"2752\" data-end=\"2764\">Vorteil:<\/strong> Hohe Abriebfestigkeit, gro\u00dfe Kontaktfl\u00e4che, Vibrationsminderung, Chemikalienbest\u00e4ndigkeit, lange Lebensdauer<\/p>\n<p data-start=\"2877\" data-end=\"3794\">\n","protected":false},"featured_media":11330,"template":"","meta":[],"product_brand":[],"product_cat":[251,254,401,404,193],"product_tag":[],"class_list":{"0":"post-7849","1":"product","2":"type-product","3":"status-publish","4":"has-post-thumbnail","6":"product_cat-bt","7":"product_cat-yuruyus-tekeri-bt","8":"product_cat-wicke","9":"product_cat-yuruyus-tekeri-wicke","10":"product_cat-yuruyus-tekeri","12":"first","13":"instock","14":"taxable","15":"shipping-taxable","16":"purchasable","17":"product-type-simple"},"_links":{"self":[{"href":"https:\/\/ceoparts.com\/de\/wp-json\/wp\/v2\/product\/7849","targetHints":{"allow":["GET"]}}],"collection":[{"href":"https:\/\/ceoparts.com\/de\/wp-json\/wp\/v2\/product"}],"about":[{"href":"https:\/\/ceoparts.com\/de\/wp-json\/wp\/v2\/types\/product"}],"wp:featuredmedia":[{"embeddable":true,"href":"https:\/\/ceoparts.com\/de\/wp-json\/wp\/v2\/media\/11330"}],"wp:attachment":[{"href":"https:\/\/ceoparts.com\/de\/wp-json\/wp\/v2\/media?parent=7849"}],"wp:term":[{"taxonomy":"product_brand","embeddable":true,"href":"https:\/\/ceoparts.com\/de\/wp-json\/wp\/v2\/product_brand?post=7849"},{"taxonomy":"product_cat","embeddable":true,"href":"https:\/\/ceoparts.com\/de\/wp-json\/wp\/v2\/product_cat?post=7849"},{"taxonomy":"product_tag","embeddable":true,"href":"https:\/\/ceoparts.com\/de\/wp-json\/wp\/v2\/product_tag?post=7849"}],"curies":[{"name":"wp","href":"https:\/\/api.w.org\/{rel}","templated":true}]}}