{"id":8173,"date":"2021-01-21T01:23:48","date_gmt":"2021-01-20T22:23:48","guid":{"rendered":"https:\/\/ceoparts.com\/?post_type=product&#038;p=8173"},"modified":"2026-05-16T19:24:32","modified_gmt":"2026-05-16T16:24:32","slug":"230x75-80-6b-o14-still-4494268","status":"publish","type":"product","link":"https:\/\/ceoparts.com\/de\/urun\/230x75-80-6b-o14-still-4494268\/","title":{"rendered":"230&#215;75-80 Wicke Laufrolle -0009933848, 4494268, 0009903807"},"content":{"rendered":"<p>230&#215;75-80 Wicke Laufrolle -0009933848, 4494268, 0009903807<\/p>\n<p><span class=\"short_text\" lang=\"en\"><span class=\"hps\" title=\"Kliknij, aby wy\u015bwietli\u0107 alternatywne t\u0142umaczenia\">EGV-S 330221\/330222<br \/>\nEGV-S LB 330229\/330230<\/span><\/span><\/p>\n<p>YALE<\/p>\n<p>HYSTER<\/p>\n<p>OM PIMESPO, BR VESTERGAARD<\/p>\n<p>0009903807, 8494268, 4494268, 95309172, 50983508934, 129TA9068<\/p>","protected":false},"excerpt":{"rendered":"<p data-start=\"151\" data-end=\"662\"><br data-start=\"1904\" data-end=\"1907\" \/>Das <strong data-start=\"1911\" data-end=\"1942\">230\u00d775-80 Wicke Antriebsrad<\/strong> ist ein hochwertiges, langlebiges Rad, das im Antriebsmechanismus von Gabelstaplern und \u00e4hnlichen Industrie-Fahrzeugen verwendet wird. Es verf\u00fcgt \u00fcber einen robusten Metallkern mit einer verschlei\u00dffesten Gummi- oder Polyurethanbeschichtung. Die breite Oberfl\u00e4che gew\u00e4hrleistet eine gleichm\u00e4\u00dfige und sichere Lastaufnahme. Es reduziert Vibrationen und bietet einen leisen und komfortablen Betrieb. Dieses leistungsstarke Antriebsrad ist ideal f\u00fcr den langanhaltenden Einsatz unter anspruchsvollen Bedingungen.<\/p>\n<p data-start=\"2452\" data-end=\"2869\"><strong data-start=\"2452\" data-end=\"2469\">Eigenschaften<\/strong><br data-start=\"2469\" data-end=\"2472\" \/><strong data-start=\"2472\" data-end=\"2488\">Produktname:<\/strong> 230\u00d775-80 Wicke Antriebsrad<br data-start=\"2516\" data-end=\"2519\" \/><strong data-start=\"2519\" data-end=\"2536\">Teilenummern:<\/strong> 0009933848, 4494268, 0009903807<br data-start=\"2568\" data-end=\"2571\" \/><strong data-start=\"2571\" data-end=\"2584\">Material:<\/strong> Robuster Metallkern, verschlei\u00dffeste Gummi- oder Polyurethanbeschichtung<br data-start=\"2657\" data-end=\"2660\" \/><strong data-start=\"2660\" data-end=\"2682\">Anwendungsbereich:<\/strong> Antriebsmechanismen f\u00fcr Gabelstapler und Industrie-Fahrzeuge<br data-start=\"2743\" data-end=\"2746\" \/><strong data-start=\"2746\" data-end=\"2758\">Vorteil:<\/strong> Gleichm\u00e4\u00dfige Lastaufnahme, Vibrationsreduzierung, leiser Betrieb, lange Lebensdauer, langlebige Konstruktion<\/p>\n<hr data-start=\"2871\" data-end=\"2874\" \/>\n<p data-start=\"2876\" data-end=\"3383\">\n","protected":false},"featured_media":11227,"template":"","meta":[],"product_brand":[],"product_cat":[256,260,401,404,193],"product_tag":[],"class_list":{"0":"post-8173","1":"product","2":"type-product","3":"status-publish","4":"has-post-thumbnail","6":"product_cat-hyster","7":"product_cat-yuruyus-tekeri-hyster","8":"product_cat-wicke","9":"product_cat-yuruyus-tekeri-wicke","10":"product_cat-yuruyus-tekeri","12":"first","13":"instock","14":"taxable","15":"shipping-taxable","16":"purchasable","17":"product-type-simple"},"_links":{"self":[{"href":"https:\/\/ceoparts.com\/de\/wp-json\/wp\/v2\/product\/8173","targetHints":{"allow":["GET"]}}],"collection":[{"href":"https:\/\/ceoparts.com\/de\/wp-json\/wp\/v2\/product"}],"about":[{"href":"https:\/\/ceoparts.com\/de\/wp-json\/wp\/v2\/types\/product"}],"wp:featuredmedia":[{"embeddable":true,"href":"https:\/\/ceoparts.com\/de\/wp-json\/wp\/v2\/media\/11227"}],"wp:attachment":[{"href":"https:\/\/ceoparts.com\/de\/wp-json\/wp\/v2\/media?parent=8173"}],"wp:term":[{"taxonomy":"product_brand","embeddable":true,"href":"https:\/\/ceoparts.com\/de\/wp-json\/wp\/v2\/product_brand?post=8173"},{"taxonomy":"product_cat","embeddable":true,"href":"https:\/\/ceoparts.com\/de\/wp-json\/wp\/v2\/product_cat?post=8173"},{"taxonomy":"product_tag","embeddable":true,"href":"https:\/\/ceoparts.com\/de\/wp-json\/wp\/v2\/product_tag?post=8173"}],"curies":[{"name":"wp","href":"https:\/\/api.w.org\/{rel}","templated":true}]}}