{"id":8350,"date":"2021-02-14T21:22:15","date_gmt":"2021-02-14T18:22:15","guid":{"rendered":"https:\/\/ceoparts.com\/?post_type=product&#038;p=8350"},"modified":"2026-05-16T20:33:15","modified_gmt":"2026-05-16T17:33:15","slug":"rll-003","status":"publish","type":"product","link":"https:\/\/ceoparts.com\/de\/urun\/rll-003\/","title":{"rendered":"70&#215;60\/60-20 Ceoparts Lastrad"},"content":{"rendered":"<p>70&#215;60\/60-20 Ceoparts Lastrad<\/p>\n<p>70&#215;60\/60-20 Ceoparts Lastrad<\/p>\n<p>70&#215;60\/60-20 Ceoparts Lastrad<\/p>\n<p>70&#215;60\/60-20 Ceoparts Lastrad<\/p>\n<p>70&#215;60\/60-20 Ceoparts Lastrad<\/p>\n<p>70&#215;60\/60-20 Ceoparts Lastrad<\/p>","protected":false},"excerpt":{"rendered":"<p data-start=\"103\" data-end=\"583\"><br data-start=\"1821\" data-end=\"1824\" \/>Die <strong data-start=\"1828\" data-end=\"1862\">70\u00d760\/60-20 Ceoparts Lastrolle<\/strong> ist eine hochwertige und langlebige Rolle, die f\u00fcr Gabelstapler und Lagertechnik entwickelt wurde. Sie verf\u00fcgt \u00fcber einen robusten Metallkern und eine verschlei\u00dffeste Polyurethan- oder Gummibeschichtung f\u00fcr eine lange Lebensdauer. Die breite Kontaktfl\u00e4che sorgt f\u00fcr eine gleichm\u00e4\u00dfige Lastverteilung und erm\u00f6glicht einen stabilen, leisen und vibrationsfreien Betrieb. Das kompakte Design bietet eine einfache Man\u00f6vrierbarkeit in engen Bereichen und eine einfache Montage, was sie ideal f\u00fcr den Industrieeinsatz macht.<\/p>\n<p data-start=\"2381\" data-end=\"2773\"><strong data-start=\"2381\" data-end=\"2398\">Eigenschaften<\/strong><br data-start=\"2398\" data-end=\"2401\" \/><strong data-start=\"2401\" data-end=\"2417\">Produktname:<\/strong> 70\u00d760\/60-20 Ceoparts Lastrolle<br data-start=\"2448\" data-end=\"2451\" \/><strong data-start=\"2451\" data-end=\"2467\">Teilenummer:<\/strong> &#8211;<br data-start=\"2469\" data-end=\"2472\" \/><strong data-start=\"2472\" data-end=\"2485\">Material:<\/strong> Robuster Metallkern, verschlei\u00dffeste Polyurethan- oder Gummibeschichtung<br data-start=\"2558\" data-end=\"2561\" \/><strong data-start=\"2561\" data-end=\"2583\">Anwendungsbereich:<\/strong> Tragf\u00e4hige Systeme f\u00fcr Gabelstapler und Lagertechnik<br data-start=\"2636\" data-end=\"2639\" \/><strong data-start=\"2639\" data-end=\"2651\">Vorteil:<\/strong> Gleichm\u00e4\u00dfige Lastverteilung, leiser und vibrationsfreier Betrieb, lange Lebensdauer, kompaktes Design, einfache Montage<\/p>\n<hr data-start=\"2775\" data-end=\"2778\" \/>\n<p data-start=\"2780\" data-end=\"3318\">\n","protected":false},"featured_media":15527,"template":"","meta":[],"product_brand":[],"product_cat":[539,540],"product_tag":[],"class_list":{"0":"post-8350","1":"product","2":"type-product","3":"status-publish","4":"has-post-thumbnail","6":"product_cat-transpalet-tekeri","7":"product_cat-poliuretan-transpalet-tekeri","9":"first","10":"instock","11":"taxable","12":"shipping-taxable","13":"purchasable","14":"product-type-simple"},"_links":{"self":[{"href":"https:\/\/ceoparts.com\/de\/wp-json\/wp\/v2\/product\/8350","targetHints":{"allow":["GET"]}}],"collection":[{"href":"https:\/\/ceoparts.com\/de\/wp-json\/wp\/v2\/product"}],"about":[{"href":"https:\/\/ceoparts.com\/de\/wp-json\/wp\/v2\/types\/product"}],"wp:featuredmedia":[{"embeddable":true,"href":"https:\/\/ceoparts.com\/de\/wp-json\/wp\/v2\/media\/15527"}],"wp:attachment":[{"href":"https:\/\/ceoparts.com\/de\/wp-json\/wp\/v2\/media?parent=8350"}],"wp:term":[{"taxonomy":"product_brand","embeddable":true,"href":"https:\/\/ceoparts.com\/de\/wp-json\/wp\/v2\/product_brand?post=8350"},{"taxonomy":"product_cat","embeddable":true,"href":"https:\/\/ceoparts.com\/de\/wp-json\/wp\/v2\/product_cat?post=8350"},{"taxonomy":"product_tag","embeddable":true,"href":"https:\/\/ceoparts.com\/de\/wp-json\/wp\/v2\/product_tag?post=8350"}],"curies":[{"name":"wp","href":"https:\/\/api.w.org\/{rel}","templated":true}]}}