{"id":8352,"date":"2021-02-14T21:25:20","date_gmt":"2021-02-14T18:25:20","guid":{"rendered":"https:\/\/ceoparts.com\/?post_type=product&#038;p=8352"},"modified":"2026-05-16T21:00:49","modified_gmt":"2026-05-16T18:00:49","slug":"77x70-75-125-yuk-tekeri","status":"publish","type":"product","link":"https:\/\/ceoparts.com\/de\/urun\/77x70-75-125-yuk-tekeri\/","title":{"rendered":"77&#215;70\/75-12,5 Ceoparts Lastrad &#8211; 51026483"},"content":{"rendered":"<p>77&#215;70\/75-12,5 Ceoparts Lastrad &#8211; 51026483<\/p>\n<p>77&#215;70\/75-12,5 Ceoparts Lastrad &#8211; 51026483<\/p>\n<p>77&#215;70\/75-12,5 Ceoparts Lastrad &#8211; 51026483<\/p>\n<p>77&#215;70\/75-12,5 Ceoparts Lastrad &#8211; 51026483<\/p>\n<table border=\"0\" width=\"264\" cellspacing=\"0\" cellpadding=\"0\">\n<colgroup>\n<col width=\"166\" \/>\n<col width=\"98\" \/><\/colgroup>\n<tbody>\n<tr>\n<td width=\"166\" height=\"19\"><span style=\"font-family: Calibri;\">EMC 110 (US)<\/span><\/td>\n<td width=\"98\"><span style=\"font-family: Calibri;\">3.09 &#8211;\u00a0<\/span><\/td>\n<\/tr>\n<tr>\n<td height=\"19\"><span style=\"font-family: Calibri;\">EMC 110<\/span><\/td>\n<td><span style=\"font-family: Calibri;\">3.09 &#8211;\u00a0<\/span><\/td>\n<\/tr>\n<tr>\n<td height=\"19\"><span style=\"font-family: Calibri;\">PWF11<\/span><\/td>\n<td><span style=\"font-family: Calibri;\">3.09 &#8211;\u00a0<\/span><\/td>\n<\/tr>\n<tr>\n<td height=\"19\"><span style=\"font-family: Calibri;\">EMC 110 (2SF2200)<\/span><\/td>\n<td><span style=\"font-family: Calibri;\">3.09 &#8211; 3.10<\/span><\/td>\n<\/tr>\n<tr>\n<td height=\"19\"><span style=\"font-family: Calibri;\">EMC B10<\/span><\/td>\n<td><span style=\"font-family: Calibri;\">3.09 &#8211;\u00a0<\/span><\/td>\n<\/tr>\n<tr>\n<td height=\"19\"><span style=\"font-family: Calibri;\">EMC B10 (US)<\/span><\/td>\n<td><span style=\"font-family: Calibri;\">3.09 &#8211;\u00a0<\/span><\/td>\n<\/tr>\n<tr>\n<td height=\"19\"><span style=\"font-family: Calibri;\">PWT11<\/span><\/td>\n<td><span style=\"font-family: Calibri;\">3.09 &#8211;\u00a0<\/span><\/td>\n<\/tr>\n<tr>\n<td height=\"19\"><span style=\"font-family: Calibri;\">EMC B10 (2SS2200)<\/span><\/td>\n<td><span style=\"font-family: Calibri;\">3.09 &#8211;\u00a0<\/span><\/td>\n<\/tr>\n<tr>\n<td height=\"19\"><span style=\"font-family: Calibri;\">EJC 110\/112\/212<\/span><\/td>\n<td><span style=\"font-family: Calibri;\">8.11 &#8211; 9.19<\/span><\/td>\n<\/tr>\n<tr>\n<td height=\"19\"><span style=\"font-family: Calibri;\">EMC 105\/110\/B10<\/span><\/td>\n<td><span style=\"font-family: Calibri;\">11.14 &#8211;\u00a0<\/span><\/td>\n<\/tr>\n<tr>\n<td height=\"19\"><span style=\"font-family: Calibri;\">PWF11\/PWT11<\/span><\/td>\n<td><span style=\"font-family: Calibri;\">11.14 &#8211;\u00a0<\/span><\/td>\n<\/tr>\n<tr>\n<td height=\"19\"><span style=\"font-family: Calibri;\">EMC 105\/110\/B10 US<\/span><\/td>\n<td><span style=\"font-family: Calibri;\">11.14 &#8211;\u00a0<\/span><\/td>\n<\/tr>\n<tr>\n<td height=\"19\"><span style=\"font-family: Calibri;\">EMC 110\/B10<\/span><\/td>\n<td><span style=\"font-family: Calibri;\">11.14 &#8211;\u00a0<\/span><\/td>\n<\/tr>\n<tr>\n<td height=\"19\"><span style=\"font-family: Calibri;\">EJD 118\/120\/ EMD 118<\/span><\/td>\n<td><span style=\"font-family: Calibri;\">10.15 &#8211;\u00a0<\/span><\/td>\n<\/tr>\n<tr>\n<td height=\"19\"><span style=\"font-family: Calibri;\">EMD 115i<\/span><\/td>\n<td><span style=\"font-family: Calibri;\">7.16 &#8211;\u00a0<\/span><\/td>\n<\/tr>\n<tr>\n<td height=\"19\"><span style=\"font-family: Calibri;\">EJC 110\/112<\/span><\/td>\n<td><span style=\"font-family: Calibri;\">9.19 &#8211;\u00a0<\/span><\/td>\n<\/tr>\n<\/tbody>\n<\/table>\n<p><\/p>","protected":false},"excerpt":{"rendered":"<p data-start=\"116\" data-end=\"634\"><br data-start=\"1902\" data-end=\"1905\" \/>Die <strong data-start=\"1909\" data-end=\"1945\">77\u00d770\/75-12,5 Ceoparts Lastrolle<\/strong> ist eine langlebige und leistungsstarke Rolle, die speziell f\u00fcr Gabelstapler und Lagertechnik entwickelt wurde. Sie verf\u00fcgt \u00fcber einen robusten Metallkern und eine verschlei\u00dffeste Polyurethan- oder Gummibeschichtung f\u00fcr eine lange Lebensdauer. Die breite Aufstandsfl\u00e4che sorgt f\u00fcr eine gleichm\u00e4\u00dfige Lastverteilung und erm\u00f6glicht einen stabilen, leisen und vibrationsfreien Betrieb. Das kompakte Design erm\u00f6glicht eine einfache Man\u00f6vrierbarkeit in engen Bereichen und eine einfache Montage. F\u00fcr industrielle Umgebungen geeignet.<\/p>\n<p data-start=\"2475\" data-end=\"2876\"><strong data-start=\"2475\" data-end=\"2492\">Eigenschaften<\/strong><br data-start=\"2492\" data-end=\"2495\" \/><strong data-start=\"2495\" data-end=\"2511\">Produktname:<\/strong> 77\u00d770\/75-12,5 Ceoparts Lastrolle<br data-start=\"2544\" data-end=\"2547\" \/><strong data-start=\"2547\" data-end=\"2563\">Teilenummer:<\/strong> 51026483<br data-start=\"2572\" data-end=\"2575\" \/><strong data-start=\"2575\" data-end=\"2588\">Material:<\/strong> Robuster Metallkern, verschlei\u00dffeste Polyurethan- oder Gummibeschichtung<br data-start=\"2661\" data-end=\"2664\" \/><strong data-start=\"2664\" data-end=\"2686\">Anwendungsbereich:<\/strong> Tragf\u00e4hige Systeme f\u00fcr Gabelstapler und Lagertechnik<br data-start=\"2739\" data-end=\"2742\" \/><strong data-start=\"2742\" data-end=\"2754\">Vorteil:<\/strong> Gleichm\u00e4\u00dfige Lastverteilung, leiser und vibrationsfreier Betrieb, lange Lebensdauer, kompaktes Design, einfache Montage<\/p>\n<hr data-start=\"2878\" data-end=\"2881\" \/>\n<p data-start=\"2883\" data-end=\"3429\">\n","protected":false},"featured_media":15530,"template":"","meta":[],"product_brand":[],"product_cat":[539,540],"product_tag":[],"class_list":{"0":"post-8352","1":"product","2":"type-product","3":"status-publish","4":"has-post-thumbnail","6":"product_cat-transpalet-tekeri","7":"product_cat-poliuretan-transpalet-tekeri","9":"first","10":"instock","11":"taxable","12":"shipping-taxable","13":"purchasable","14":"product-type-simple"},"_links":{"self":[{"href":"https:\/\/ceoparts.com\/de\/wp-json\/wp\/v2\/product\/8352","targetHints":{"allow":["GET"]}}],"collection":[{"href":"https:\/\/ceoparts.com\/de\/wp-json\/wp\/v2\/product"}],"about":[{"href":"https:\/\/ceoparts.com\/de\/wp-json\/wp\/v2\/types\/product"}],"wp:featuredmedia":[{"embeddable":true,"href":"https:\/\/ceoparts.com\/de\/wp-json\/wp\/v2\/media\/15530"}],"wp:attachment":[{"href":"https:\/\/ceoparts.com\/de\/wp-json\/wp\/v2\/media?parent=8352"}],"wp:term":[{"taxonomy":"product_brand","embeddable":true,"href":"https:\/\/ceoparts.com\/de\/wp-json\/wp\/v2\/product_brand?post=8352"},{"taxonomy":"product_cat","embeddable":true,"href":"https:\/\/ceoparts.com\/de\/wp-json\/wp\/v2\/product_cat?post=8352"},{"taxonomy":"product_tag","embeddable":true,"href":"https:\/\/ceoparts.com\/de\/wp-json\/wp\/v2\/product_tag?post=8352"}],"curies":[{"name":"wp","href":"https:\/\/api.w.org\/{rel}","templated":true}]}}