{"id":8353,"date":"2021-02-14T21:27:18","date_gmt":"2021-02-14T18:27:18","guid":{"rendered":"https:\/\/ceoparts.com\/?post_type=product&#038;p=8353"},"modified":"2026-05-16T13:29:32","modified_gmt":"2026-05-16T10:29:32","slug":"80x65-70-12-yuk-tekeri","status":"publish","type":"product","link":"https:\/\/ceoparts.com\/de\/urun\/80x65-70-12-yuk-tekeri\/","title":{"rendered":"80&#215;65\/70-12 Ceoparts Lastrad"},"content":{"rendered":"<p>80&#215;65\/70-12 Ceoparts Lastrad<\/p>","protected":false},"excerpt":{"rendered":"<p data-start=\"92\" data-end=\"617\"><br data-start=\"1922\" data-end=\"1925\" \/>Die <strong data-start=\"1929\" data-end=\"1963\">80\u00d765\/70-12 Ceoparts Lastrolle<\/strong> ist eine langlebige und hochwertige Rolle, die f\u00fcr Gabelstapler und Lagertechnik entwickelt wurde. Der robuste Metallkern und die verschlei\u00dffeste Polyurethan- oder Gummibeschichtung sorgen f\u00fcr eine lange Lebensdauer und bodenschonende Leistung. Die breite Aufstandsfl\u00e4che gew\u00e4hrleistet eine gleichm\u00e4\u00dfige Lastverteilung und tr\u00e4gt zu einem stabilen und leisen Betrieb bei. Das kompakte Design erm\u00f6glicht eine einfache Man\u00f6vrierf\u00e4higkeit in engen Bereichen und eine einfache Montage, was sie ideal f\u00fcr den Industrieeinsatz macht.<\/p>\n<p data-start=\"2492\" data-end=\"2919\"><strong data-start=\"2492\" data-end=\"2509\">Eigenschaften<\/strong><br data-start=\"2509\" data-end=\"2512\" \/><strong data-start=\"2512\" data-end=\"2528\">Produktname:<\/strong> 80\u00d765\/70-12 Ceoparts Lastrolle<br data-start=\"2559\" data-end=\"2562\" \/><strong data-start=\"2562\" data-end=\"2578\">Teilenummer:<\/strong> &#8211;<br data-start=\"2580\" data-end=\"2583\" \/><strong data-start=\"2583\" data-end=\"2596\">Material:<\/strong> Robuster Metallkern, verschlei\u00dffeste Polyurethan- oder Gummibeschichtung<br data-start=\"2669\" data-end=\"2672\" \/><strong data-start=\"2672\" data-end=\"2694\">Anwendungsbereich:<\/strong> Tragf\u00e4hige Systeme f\u00fcr Gabelstapler und Lagertechnik<br data-start=\"2747\" data-end=\"2750\" \/><strong data-start=\"2750\" data-end=\"2762\">Vorteil:<\/strong> Gleichm\u00e4\u00dfige Lastverteilung, leiser und vibrationsfreier Betrieb, lange Lebensdauer, bodenschonend, kompakte und langlebige Konstruktion, einfache Montage<\/p>\n<hr data-start=\"2921\" data-end=\"2924\" \/>\n<p data-start=\"2926\" data-end=\"3469\">\n","protected":false},"featured_media":15537,"template":"","meta":[],"product_brand":[],"product_cat":[398,400],"product_tag":[],"class_list":{"0":"post-8353","1":"product","2":"type-product","3":"status-publish","4":"has-post-thumbnail","6":"product_cat-catal-tekeri-ceo","7":"product_cat-catal-tekeri","9":"first","10":"instock","11":"taxable","12":"shipping-taxable","13":"purchasable","14":"product-type-simple"},"_links":{"self":[{"href":"https:\/\/ceoparts.com\/de\/wp-json\/wp\/v2\/product\/8353","targetHints":{"allow":["GET"]}}],"collection":[{"href":"https:\/\/ceoparts.com\/de\/wp-json\/wp\/v2\/product"}],"about":[{"href":"https:\/\/ceoparts.com\/de\/wp-json\/wp\/v2\/types\/product"}],"wp:featuredmedia":[{"embeddable":true,"href":"https:\/\/ceoparts.com\/de\/wp-json\/wp\/v2\/media\/15537"}],"wp:attachment":[{"href":"https:\/\/ceoparts.com\/de\/wp-json\/wp\/v2\/media?parent=8353"}],"wp:term":[{"taxonomy":"product_brand","embeddable":true,"href":"https:\/\/ceoparts.com\/de\/wp-json\/wp\/v2\/product_brand?post=8353"},{"taxonomy":"product_cat","embeddable":true,"href":"https:\/\/ceoparts.com\/de\/wp-json\/wp\/v2\/product_cat?post=8353"},{"taxonomy":"product_tag","embeddable":true,"href":"https:\/\/ceoparts.com\/de\/wp-json\/wp\/v2\/product_tag?post=8353"}],"curies":[{"name":"wp","href":"https:\/\/api.w.org\/{rel}","templated":true}]}}